{"id":26055,"date":"2024-01-10T18:44:06","date_gmt":"2024-01-10T16:44:06","guid":{"rendered":"http:\/\/localhost\/adnartLatest\/shop\/non%20class\u00e9\/set-asobu-moonshine-mjk16-set\/"},"modified":"2025-06-12T16:55:57","modified_gmt":"2025-06-12T14:55:57","slug":"asobu-moonshine-set-mjk16-set","status":"publish","type":"product","link":"https:\/\/dev.adnart.com\/fr\/produit\/asobu-moonshine-set-mjk16-set\/","title":{"rendered":"ASOBU Moonshine Set &#8211; MJK16 SET"},"content":{"rendered":"<p>Livr\u00e9 avec un isolateur en acier inoxydable isol\u00e9 sous vide&#8230; les boissons resteront glac\u00e9es pendant des heures ! Un couvercle anti-\u00e9claboussures avec paille en silicone emp\u00eache les d\u00e9bordements. Une poign\u00e9e facile \u00e0 saisir compl\u00e8te ce pot Mason indispensable. Frais et amusant &#8211; remplissez-le avec votre Moonshine pr\u00e9f\u00e9r\u00e9 ! Livr\u00e9 dans une bo\u00eete cadeau magn\u00e9tique avec une poign\u00e9e de transport. Impression du logo personnalis\u00e9 sur la bo\u00eete incluse !<\/p>\n","protected":false},"excerpt":{"rendered":"<p>Livr\u00e9 avec un isolateur en acier inoxydable isol\u00e9 sous vide&#8230; les boissons resteront glac\u00e9es pendant des heures ! Un couvercle<\/p>\n","protected":false},"featured_media":30358,"comment_status":"closed","ping_status":"closed","template":"","meta":{"inventory_464_copy":"<p>[api_inventory]<\/p>\n"},"product_brand":[],"product_cat":[1721,1723],"product_tag":[1775,2122,2135,1769,2592,1787,1577,2156,1737,2147,1823,371,2152,2129,1882,2593,2141,1738,1621,1606],"product-themes":[],"special":[],"class_list":{"0":"post-26055","1":"product","2":"type-product","3":"status-publish","4":"has-post-thumbnail","6":"product_cat-coffrets-cadeaux","7":"product_cat-coffrets-cadeaux-fr","8":"product_tag-barbecue-fr","9":"product_tag-bien-etre","10":"product_tag-bocal-mason","11":"product_tag-cocktail-fr","12":"product_tag-coffret-cadeau-fr","13":"product_tag-employe","14":"product_tag-froid","15":"product_tag-glace","16":"product_tag-hydrater","17":"product_tag-innovante","18":"product_tag-isolateur","19":"product_tag-isole","20":"product_tag-mule-fr","21":"product_tag-navire","22":"product_tag-nouvelle-annee","23":"product_tag-prix-fr","24":"product_tag-unique-fr","25":"product_tag-vacances-fr","26":"product_tag-vente-au-detail","27":"product_tag-verre","28":"pa_color-cuivre","29":"pa_color-gris","30":"pa_color-pourpre","31":"pa_color-rose","32":"pa_color-sarcelle","33":"pa_materials-verre","35":"first","36":"instock","37":"purchasable","38":"product-type-variable","39":"has-default-attributes"},"_links":{"self":[{"href":"https:\/\/dev.adnart.com\/fr\/wp-json\/wp\/v2\/product\/26055","targetHints":{"allow":["GET"]}}],"collection":[{"href":"https:\/\/dev.adnart.com\/fr\/wp-json\/wp\/v2\/product"}],"about":[{"href":"https:\/\/dev.adnart.com\/fr\/wp-json\/wp\/v2\/types\/product"}],"replies":[{"embeddable":true,"href":"https:\/\/dev.adnart.com\/fr\/wp-json\/wp\/v2\/comments?post=26055"}],"version-history":[{"count":1,"href":"https:\/\/dev.adnart.com\/fr\/wp-json\/wp\/v2\/product\/26055\/revisions"}],"predecessor-version":[{"id":30359,"href":"https:\/\/dev.adnart.com\/fr\/wp-json\/wp\/v2\/product\/26055\/revisions\/30359"}],"wp:featuredmedia":[{"embeddable":true,"href":"https:\/\/dev.adnart.com\/fr\/wp-json\/wp\/v2\/media\/30358"}],"wp:attachment":[{"href":"https:\/\/dev.adnart.com\/fr\/wp-json\/wp\/v2\/media?parent=26055"}],"wp:term":[{"taxonomy":"product_brand","embeddable":true,"href":"https:\/\/dev.adnart.com\/fr\/wp-json\/wp\/v2\/product_brand?post=26055"},{"taxonomy":"product_cat","embeddable":true,"href":"https:\/\/dev.adnart.com\/fr\/wp-json\/wp\/v2\/product_cat?post=26055"},{"taxonomy":"product_tag","embeddable":true,"href":"https:\/\/dev.adnart.com\/fr\/wp-json\/wp\/v2\/product_tag?post=26055"},{"taxonomy":"product-themes","embeddable":true,"href":"https:\/\/dev.adnart.com\/fr\/wp-json\/wp\/v2\/product-themes?post=26055"},{"taxonomy":"special","embeddable":true,"href":"https:\/\/dev.adnart.com\/fr\/wp-json\/wp\/v2\/special?post=26055"}],"curies":[{"name":"wp","href":"https:\/\/api.w.org\/{rel}","templated":true}]}}