{"id":26043,"date":"2024-01-10T18:41:11","date_gmt":"2024-01-10T16:41:11","guid":{"rendered":"http:\/\/localhost\/adnartLatest\/shop\/non%20class\u00e9\/mug-a-anse-c-jc108\/"},"modified":"2026-02-20T05:59:26","modified_gmt":"2026-02-20T03:59:26","slug":"12-oz-c-handle-mug-screen-printed-jc108-black","status":"publish","type":"product","link":"https:\/\/dev.adnart.com\/fr\/produit\/12-oz-c-handle-mug-screen-printed-jc108-black\/","title":{"rendered":"Mug \u00e0 anse &#8220;C&#8221; &#8211; JC108"},"content":{"rendered":"<p>Buvez une gorg\u00e9e de votre boisson pr\u00e9f\u00e9r\u00e9e avec familiarit\u00e9 et chaleur chaque fois que vous utilisez la tasse JC108. Fabriqu\u00e9 en c\u00e9ramique de haute qualit\u00e9, ce mug est con\u00e7u pour garder vos boissons chaudes tout en offrant une prise en main confortable gr\u00e2ce \u00e0 sa poign\u00e9e classique en forme de &#8220;C&#8221;. Que vous preniez votre caf\u00e9 du matin, votre th\u00e9 de l&#8217;apr\u00e8s-midi ou un chocolat chaud, cette tasse est le compagnon id\u00e9al. Passant au lave-vaisselle et au micro-ondes pour plus de commodit\u00e9, il est aussi pratique que simple. Personnalisez-le avec un logo ou un texte et offrez-le !    <\/p>\n<p><strong>Ce produit est exempt de BPA et de plomb.<\/strong><\/p>\n<p><span style=\"color: #ff0000;\"><strong>\u2605 Remarque :<\/strong> Les prix indiqu\u00e9s correspondent \u00e0 ceux de la tasse WHITE JC108 uniquement. Veuillez nous contacter directement pour conna\u00eetre le prix des autres variantes de couleurs. <\/span><\/p>\n","protected":false},"excerpt":{"rendered":"<p>Buvez une gorg\u00e9e de votre boisson pr\u00e9f\u00e9r\u00e9e avec familiarit\u00e9 et chaleur chaque fois que vous utilisez la tasse JC108. Fabriqu\u00e9<\/p>\n","protected":false},"featured_media":29911,"comment_status":"closed","ping_status":"closed","template":"","meta":{"inventory_464_copy":"<p>[api_inventory]<\/p>\n"},"product_brand":[],"product_cat":[1893,277,1654,2618],"product_tag":[1710,1614,329,1655,1698,1615,1701,1601,334,369],"product-themes":[],"special":[],"class_list":{"0":"post-26043","1":"product","2":"type-product","3":"status-publish","4":"has-post-thumbnail","6":"product_cat-meilleures-ventes","7":"product_cat-mugs-fr","8":"product_cat-mugs-en-ceramique","9":"product_cat-tous-les-produits","10":"product_tag-360-ml-fr","11":"product_tag-boissons","12":"product_tag-bouche-large","13":"product_tag-c-poignee","14":"product_tag-ceramique","15":"product_tag-cylindrique","16":"product_tag-gres","17":"product_tag-porte-boissons","18":"product_tag-rond","19":"product_tag-tasse-a-cafe","20":"pa_color-blanc","21":"pa_color-bleu-cobalt","22":"pa_color-noir","23":"pa_color-rouge-2","24":"pa_materials-ceramique","26":"first","27":"instock","28":"purchasable","29":"product-type-variable"},"_links":{"self":[{"href":"https:\/\/dev.adnart.com\/fr\/wp-json\/wp\/v2\/product\/26043","targetHints":{"allow":["GET"]}}],"collection":[{"href":"https:\/\/dev.adnart.com\/fr\/wp-json\/wp\/v2\/product"}],"about":[{"href":"https:\/\/dev.adnart.com\/fr\/wp-json\/wp\/v2\/types\/product"}],"replies":[{"embeddable":true,"href":"https:\/\/dev.adnart.com\/fr\/wp-json\/wp\/v2\/comments?post=26043"}],"version-history":[{"count":8,"href":"https:\/\/dev.adnart.com\/fr\/wp-json\/wp\/v2\/product\/26043\/revisions"}],"predecessor-version":[{"id":34654,"href":"https:\/\/dev.adnart.com\/fr\/wp-json\/wp\/v2\/product\/26043\/revisions\/34654"}],"wp:featuredmedia":[{"embeddable":true,"href":"https:\/\/dev.adnart.com\/fr\/wp-json\/wp\/v2\/media\/29911"}],"wp:attachment":[{"href":"https:\/\/dev.adnart.com\/fr\/wp-json\/wp\/v2\/media?parent=26043"}],"wp:term":[{"taxonomy":"product_brand","embeddable":true,"href":"https:\/\/dev.adnart.com\/fr\/wp-json\/wp\/v2\/product_brand?post=26043"},{"taxonomy":"product_cat","embeddable":true,"href":"https:\/\/dev.adnart.com\/fr\/wp-json\/wp\/v2\/product_cat?post=26043"},{"taxonomy":"product_tag","embeddable":true,"href":"https:\/\/dev.adnart.com\/fr\/wp-json\/wp\/v2\/product_tag?post=26043"},{"taxonomy":"product-themes","embeddable":true,"href":"https:\/\/dev.adnart.com\/fr\/wp-json\/wp\/v2\/product-themes?post=26043"},{"taxonomy":"special","embeddable":true,"href":"https:\/\/dev.adnart.com\/fr\/wp-json\/wp\/v2\/special?post=26043"}],"curies":[{"name":"wp","href":"https:\/\/api.w.org\/{rel}","templated":true}]}}