{"id":26042,"date":"2024-01-10T18:48:56","date_gmt":"2024-01-10T16:48:56","guid":{"rendered":"http:\/\/localhost\/adnartLatest\/shop\/non%20class\u00e9\/asobu-gamelle-pour-chien-sdb1\/"},"modified":"2026-02-18T10:50:50","modified_gmt":"2026-02-18T08:50:50","slug":"33-oz-asobu-dog-bowl-bottle-sdb1","status":"publish","type":"product","link":"https:\/\/dev.adnart.com\/fr\/produit\/33-oz-asobu-dog-bowl-bottle-sdb1\/","title":{"rendered":"ASOBU Gamelle pour chien &#8211; SDB1"},"content":{"rendered":"<p>Le biberon <strong>pour chien ASOBU<\/strong> est fabriqu\u00e9 en acier inoxydable \u00e0 double paroi isol\u00e9e sous vide, 100 % sans BPA, avec des lignes en cuivre. La poign\u00e9e facile \u00e0 saisir permet de le transporter facilement, m\u00eame lors de longues promenades avec votre chien. Il est \u00e9quip\u00e9 d&#8217;un bol amovible en acier inoxydable et en plastique qui se d\u00e9tache discr\u00e8tement de la base du flacon, lorsqu&#8217;il est temps de r\u00e9hydrater votre chien. La base antid\u00e9rapante permet \u00e0 vos animaux de compagnie de s&#8217;abreuver tr\u00e8s facilement, et la grande capacit\u00e9 permet \u00e0 votre chien de s&#8217;hydrater suffisamment.<\/p>\n<p><strong>Ce produit est exempt de BPA et de plomb.<\/strong><\/p>\n","protected":false},"excerpt":{"rendered":"<p>Le biberon pour chien ASOBU est fabriqu\u00e9 en acier inoxydable \u00e0 double paroi isol\u00e9e sous vide, 100 % sans BPA,<\/p>\n","protected":false},"featured_media":29333,"comment_status":"closed","ping_status":"closed","template":"","meta":{"inventory_464_copy":"<p>[api_inventory]<\/p>\n"},"product_brand":[],"product_cat":[1617,1893,2618],"product_tag":[2143,1714,2173,298,1635,1634,1688,2174,1636,2032,1632,1898,1964,1739,399,2581,2175],"product-themes":[],"special":[],"class_list":{"0":"post-26042","1":"product","2":"type-product","3":"status-publish","4":"has-post-thumbnail","6":"product_cat-animaux-de-compagnie","7":"product_cat-meilleures-ventes","8":"product_cat-tous-les-produits","9":"product_tag-1-litre","10":"product_tag-100-sans-bpa","11":"product_tag-24-heures","12":"product_tag-acier-inoxydable","13":"product_tag-animaux-de-compagnie","14":"product_tag-base-antiderapante","15":"product_tag-camping-fr","16":"product_tag-chat","17":"product_tag-chien","18":"product_tag-exterieur","19":"product_tag-gamelle-amovible-pour-chien","20":"product_tag-grogne","21":"product_tag-lecole","22":"product_tag-poignee-facile-a-saisir","23":"product_tag-restaurant-fr","24":"product_tag-vacuum-insulated-fr","25":"product_tag-veterinaire","26":"pa_color-blanc","27":"pa_color-bleu-fr","28":"pa_color-bourgogne","29":"pa_color-fumee","30":"pa_color-noir","31":"pa_color-rose","32":"pa_materials-acier-inoxydable","34":"first","35":"instock","36":"purchasable","37":"product-type-variable","38":"has-default-attributes"},"_links":{"self":[{"href":"https:\/\/dev.adnart.com\/fr\/wp-json\/wp\/v2\/product\/26042","targetHints":{"allow":["GET"]}}],"collection":[{"href":"https:\/\/dev.adnart.com\/fr\/wp-json\/wp\/v2\/product"}],"about":[{"href":"https:\/\/dev.adnart.com\/fr\/wp-json\/wp\/v2\/types\/product"}],"replies":[{"embeddable":true,"href":"https:\/\/dev.adnart.com\/fr\/wp-json\/wp\/v2\/comments?post=26042"}],"version-history":[{"count":5,"href":"https:\/\/dev.adnart.com\/fr\/wp-json\/wp\/v2\/product\/26042\/revisions"}],"predecessor-version":[{"id":32555,"href":"https:\/\/dev.adnart.com\/fr\/wp-json\/wp\/v2\/product\/26042\/revisions\/32555"}],"wp:featuredmedia":[{"embeddable":true,"href":"https:\/\/dev.adnart.com\/fr\/wp-json\/wp\/v2\/media\/29333"}],"wp:attachment":[{"href":"https:\/\/dev.adnart.com\/fr\/wp-json\/wp\/v2\/media?parent=26042"}],"wp:term":[{"taxonomy":"product_brand","embeddable":true,"href":"https:\/\/dev.adnart.com\/fr\/wp-json\/wp\/v2\/product_brand?post=26042"},{"taxonomy":"product_cat","embeddable":true,"href":"https:\/\/dev.adnart.com\/fr\/wp-json\/wp\/v2\/product_cat?post=26042"},{"taxonomy":"product_tag","embeddable":true,"href":"https:\/\/dev.adnart.com\/fr\/wp-json\/wp\/v2\/product_tag?post=26042"},{"taxonomy":"product-themes","embeddable":true,"href":"https:\/\/dev.adnart.com\/fr\/wp-json\/wp\/v2\/product-themes?post=26042"},{"taxonomy":"special","embeddable":true,"href":"https:\/\/dev.adnart.com\/fr\/wp-json\/wp\/v2\/special?post=26042"}],"curies":[{"name":"wp","href":"https:\/\/api.w.org\/{rel}","templated":true}]}}