{"id":26040,"date":"2024-01-10T18:42:13","date_gmt":"2024-01-10T16:42:13","guid":{"rendered":"http:\/\/localhost\/adnartLatest\/shop\/non%20class\u00e9\/bouteille-de-voyage-le-baton-lb17\/"},"modified":"2026-02-20T05:42:51","modified_gmt":"2026-02-20T03:42:51","slug":"17-oz-le-baton-travel-bottle-lb17","status":"publish","type":"product","link":"https:\/\/dev.adnart.com\/fr\/produit\/17-oz-le-baton-travel-bottle-lb17\/","title":{"rendered":"ASOBU Bouteille de voyage Le Baton &#8211; LB17"},"content":{"rendered":"<p>L&#8217;\u00e9l\u00e9gante bouteille de voyage &#8220;Le Baton&#8221; garde les boissons froides jusqu&#8217;\u00e0 24 heures et chaudes jusqu&#8217;\u00e0 12 heures. Le design \u00e9lanc\u00e9 de cette bouteille tendance en fait le compagnon de voyage id\u00e9al. Elle se glisse sans effort dans les sacs d&#8217;ordinateur portable, les bagages \u00e0 main et les sacs \u00e0 dos. L&#8217;\u00e9tonnante finition mate, compl\u00e9t\u00e9e par un couvercle \u00e9l\u00e9gant, en fait un must pour toutes les passionn\u00e9es de mode. La gravure profonde et la gravure au laser ne sont pas disponibles pour le blanc.<\/p>\n<p><strong>Ce produit est exempt de BPA et de plomb.<\/strong><\/p>\n","protected":false},"excerpt":{"rendered":"<p>L&#8217;\u00e9l\u00e9gante bouteille de voyage &#8220;Le Baton&#8221; garde les boissons froides jusqu&#8217;\u00e0 24 heures et chaudes jusqu&#8217;\u00e0 12 heures. Le design<\/p>\n","protected":false},"featured_media":30707,"comment_status":"closed","ping_status":"closed","template":"","meta":{"inventory_464_copy":"<p>[api_inventory]<\/p>\n"},"product_brand":[],"product_cat":[210,1893,2618],"product_tag":[302,2577,303,1653,329,301,2569,1888,2171,1683,1601,2124,2581],"product-themes":[],"special":[],"class_list":{"0":"post-26040","1":"product","2":"type-product","3":"status-publish","4":"has-post-thumbnail","6":"product_cat-bouteilles","7":"product_cat-meilleures-ventes","8":"product_cat-tous-les-produits","9":"product_tag-12-heures-chaudes","10":"product_tag-18-8-stainless-steel-fr","11":"product_tag-24-heures-de-froid","12":"product_tag-500-ml-fr","13":"product_tag-bouche-large","14":"product_tag-couvercle-amovible","15":"product_tag-double-wall-fr","16":"product_tag-finition-mate","17":"product_tag-isolation-plaquee-cuivre","18":"product_tag-nettoyage-facile","19":"product_tag-porte-boissons","20":"product_tag-recipient-deau","21":"product_tag-vacuum-insulated-fr","22":"pa_color-argent","23":"pa_color-blanc-argent","24":"pa_color-blanc-cuivre","25":"pa_color-cuivre","26":"pa_color-gris","27":"pa_color-lor","28":"pa_materials-acier-inoxydable","30":"first","31":"instock","32":"purchasable","33":"product-type-variable"},"_links":{"self":[{"href":"https:\/\/dev.adnart.com\/fr\/wp-json\/wp\/v2\/product\/26040","targetHints":{"allow":["GET"]}}],"collection":[{"href":"https:\/\/dev.adnart.com\/fr\/wp-json\/wp\/v2\/product"}],"about":[{"href":"https:\/\/dev.adnart.com\/fr\/wp-json\/wp\/v2\/types\/product"}],"replies":[{"embeddable":true,"href":"https:\/\/dev.adnart.com\/fr\/wp-json\/wp\/v2\/comments?post=26040"}],"version-history":[{"count":3,"href":"https:\/\/dev.adnart.com\/fr\/wp-json\/wp\/v2\/product\/26040\/revisions"}],"predecessor-version":[{"id":31653,"href":"https:\/\/dev.adnart.com\/fr\/wp-json\/wp\/v2\/product\/26040\/revisions\/31653"}],"wp:featuredmedia":[{"embeddable":true,"href":"https:\/\/dev.adnart.com\/fr\/wp-json\/wp\/v2\/media\/30707"}],"wp:attachment":[{"href":"https:\/\/dev.adnart.com\/fr\/wp-json\/wp\/v2\/media?parent=26040"}],"wp:term":[{"taxonomy":"product_brand","embeddable":true,"href":"https:\/\/dev.adnart.com\/fr\/wp-json\/wp\/v2\/product_brand?post=26040"},{"taxonomy":"product_cat","embeddable":true,"href":"https:\/\/dev.adnart.com\/fr\/wp-json\/wp\/v2\/product_cat?post=26040"},{"taxonomy":"product_tag","embeddable":true,"href":"https:\/\/dev.adnart.com\/fr\/wp-json\/wp\/v2\/product_tag?post=26040"},{"taxonomy":"product-themes","embeddable":true,"href":"https:\/\/dev.adnart.com\/fr\/wp-json\/wp\/v2\/product-themes?post=26040"},{"taxonomy":"special","embeddable":true,"href":"https:\/\/dev.adnart.com\/fr\/wp-json\/wp\/v2\/special?post=26040"}],"curies":[{"name":"wp","href":"https:\/\/api.w.org\/{rel}","templated":true}]}}