{"id":26007,"date":"2024-01-10T18:47:03","date_gmt":"2024-01-10T16:47:03","guid":{"rendered":"http:\/\/localhost\/adnartLatest\/shop\/non%20class\u00e9\/asobu-carafe-pour-cafetiere-avec-poignee-40-oz-po301\/"},"modified":"2026-02-19T20:26:31","modified_gmt":"2026-02-19T18:26:31","slug":"asobu-pourover-coffee-maker-carafe-w-handle-40-oz-po301","status":"publish","type":"product","link":"https:\/\/dev.adnart.com\/fr\/produit\/asobu-pourover-coffee-maker-carafe-w-handle-40-oz-po301\/","title":{"rendered":"ASOBU Carafe pour cafeti\u00e8re avec poign\u00e9e, 40 oz &#8211; PO301"},"content":{"rendered":"<p>Cette cafeti\u00e8re allie un style \u00e9l\u00e9gant \u00e0 des fonctionnalit\u00e9s et \u00e0 une caract\u00e9ristique de portabilit\u00e9 unique qui porte la m\u00e9thode d&#8217;infusion du caf\u00e9 verseur \u00e0 un tout nouveau niveau d&#8217;excellence. La nouvelle cafeti\u00e8re \u00e0 bec verseur ASOBU combine un style \u00e9l\u00e9gant, des fonctionnalit\u00e9s et une caract\u00e9ristique de portabilit\u00e9 unique, qui porte la m\u00e9thode de pr\u00e9paration du caf\u00e9 \u00e0 bec verseur \u00e0 un tout nouveau niveau d&#8217;excellence ! <\/p>\n<p><strong>Ce produit est exempt de BPA et de plomb.<\/strong><\/p>\n","protected":false},"excerpt":{"rendered":"<p>Cette cafeti\u00e8re allie un style \u00e9l\u00e9gant \u00e0 des fonctionnalit\u00e9s et \u00e0 une caract\u00e9ristique de portabilit\u00e9 unique qui porte la m\u00e9thode<\/p>\n","protected":false},"featured_media":29983,"comment_status":"closed","ping_status":"closed","template":"","meta":{"inventory_464_copy":"<p>[api_inventory]<\/p>\n"},"product_brand":[],"product_cat":[1859,2618],"product_tag":[2143,1699,2045,426,2163,1688,1869,2153,2137,2569,2157,335,2581,2148,2160],"product-themes":[],"special":[],"class_list":{"0":"post-26007","1":"product","2":"type-product","3":"status-publish","4":"has-post-thumbnail","6":"product_cat-cafetieres","7":"product_cat-tous-les-produits","8":"product_tag-1-litre","9":"product_tag-40-oz-fr","10":"product_tag-bec-verseur","11":"product_tag-cafe","12":"product_tag-cafe-au-goutte-a-goutte","13":"product_tag-camping-fr","14":"product_tag-chemex-fr","15":"product_tag-couvercle-en-acier-inoxydable","16":"product_tag-double-doublure-en-cuivre","17":"product_tag-double-wall-fr","18":"product_tag-poignee-asobu","19":"product_tag-portable-fr","20":"product_tag-vacuum-insulated-fr","21":"product_tag-verre-borosilicate","22":"product_tag-verser","23":"pa_color-argent","24":"pa_color-bourgogne","25":"pa_color-cuivre","26":"pa_color-noir","27":"pa_materials-acier-inoxydable","29":"first","30":"instock","31":"purchasable","32":"product-type-variable","33":"has-default-attributes"},"_links":{"self":[{"href":"https:\/\/dev.adnart.com\/fr\/wp-json\/wp\/v2\/product\/26007","targetHints":{"allow":["GET"]}}],"collection":[{"href":"https:\/\/dev.adnart.com\/fr\/wp-json\/wp\/v2\/product"}],"about":[{"href":"https:\/\/dev.adnart.com\/fr\/wp-json\/wp\/v2\/types\/product"}],"replies":[{"embeddable":true,"href":"https:\/\/dev.adnart.com\/fr\/wp-json\/wp\/v2\/comments?post=26007"}],"version-history":[{"count":6,"href":"https:\/\/dev.adnart.com\/fr\/wp-json\/wp\/v2\/product\/26007\/revisions"}],"predecessor-version":[{"id":33894,"href":"https:\/\/dev.adnart.com\/fr\/wp-json\/wp\/v2\/product\/26007\/revisions\/33894"}],"wp:featuredmedia":[{"embeddable":true,"href":"https:\/\/dev.adnart.com\/fr\/wp-json\/wp\/v2\/media\/29983"}],"wp:attachment":[{"href":"https:\/\/dev.adnart.com\/fr\/wp-json\/wp\/v2\/media?parent=26007"}],"wp:term":[{"taxonomy":"product_brand","embeddable":true,"href":"https:\/\/dev.adnart.com\/fr\/wp-json\/wp\/v2\/product_brand?post=26007"},{"taxonomy":"product_cat","embeddable":true,"href":"https:\/\/dev.adnart.com\/fr\/wp-json\/wp\/v2\/product_cat?post=26007"},{"taxonomy":"product_tag","embeddable":true,"href":"https:\/\/dev.adnart.com\/fr\/wp-json\/wp\/v2\/product_tag?post=26007"},{"taxonomy":"product-themes","embeddable":true,"href":"https:\/\/dev.adnart.com\/fr\/wp-json\/wp\/v2\/product-themes?post=26007"},{"taxonomy":"special","embeddable":true,"href":"https:\/\/dev.adnart.com\/fr\/wp-json\/wp\/v2\/special?post=26007"}],"curies":[{"name":"wp","href":"https:\/\/api.w.org\/{rel}","templated":true}]}}