{"id":26006,"date":"2024-01-10T18:42:54","date_gmt":"2024-01-10T16:42:54","guid":{"rendered":"http:\/\/localhost\/adnartLatest\/shop\/non%20class\u00e9\/chope-a-biere-en-verre-lm007\/"},"modified":"2026-02-20T05:36:53","modified_gmt":"2026-02-20T03:36:53","slug":"33-oz-glass-beer-mug-screen-printed-lm007","status":"publish","type":"product","link":"https:\/\/dev.adnart.com\/fr\/produit\/33-oz-glass-beer-mug-screen-printed-lm007\/","title":{"rendered":"Chope \u00e0 bi\u00e8re en verre &#8211; LM007"},"content":{"rendered":"<p>Une vaste s\u00e9lection de chopes \u00e0 bi\u00e8re vous est propos\u00e9e, allant de la chope Jumbo d&#8217;une capacit\u00e9 de 33 oz \u00e0 la chope en forme de pot de mason avec poign\u00e9e, id\u00e9ale pour les \u00e9v\u00e9nements d\u00e9contract\u00e9s au style campagnard. Nos chopes \u00e0 bi\u00e8re sont sp\u00e9cialement con\u00e7ues pour les ales anglaises, les pilsners fines, les d\u00e9gustations de bi\u00e8res artisanales, ainsi que pour les repas ou \u00e9v\u00e9nements d\u00e9contract\u00e9s. Toute notre verrerie est fabriqu\u00e9e aux \u00c9tats-Unis ou en Europe. Nous ne proposons que des chopes \u00e0 bi\u00e8re de qualit\u00e9 reconnue, r\u00e9sistantes au lave-vaisselle et \u00e9l\u00e9gantes, parfaites pour les restaurants ou les \u00e9v\u00e9nements sp\u00e9ciaux. Les mugs de grande capacit\u00e9 ou les mugs en forme de bocal avec poign\u00e9e pour les \u00e9v\u00e9nements d\u00e9contract\u00e9s de style campagnard. Nous avons des chopes \u00e0 bi\u00e8re sp\u00e9cifiques pour les ales anglaises, d&#8217;autres pour les pilsner fines ou les \u00e9v\u00e9nements de d\u00e9gustation de bi\u00e8res artisanales, ainsi que pour les repas d\u00e9contract\u00e9s ou les \u00e9v\u00e9nements. Toute notre verrerie est fabriqu\u00e9e aux \u00c9tats-Unis ou en Europe. Nous ne proposons que des chopes \u00e0 bi\u00e8re de qualit\u00e9 reconnue qui r\u00e9sisteront au lave-vaisselle et seront \u00e9l\u00e9gantes pour les repas raffin\u00e9s ou les \u00e9v\u00e9nements.<\/p>\n<p><strong>Ce produit est exempt de BPA et de plomb.<\/strong><\/p>\n","protected":false},"excerpt":{"rendered":"<p>Une vaste s\u00e9lection de chopes \u00e0 bi\u00e8re vous est propos\u00e9e, allant de la chope Jumbo d&#8217;une capacit\u00e9 de 33 oz<\/p>\n","protected":false},"featured_media":29890,"comment_status":"closed","ping_status":"closed","template":"","meta":{"inventory_464_copy":"<p>[api_inventory]<\/p>\n"},"product_brand":[],"product_cat":[365,2618,1594],"product_tag":[2116,2126,1614,2132,1922,2575,1673,1601,2138,1597,1977],"product-themes":[],"special":[],"class_list":{"0":"post-26006","1":"product","2":"type-product","3":"status-publish","4":"has-post-thumbnail","6":"product_cat-articles-de-bar","7":"product_cat-tous-les-produits","8":"product_cat-verrerie","9":"product_tag-33-oz-fr","10":"product_tag-990-ml-fr","11":"product_tag-boissons","12":"product_tag-d-poignee","13":"product_tag-fond-leste","14":"product_tag-glassware-fr","15":"product_tag-porte-biere-en-verre","16":"product_tag-porte-boissons","17":"product_tag-repose-pouce","18":"product_tag-transparent-fr","19":"product_tag-verre-a-biere","20":"pa_color-clair","21":"pa_materials-verre","23":"first","24":"instock","25":"purchasable","26":"product-type-simple"},"_links":{"self":[{"href":"https:\/\/dev.adnart.com\/fr\/wp-json\/wp\/v2\/product\/26006","targetHints":{"allow":["GET"]}}],"collection":[{"href":"https:\/\/dev.adnart.com\/fr\/wp-json\/wp\/v2\/product"}],"about":[{"href":"https:\/\/dev.adnart.com\/fr\/wp-json\/wp\/v2\/types\/product"}],"replies":[{"embeddable":true,"href":"https:\/\/dev.adnart.com\/fr\/wp-json\/wp\/v2\/comments?post=26006"}],"version-history":[{"count":2,"href":"https:\/\/dev.adnart.com\/fr\/wp-json\/wp\/v2\/product\/26006\/revisions"}],"predecessor-version":[{"id":31028,"href":"https:\/\/dev.adnart.com\/fr\/wp-json\/wp\/v2\/product\/26006\/revisions\/31028"}],"wp:featuredmedia":[{"embeddable":true,"href":"https:\/\/dev.adnart.com\/fr\/wp-json\/wp\/v2\/media\/29890"}],"wp:attachment":[{"href":"https:\/\/dev.adnart.com\/fr\/wp-json\/wp\/v2\/media?parent=26006"}],"wp:term":[{"taxonomy":"product_brand","embeddable":true,"href":"https:\/\/dev.adnart.com\/fr\/wp-json\/wp\/v2\/product_brand?post=26006"},{"taxonomy":"product_cat","embeddable":true,"href":"https:\/\/dev.adnart.com\/fr\/wp-json\/wp\/v2\/product_cat?post=26006"},{"taxonomy":"product_tag","embeddable":true,"href":"https:\/\/dev.adnart.com\/fr\/wp-json\/wp\/v2\/product_tag?post=26006"},{"taxonomy":"product-themes","embeddable":true,"href":"https:\/\/dev.adnart.com\/fr\/wp-json\/wp\/v2\/product-themes?post=26006"},{"taxonomy":"special","embeddable":true,"href":"https:\/\/dev.adnart.com\/fr\/wp-json\/wp\/v2\/special?post=26006"}],"curies":[{"name":"wp","href":"https:\/\/api.w.org\/{rel}","templated":true}]}}