{"id":26003,"date":"2024-01-10T18:46:18","date_gmt":"2024-01-10T16:46:18","guid":{"rendered":"http:\/\/localhost\/adnartLatest\/shop\/non%20class\u00e9\/bouteille-deau-pour-pilules-in-style-pb55\/"},"modified":"2026-02-19T20:33:49","modified_gmt":"2026-02-19T18:33:49","slug":"20-oz-in-style-pill-organizer-water-bottle-pb55","status":"publish","type":"product","link":"https:\/\/dev.adnart.com\/fr\/produit\/20-oz-in-style-pill-organizer-water-bottle-pb55\/","title":{"rendered":"Bouteille d&#8217;eau pour pilules In Style &#8211; PB55"},"content":{"rendered":"<p>Voici le pilulier et la bouteille d&#8217;eau <strong>In Style<\/strong>, une solution moderne et \u00e9l\u00e9gante pour rester organis\u00e9 et hydrat\u00e9. Con\u00e7ue pour votre style de vie actif, cette bouteille d&#8217;eau intelligente est dot\u00e9e d&#8217;un <strong>pilulier int\u00e9gr\u00e9 \u00e0 7 compartiments<\/strong>, ce qui vous permet d&#8217;emporter facilement vos suppl\u00e9ments quotidiens ou vos m\u00e9dicaments o\u00f9 que vous alliez. Ne vous souciez plus jamais de prendre des pilules sans eau &#8211; vous pouvez d\u00e9sormais rester hydrat\u00e9 et sur la bonne voie en mati\u00e8re de sant\u00e9, m\u00eame lorsque vous \u00eates en d\u00e9placement.  <\/p>\n<p><strong>Ce produit est exempt de BPA et de plomb.<\/strong><\/p>\n","protected":false},"excerpt":{"rendered":"<p>Voici le pilulier et la bouteille d&#8217;eau In Style, une solution moderne et \u00e9l\u00e9gante pour rester organis\u00e9 et hydrat\u00e9. Con\u00e7ue<\/p>\n","protected":false},"featured_media":30002,"comment_status":"closed","ping_status":"closed","template":"","meta":{"inventory_464_copy":"<p>[api_inventory]<\/p>\n"},"product_brand":[],"product_cat":[210,2618,1664],"product_tag":[],"product-themes":[],"special":[],"class_list":{"0":"post-26003","1":"product","2":"type-product","3":"status-publish","4":"has-post-thumbnail","6":"product_cat-bouteilles","7":"product_cat-tous-les-produits","8":"product_cat-tritan-fr","9":"pa_color-bleu-fr","10":"pa_color-noir","11":"pa_materials-caoutchouc-de-silicone","12":"pa_materials-pp-fr","13":"pa_materials-tritan-fr","15":"first","16":"instock","17":"purchasable","18":"product-type-variable"},"_links":{"self":[{"href":"https:\/\/dev.adnart.com\/fr\/wp-json\/wp\/v2\/product\/26003","targetHints":{"allow":["GET"]}}],"collection":[{"href":"https:\/\/dev.adnart.com\/fr\/wp-json\/wp\/v2\/product"}],"about":[{"href":"https:\/\/dev.adnart.com\/fr\/wp-json\/wp\/v2\/types\/product"}],"replies":[{"embeddable":true,"href":"https:\/\/dev.adnart.com\/fr\/wp-json\/wp\/v2\/comments?post=26003"}],"version-history":[{"count":6,"href":"https:\/\/dev.adnart.com\/fr\/wp-json\/wp\/v2\/product\/26003\/revisions"}],"predecessor-version":[{"id":33901,"href":"https:\/\/dev.adnart.com\/fr\/wp-json\/wp\/v2\/product\/26003\/revisions\/33901"}],"wp:featuredmedia":[{"embeddable":true,"href":"https:\/\/dev.adnart.com\/fr\/wp-json\/wp\/v2\/media\/30002"}],"wp:attachment":[{"href":"https:\/\/dev.adnart.com\/fr\/wp-json\/wp\/v2\/media?parent=26003"}],"wp:term":[{"taxonomy":"product_brand","embeddable":true,"href":"https:\/\/dev.adnart.com\/fr\/wp-json\/wp\/v2\/product_brand?post=26003"},{"taxonomy":"product_cat","embeddable":true,"href":"https:\/\/dev.adnart.com\/fr\/wp-json\/wp\/v2\/product_cat?post=26003"},{"taxonomy":"product_tag","embeddable":true,"href":"https:\/\/dev.adnart.com\/fr\/wp-json\/wp\/v2\/product_tag?post=26003"},{"taxonomy":"product-themes","embeddable":true,"href":"https:\/\/dev.adnart.com\/fr\/wp-json\/wp\/v2\/product-themes?post=26003"},{"taxonomy":"special","embeddable":true,"href":"https:\/\/dev.adnart.com\/fr\/wp-json\/wp\/v2\/special?post=26003"}],"curies":[{"name":"wp","href":"https:\/\/api.w.org\/{rel}","templated":true}]}}