{"id":26002,"date":"2024-01-10T18:50:26","date_gmt":"2024-01-10T16:50:26","guid":{"rendered":"http:\/\/localhost\/adnartLatest\/shop\/non%20class\u00e9\/tasse-a-cafe-isolee-sous-vide-asobu-ultimate-sm30\/"},"modified":"2026-02-25T21:25:59","modified_gmt":"2026-02-25T19:25:59","slug":"12-oz-asobu-ultimate-vacuum-insulated-coffee-mug-sm30","status":"publish","type":"product","link":"https:\/\/dev.adnart.com\/fr\/produit\/12-oz-asobu-ultimate-vacuum-insulated-coffee-mug-sm30\/","title":{"rendered":"Tasse \u00e0 caf\u00e9 ASOBU Ultimate &#8211; SM30"},"content":{"rendered":"<p>C&#8217;est vraiment la tasse \u00e0 caf\u00e9 par excellence ! Le mug est fabriqu\u00e9 en acier inoxydable 18\/8 doubl\u00e9 de cuivre et isol\u00e9 sous vide, ce qui permet de garder le caf\u00e9 chaud pendant des heures lorsqu&#8217;il est utilis\u00e9 avec le couvercle anti-\u00e9claboussures r\u00e9glable. Le rev\u00eatement int\u00e9rieur en c\u00e9ramique du mug le rend facile \u00e0 nettoyer et l&#8217;isole davantage. La poign\u00e9e ergonomique arrondie permet une prise en main et un transport faciles et s\u00fbrs. Id\u00e9al pour la maison et le bureau. Chaud et froid pendant des heures plus longtemps que n&#8217;importe quelle tasse en c\u00e9ramique ou en verre.<\/p>\n<p><strong>Ce produit est exempt de BPA et de plomb.<\/strong><\/p>\n","protected":false},"excerpt":{"rendered":"<p>C&#8217;est vraiment la tasse \u00e0 caf\u00e9 par excellence ! Le mug est fabriqu\u00e9 en acier inoxydable 18\/8 doubl\u00e9 de cuivre<\/p>\n","protected":false},"featured_media":29335,"comment_status":"closed","ping_status":"closed","template":"","meta":{"inventory_464_copy":"<p>[api_inventory]<\/p>\n"},"product_brand":[],"product_cat":[2383,1893,2380,1609,2115,2131,2618],"product_tag":[298,2158,2155,2161,1688,371,2151,2145,422,226,428,345,2140,1861,446],"product-themes":[],"special":[],"class_list":{"0":"post-26002","1":"product","2":"type-product","3":"status-publish","4":"has-post-thumbnail","6":"product_cat-inventaire-approfondi","7":"product_cat-meilleures-ventes","8":"product_cat-nouvel-arrivage","9":"product_cat-puramic-fr","10":"product_cat-puramic-fr-2","11":"product_cat-tasses-et-gobelets-de-voyage-fr","12":"product_cat-tous-les-produits","13":"product_tag-acier-inoxydable","14":"product_tag-article-de-cadeau","15":"product_tag-cadeau-executif","16":"product_tag-camp-fr","17":"product_tag-camping-fr","18":"product_tag-isole","19":"product_tag-mug-campeur","20":"product_tag-mug-en-ceramique","21":"product_tag-revetement-ceramique-fr","22":"product_tag-revetement-en-cuivre-fr","23":"product_tag-revetement-en-poudre","24":"product_tag-siroter-a-travers-le-couvercle","25":"product_tag-spray-pyro","26":"product_tag-travail-a-domicile","27":"product_tag-vacances","28":"pa_color-blanc","29":"pa_color-bleu-fr","30":"pa_color-bourgogne","31":"pa_color-noir","32":"pa_color-plaid-rouge","33":"pa_materials-acier-inoxydable","34":"pa_materials-puramic","35":"pa_materials-tritan-fr","37":"first","38":"instock","39":"purchasable","40":"product-type-variable"},"_links":{"self":[{"href":"https:\/\/dev.adnart.com\/fr\/wp-json\/wp\/v2\/product\/26002","targetHints":{"allow":["GET"]}}],"collection":[{"href":"https:\/\/dev.adnart.com\/fr\/wp-json\/wp\/v2\/product"}],"about":[{"href":"https:\/\/dev.adnart.com\/fr\/wp-json\/wp\/v2\/types\/product"}],"replies":[{"embeddable":true,"href":"https:\/\/dev.adnart.com\/fr\/wp-json\/wp\/v2\/comments?post=26002"}],"version-history":[{"count":5,"href":"https:\/\/dev.adnart.com\/fr\/wp-json\/wp\/v2\/product\/26002\/revisions"}],"predecessor-version":[{"id":32552,"href":"https:\/\/dev.adnart.com\/fr\/wp-json\/wp\/v2\/product\/26002\/revisions\/32552"}],"wp:featuredmedia":[{"embeddable":true,"href":"https:\/\/dev.adnart.com\/fr\/wp-json\/wp\/v2\/media\/29335"}],"wp:attachment":[{"href":"https:\/\/dev.adnart.com\/fr\/wp-json\/wp\/v2\/media?parent=26002"}],"wp:term":[{"taxonomy":"product_brand","embeddable":true,"href":"https:\/\/dev.adnart.com\/fr\/wp-json\/wp\/v2\/product_brand?post=26002"},{"taxonomy":"product_cat","embeddable":true,"href":"https:\/\/dev.adnart.com\/fr\/wp-json\/wp\/v2\/product_cat?post=26002"},{"taxonomy":"product_tag","embeddable":true,"href":"https:\/\/dev.adnart.com\/fr\/wp-json\/wp\/v2\/product_tag?post=26002"},{"taxonomy":"product-themes","embeddable":true,"href":"https:\/\/dev.adnart.com\/fr\/wp-json\/wp\/v2\/product-themes?post=26002"},{"taxonomy":"special","embeddable":true,"href":"https:\/\/dev.adnart.com\/fr\/wp-json\/wp\/v2\/special?post=26002"}],"curies":[{"name":"wp","href":"https:\/\/api.w.org\/{rel}","templated":true}]}}