{"id":26000,"date":"2024-01-10T18:43:55","date_gmt":"2024-01-10T16:43:55","guid":{"rendered":"http:\/\/localhost\/adnartLatest\/shop\/non%20class\u00e9\/asobu-moonshine-mjk16\/"},"modified":"2026-02-19T20:54:16","modified_gmt":"2026-02-19T18:54:16","slug":"16-oz-asobu-moonshine-mjk16","status":"publish","type":"product","link":"https:\/\/dev.adnart.com\/fr\/produit\/16-oz-asobu-moonshine-mjk16\/","title":{"rendered":"ASOBU Moonshine &#8211; MJK16"},"content":{"rendered":"<p>Le secret le mieux gard\u00e9 est le <strong>pot de ma\u00e7onnerie ASOBU Moonshine<\/strong>&#8230;<\/p>\n<p>Ce pot de ma\u00e7onnerie de 16 oz \/540 ml est \u00e9quip\u00e9 d&#8217;un isolateur en acier inoxydable sous vide, les boissons resteront glaciales pendant des heures ! Un couvercle anti-\u00e9claboussures avec paille en silicone emp\u00eache les d\u00e9bordements. Une poign\u00e9e facile \u00e0 saisir compl\u00e8te ce pot Mason indispensable. Fresh N Fun &#8211; remplissez-le avec votre Moonshine pr\u00e9f\u00e9r\u00e9 ! Psst&#8230;.pour les amateurs de th\u00e9 et de caf\u00e9, le pot Mason Moonshine gardera les boissons chaudes pendant des heures !<\/p>\n<p><strong>Ce produit est exempt de BPA et de plomb.<\/strong><\/p>\n","protected":false},"excerpt":{"rendered":"<p>Le secret le mieux gard\u00e9 est le pot de ma\u00e7onnerie ASOBU Moonshine&#8230; Ce pot de ma\u00e7onnerie de 16 oz \/540<\/p>\n","protected":false},"featured_media":32174,"comment_status":"closed","ping_status":"closed","template":"","meta":{"inventory_464_copy":"<p>[api_inventory]<\/p>\n"},"product_brand":[],"product_cat":[2383,1575,1893,2618,1594],"product_tag":[2571,1775,2122,2135,1769,1787,1577,2566,2156,1737,2147,1823,371,2152,2129,1882,2141,1738,1621,1606],"product-themes":[],"special":[],"class_list":{"0":"post-26000","1":"product","2":"type-product","3":"status-publish","4":"has-post-thumbnail","6":"product_cat-inventaire-approfondi","7":"product_cat-isolateurs-et-articles-de-bar","8":"product_cat-meilleures-ventes","9":"product_cat-tous-les-produits","10":"product_cat-verrerie","11":"product_tag-award-fr","12":"product_tag-barbecue-fr","13":"product_tag-bien-etre","14":"product_tag-bocal-mason","15":"product_tag-cocktail-fr","16":"product_tag-employe","17":"product_tag-froid","18":"product_tag-gift-set-fr","19":"product_tag-glace","20":"product_tag-hydrater","21":"product_tag-innovante","22":"product_tag-isolateur","23":"product_tag-isole","24":"product_tag-mule-fr","25":"product_tag-navire","26":"product_tag-nouvelle-annee","27":"product_tag-unique-fr","28":"product_tag-vacances-fr","29":"product_tag-vente-au-detail","30":"product_tag-verre","31":"pa_color-bleu-fr","32":"pa_color-gris","33":"pa_color-rose","34":"pa_color-rouge-2","35":"pa_color-sarcelle","36":"pa_materials-acier-inoxydable","37":"pa_materials-verre","39":"first","40":"instock","41":"purchasable","42":"product-type-variable","43":"has-default-attributes"},"_links":{"self":[{"href":"https:\/\/dev.adnart.com\/fr\/wp-json\/wp\/v2\/product\/26000","targetHints":{"allow":["GET"]}}],"collection":[{"href":"https:\/\/dev.adnart.com\/fr\/wp-json\/wp\/v2\/product"}],"about":[{"href":"https:\/\/dev.adnart.com\/fr\/wp-json\/wp\/v2\/types\/product"}],"replies":[{"embeddable":true,"href":"https:\/\/dev.adnart.com\/fr\/wp-json\/wp\/v2\/comments?post=26000"}],"version-history":[{"count":3,"href":"https:\/\/dev.adnart.com\/fr\/wp-json\/wp\/v2\/product\/26000\/revisions"}],"predecessor-version":[{"id":32878,"href":"https:\/\/dev.adnart.com\/fr\/wp-json\/wp\/v2\/product\/26000\/revisions\/32878"}],"wp:featuredmedia":[{"embeddable":true,"href":"https:\/\/dev.adnart.com\/fr\/wp-json\/wp\/v2\/media\/32174"}],"wp:attachment":[{"href":"https:\/\/dev.adnart.com\/fr\/wp-json\/wp\/v2\/media?parent=26000"}],"wp:term":[{"taxonomy":"product_brand","embeddable":true,"href":"https:\/\/dev.adnart.com\/fr\/wp-json\/wp\/v2\/product_brand?post=26000"},{"taxonomy":"product_cat","embeddable":true,"href":"https:\/\/dev.adnart.com\/fr\/wp-json\/wp\/v2\/product_cat?post=26000"},{"taxonomy":"product_tag","embeddable":true,"href":"https:\/\/dev.adnart.com\/fr\/wp-json\/wp\/v2\/product_tag?post=26000"},{"taxonomy":"product-themes","embeddable":true,"href":"https:\/\/dev.adnart.com\/fr\/wp-json\/wp\/v2\/product-themes?post=26000"},{"taxonomy":"special","embeddable":true,"href":"https:\/\/dev.adnart.com\/fr\/wp-json\/wp\/v2\/special?post=26000"}],"curies":[{"name":"wp","href":"https:\/\/api.w.org\/{rel}","templated":true}]}}