{"id":25999,"date":"2024-01-10T18:42:13","date_gmt":"2024-01-10T16:42:13","guid":{"rendered":"http:\/\/localhost\/adnartLatest\/shop\/non%20class\u00e9\/asobu-on-the-rocks-cooler-metallic-packaging-set-lao21-mps\/"},"modified":"2026-02-20T05:40:36","modified_gmt":"2026-02-20T03:40:36","slug":"asobu-on-the-rocks-cooler-metallic-packaging-set-lao21-mps","status":"publish","type":"product","link":"https:\/\/dev.adnart.com\/fr\/produit\/asobu-on-the-rocks-cooler-metallic-packaging-set-lao21-mps\/","title":{"rendered":"ASOBU On The Rocks Cooler Metallic Packaging Set &#8211; LAO21 MPS"},"content":{"rendered":"<p>Offrez-vous une exp\u00e9rience exceptionnelle pendant les f\u00eates de fin d&#8217;ann\u00e9e avec nos nouveaux emballages m\u00e9talliques haut de gamme. Nous proposons une vari\u00e9t\u00e9 d&#8217;options de coffrets cadeaux et de coffrets pr\u00e9fabriqu\u00e9s pour r\u00e9pondre \u00e0 tous les besoins de nos clients. Avec une impression PMS assortie sur la couverture et une d\u00e9coration int\u00e9rieure en option, vous pouvez personnaliser votre ensemble pour briller cette saison. Nos inserts en mousse d\u00e9coup\u00e9s au laser assurent la fixation et la pr\u00e9sentation \u00e9l\u00e9gante de chaque article, laissant ainsi une impression m\u00e9morable \u00e0 vos destinataires. Une vari\u00e9t\u00e9 d&#8217;options de coffrets cadeaux et de coffrets pr\u00e9fabriqu\u00e9s pour r\u00e9pondre aux besoins de tous les utilisateurs finaux. Impression PMS assortie sur la couverture et d\u00e9coration int\u00e9rieure optionnelle pour am\u00e9liorer votre set cette saison. Les inserts en mousse d\u00e9coup\u00e9s au laser permettent de fixer et d&#8217;exposer n&#8217;importe quel article pour laisser une impression durable cette saison.<\/p>\n<p><strong>Ce produit est exempt de BPA et de plomb.<\/strong><\/p>\n","protected":false},"excerpt":{"rendered":"<p>Offrez-vous une exp\u00e9rience exceptionnelle pendant les f\u00eates de fin d&#8217;ann\u00e9e avec nos nouveaux emballages m\u00e9talliques haut de gamme. Nous proposons<\/p>\n","protected":false},"featured_media":29118,"comment_status":"closed","ping_status":"closed","template":"","meta":{"inventory_464_copy":"<p>[api_inventory]<\/p>\n"},"product_brand":[],"product_cat":[1721,1723,2618],"product_tag":[2572,2571,1785,1769,2565,2564,2575,1823,1798,2570,1881,1580,1877,1738,2581,1621,1606],"product-themes":[],"special":[],"class_list":{"0":"post-25999","1":"product","2":"type-product","3":"status-publish","4":"has-post-thumbnail","6":"product_cat-coffrets-cadeaux","7":"product_cat-coffrets-cadeaux-fr","8":"product_cat-tous-les-produits","9":"product_tag-achievement-fr","10":"product_tag-award-fr","11":"product_tag-c-suite-fr","12":"product_tag-cocktail-fr","13":"product_tag-executive-fr","14":"product_tag-gift-fr","15":"product_tag-glassware-fr","16":"product_tag-isolateur","17":"product_tag-lancienne-mode","18":"product_tag-metallic-packaging-fr","19":"product_tag-noel","20":"product_tag-refroidisseur","21":"product_tag-scotch-fr","22":"product_tag-vacances-fr","23":"product_tag-vacuum-insulated-fr","24":"product_tag-vente-au-detail","25":"product_tag-verre","26":"pa_color-argent","27":"pa_color-blanc","28":"pa_color-bois","29":"pa_color-chandail","30":"pa_color-flocon-de-neige","31":"pa_color-noir","32":"pa_color-plaid-rouge","33":"pa_color-pull-over-rose","34":"pa_materials-acier-inoxydable","35":"pa_materials-caoutchouc-de-silicone","36":"pa_materials-pp-fr","37":"pa_materials-tpe-fr","38":"pa_materials-verre","40":"first","41":"instock","42":"purchasable","43":"product-type-simple"},"_links":{"self":[{"href":"https:\/\/dev.adnart.com\/fr\/wp-json\/wp\/v2\/product\/25999","targetHints":{"allow":["GET"]}}],"collection":[{"href":"https:\/\/dev.adnart.com\/fr\/wp-json\/wp\/v2\/product"}],"about":[{"href":"https:\/\/dev.adnart.com\/fr\/wp-json\/wp\/v2\/types\/product"}],"replies":[{"embeddable":true,"href":"https:\/\/dev.adnart.com\/fr\/wp-json\/wp\/v2\/comments?post=25999"}],"version-history":[{"count":2,"href":"https:\/\/dev.adnart.com\/fr\/wp-json\/wp\/v2\/product\/25999\/revisions"}],"predecessor-version":[{"id":31649,"href":"https:\/\/dev.adnart.com\/fr\/wp-json\/wp\/v2\/product\/25999\/revisions\/31649"}],"wp:featuredmedia":[{"embeddable":true,"href":"https:\/\/dev.adnart.com\/fr\/wp-json\/wp\/v2\/media\/29118"}],"wp:attachment":[{"href":"https:\/\/dev.adnart.com\/fr\/wp-json\/wp\/v2\/media?parent=25999"}],"wp:term":[{"taxonomy":"product_brand","embeddable":true,"href":"https:\/\/dev.adnart.com\/fr\/wp-json\/wp\/v2\/product_brand?post=25999"},{"taxonomy":"product_cat","embeddable":true,"href":"https:\/\/dev.adnart.com\/fr\/wp-json\/wp\/v2\/product_cat?post=25999"},{"taxonomy":"product_tag","embeddable":true,"href":"https:\/\/dev.adnart.com\/fr\/wp-json\/wp\/v2\/product_tag?post=25999"},{"taxonomy":"product-themes","embeddable":true,"href":"https:\/\/dev.adnart.com\/fr\/wp-json\/wp\/v2\/product-themes?post=25999"},{"taxonomy":"special","embeddable":true,"href":"https:\/\/dev.adnart.com\/fr\/wp-json\/wp\/v2\/special?post=25999"}],"curies":[{"name":"wp","href":"https:\/\/api.w.org\/{rel}","templated":true}]}}