{"id":25987,"date":"2024-01-10T18:40:21","date_gmt":"2024-01-10T16:40:21","guid":{"rendered":"http:\/\/localhost\/adnartLatest\/shop\/non%20class\u00e9\/bouteille-a-infusion-ice-t-2-go-it2go\/"},"modified":"2026-02-19T20:57:27","modified_gmt":"2026-02-19T18:57:27","slug":"14-oz-ice-t-2-go-infuser-bottle-it2go","status":"publish","type":"product","link":"https:\/\/dev.adnart.com\/fr\/produit\/14-oz-ice-t-2-go-infuser-bottle-it2go\/","title":{"rendered":"Bouteille \u00e0 infusion Ice &#8220;T&#8221; 2-Go &#8211; IT2GO"},"content":{"rendered":"<p>La <strong>bouteille \u00e0 infusion Ice &#8220;T&#8221; 2-Go<\/strong> est la solution id\u00e9ale pour infuser et d\u00e9guster vos th\u00e9s pr\u00e9f\u00e9r\u00e9s lors de vos d\u00e9placements. Il suffit de retirer le couvercle inf\u00e9rieur, de placer votre th\u00e9 dans l&#8217;infuseur \u00e0 mailles fines et de le refermer. Remplissez la bouteille \u00e0 moiti\u00e9 d&#8217;eau chaude et laissez infuser jusqu&#8217;\u00e0 l&#8217;intensit\u00e9 souhait\u00e9e. Lorsque vous \u00eates pr\u00eat, ins\u00e9rez des gla\u00e7ons par l&#8217;ouverture sup\u00e9rieure pour obtenir un th\u00e9 glac\u00e9 instantan\u00e9.   <\/p>\n<p>Fabriqu\u00e9e en <strong>verre r\u00e9sistant \u00e0 la chaleur<\/strong> et dot\u00e9e d&#8217;un <strong>manchon de<\/strong> protection <strong>en silicone<\/strong>, cette bouteille allie durabilit\u00e9 et style. L&#8217;<strong>infuseur \u00e0 maille fine<\/strong> garantit une infusion douce et savoureuse \u00e0 chaque fois. Il est <strong>100 % sans BPA<\/strong> et <strong>peut \u00eatre lav\u00e9 au lave-vaisselle<\/strong> pour un nettoyage facile. La conception polyvalente permet de retirer les deux couvercles des deux extr\u00e9mit\u00e9s de la bouteille, ce qui facilite le remplissage, le nettoyage et la d\u00e9gustation de votre th\u00e9 glac\u00e9 2 fois par jour !   <\/p>\n<p><strong>Ce produit est exempt de BPA et de plomb.<\/strong><\/p>\n","protected":false},"excerpt":{"rendered":"<p>La bouteille \u00e0 infusion Ice &#8220;T&#8221; 2-Go est la solution id\u00e9ale pour infuser et d\u00e9guster vos th\u00e9s pr\u00e9f\u00e9r\u00e9s lors de<\/p>\n","protected":false},"featured_media":24391,"comment_status":"closed","ping_status":"closed","template":"","meta":{"inventory_464_copy":"<p>[api_inventory]<\/p>\n"},"product_brand":[],"product_cat":[210,1893,2618],"product_tag":[1978,301,2096,2101,2099,1601,2019,2097,2098,299],"product-themes":[],"special":[],"class_list":{"0":"post-25987","1":"product","2":"type-product","3":"status-publish","4":"has-post-thumbnail","6":"product_cat-bouteilles","7":"product_cat-meilleures-ventes","8":"product_cat-tous-les-produits","9":"product_tag-400-ml-fr","10":"product_tag-couvercle-amovible","11":"product_tag-infuseur-a-maille-fine","12":"product_tag-machine-a-the-glace","13":"product_tag-manchon-en-silicone","14":"product_tag-porte-boissons","15":"product_tag-recipient-en-verre","16":"product_tag-recipient-resistant-a-la-chaleur","17":"product_tag-resistant-au-lave-vaisselle","18":"product_tag-sans-bpa","19":"pa_color-jaune","20":"pa_color-pourpre","21":"pa_color-rose","22":"pa_color-vert","23":"pa_materials-acier-inoxydable","24":"pa_materials-caoutchouc-de-silicone","25":"pa_materials-verre","27":"first","28":"instock","29":"purchasable","30":"product-type-variable"},"_links":{"self":[{"href":"https:\/\/dev.adnart.com\/fr\/wp-json\/wp\/v2\/product\/25987","targetHints":{"allow":["GET"]}}],"collection":[{"href":"https:\/\/dev.adnart.com\/fr\/wp-json\/wp\/v2\/product"}],"about":[{"href":"https:\/\/dev.adnart.com\/fr\/wp-json\/wp\/v2\/types\/product"}],"replies":[{"embeddable":true,"href":"https:\/\/dev.adnart.com\/fr\/wp-json\/wp\/v2\/comments?post=25987"}],"version-history":[{"count":7,"href":"https:\/\/dev.adnart.com\/fr\/wp-json\/wp\/v2\/product\/25987\/revisions"}],"predecessor-version":[{"id":33946,"href":"https:\/\/dev.adnart.com\/fr\/wp-json\/wp\/v2\/product\/25987\/revisions\/33946"}],"wp:featuredmedia":[{"embeddable":true,"href":"https:\/\/dev.adnart.com\/fr\/wp-json\/wp\/v2\/media\/24391"}],"wp:attachment":[{"href":"https:\/\/dev.adnart.com\/fr\/wp-json\/wp\/v2\/media?parent=25987"}],"wp:term":[{"taxonomy":"product_brand","embeddable":true,"href":"https:\/\/dev.adnart.com\/fr\/wp-json\/wp\/v2\/product_brand?post=25987"},{"taxonomy":"product_cat","embeddable":true,"href":"https:\/\/dev.adnart.com\/fr\/wp-json\/wp\/v2\/product_cat?post=25987"},{"taxonomy":"product_tag","embeddable":true,"href":"https:\/\/dev.adnart.com\/fr\/wp-json\/wp\/v2\/product_tag?post=25987"},{"taxonomy":"product-themes","embeddable":true,"href":"https:\/\/dev.adnart.com\/fr\/wp-json\/wp\/v2\/product-themes?post=25987"},{"taxonomy":"special","embeddable":true,"href":"https:\/\/dev.adnart.com\/fr\/wp-json\/wp\/v2\/special?post=25987"}],"curies":[{"name":"wp","href":"https:\/\/api.w.org\/{rel}","templated":true}]}}