{"id":25973,"date":"2024-01-10T18:39:21","date_gmt":"2024-01-10T16:39:21","guid":{"rendered":"http:\/\/localhost\/adnartLatest\/shop\/non%20class\u00e9\/gobelet-a-paille-en-verre-asobu-gws16\/"},"modified":"2026-02-19T21:03:49","modified_gmt":"2026-02-19T19:03:49","slug":"asobu-glass-straw-tumbler-gws16","status":"publish","type":"product","link":"https:\/\/dev.adnart.com\/fr\/produit\/asobu-glass-straw-tumbler-gws16\/","title":{"rendered":"Gobelet \u00e0 paille en verre ASOBU &#8211; GWS16"},"content":{"rendered":"<p>\u00c9levez votre niveau d&#8217;hydratation avec le <strong>gobelet <\/strong> \u00e9l\u00e9gant et \u00e9cologique <strong>ASOBU Glass Straw Tumbler <\/strong>. Con\u00e7u pour un style minimaliste et durable, ce gobelet de 16 oz est dot\u00e9 d&#8217;un verre durable et de haute qualit\u00e9, parfait pour un usage quotidien.<\/p>\n<p>Le gobelet est livr\u00e9 avec une paille en verre r\u00e9utilisable, ce qui en fait un excellent choix pour r\u00e9duire les plastiques \u00e0 usage unique. Id\u00e9al pour les boissons froides, c&#8217;est un compagnon polyvalent pour le caf\u00e9 ou le th\u00e9 glac\u00e9, le matcha, la limonade, les smoothies ou l&#8217;eau infus\u00e9e. La large ouverture facilite le nettoyage, l&#8217;ajout de gla\u00e7ons, de tranches de fruits ou d&#8217;autres ingr\u00e9dients pour am\u00e9liorer la qualit\u00e9 de la boisson.<\/p>\n<p>Restez hydrat\u00e9, r\u00e9duisez votre empreinte \u00e9cologique et sirotez avec style gr\u00e2ce \u00e0 cet ustensile indispensable !<\/p>\n<p><strong>Ce produit est exempt de BPA et de plomb.<\/strong><\/p>\n","protected":false},"excerpt":{"rendered":"<p>\u00c9levez votre niveau d&#8217;hydratation avec le gobelet \u00e9l\u00e9gant et \u00e9cologique ASOBU Glass Straw Tumbler . Con\u00e7u pour un style minimaliste<\/p>\n","protected":false},"featured_media":29931,"comment_status":"closed","ping_status":"closed","template":"","meta":{"inventory_464_copy":"<p>[api_inventory]<\/p>\n"},"product_brand":[],"product_cat":[365,1893,2618,1594],"product_tag":[1614,329,1847,2089,2090,1725,2092,2091,1606],"product-themes":[],"special":[],"class_list":{"0":"post-25973","1":"product","2":"type-product","3":"status-publish","4":"has-post-thumbnail","6":"product_cat-articles-de-bar","7":"product_cat-meilleures-ventes","8":"product_cat-tous-les-produits","9":"product_cat-verrerie","10":"product_tag-boissons","11":"product_tag-bouche-large","12":"product_tag-bouteille","13":"product_tag-couvercle-en-bambou","14":"product_tag-couvercle-en-bois","15":"product_tag-gobelet","16":"product_tag-gobelet-en-verre","17":"product_tag-paille-de-verre","18":"product_tag-verre","19":"pa_color-clair","20":"pa_materials-verre","22":"first","23":"instock","24":"purchasable","25":"product-type-simple"},"_links":{"self":[{"href":"https:\/\/dev.adnart.com\/fr\/wp-json\/wp\/v2\/product\/25973","targetHints":{"allow":["GET"]}}],"collection":[{"href":"https:\/\/dev.adnart.com\/fr\/wp-json\/wp\/v2\/product"}],"about":[{"href":"https:\/\/dev.adnart.com\/fr\/wp-json\/wp\/v2\/types\/product"}],"replies":[{"embeddable":true,"href":"https:\/\/dev.adnart.com\/fr\/wp-json\/wp\/v2\/comments?post=25973"}],"version-history":[{"count":2,"href":"https:\/\/dev.adnart.com\/fr\/wp-json\/wp\/v2\/product\/25973\/revisions"}],"predecessor-version":[{"id":31039,"href":"https:\/\/dev.adnart.com\/fr\/wp-json\/wp\/v2\/product\/25973\/revisions\/31039"}],"wp:featuredmedia":[{"embeddable":true,"href":"https:\/\/dev.adnart.com\/fr\/wp-json\/wp\/v2\/media\/29931"}],"wp:attachment":[{"href":"https:\/\/dev.adnart.com\/fr\/wp-json\/wp\/v2\/media?parent=25973"}],"wp:term":[{"taxonomy":"product_brand","embeddable":true,"href":"https:\/\/dev.adnart.com\/fr\/wp-json\/wp\/v2\/product_brand?post=25973"},{"taxonomy":"product_cat","embeddable":true,"href":"https:\/\/dev.adnart.com\/fr\/wp-json\/wp\/v2\/product_cat?post=25973"},{"taxonomy":"product_tag","embeddable":true,"href":"https:\/\/dev.adnart.com\/fr\/wp-json\/wp\/v2\/product_tag?post=25973"},{"taxonomy":"product-themes","embeddable":true,"href":"https:\/\/dev.adnart.com\/fr\/wp-json\/wp\/v2\/product-themes?post=25973"},{"taxonomy":"special","embeddable":true,"href":"https:\/\/dev.adnart.com\/fr\/wp-json\/wp\/v2\/special?post=25973"}],"curies":[{"name":"wp","href":"https:\/\/api.w.org\/{rel}","templated":true}]}}