{"id":25965,"date":"2024-01-10T18:39:35","date_gmt":"2024-01-10T16:39:35","guid":{"rendered":"http:\/\/localhost\/adnartLatest\/shop\/non%20class\u00e9\/gobelet-a-isolation-sous-vide-asobu-superb-sippy-ict200\/"},"modified":"2026-02-19T21:02:35","modified_gmt":"2026-02-19T19:02:35","slug":"20-oz-asobu-superb-sippy-vacuum-insulated-tumbler-ict200","status":"publish","type":"product","link":"https:\/\/dev.adnart.com\/fr\/produit\/20-oz-asobu-superb-sippy-vacuum-insulated-tumbler-ict200\/","title":{"rendered":"ASOBU Super Sippy &#8211; ICT200"},"content":{"rendered":"<p>Il ne s&#8217;agit pas d&#8217;une tasse \u00e0 bec comme les autres, mais d&#8217;une tasse qui change la donne !<\/p>\n<p>Con\u00e7u pour contenir jusqu&#8217;\u00e0 600 ml (20 oz) de votre boisson pr\u00e9f\u00e9r\u00e9e, le gobelet<strong> Super Sippy Cup<\/strong> est un gobelet polyvalent qui convient \u00e0 tous les environnements, que ce soit \u00e0 la salle de sport, au bureau ou \u00e0 la plage. Les boissons restent froides jusqu&#8217;\u00e0 24 heures, ou chaudes jusqu&#8217;\u00e0 12 heures, gr\u00e2ce \u00e0 son corps doubl\u00e9 de cuivre et isol\u00e9 sous vide par une double paroi. Livr\u00e9e avec une paille flexible et r\u00e9utilisable, elle est fabriqu\u00e9e en Tritan\u2122 robuste pour garantir une performance continue et efficace jour apr\u00e8s jour !<\/p>\n<p><strong>Ce produit est exempt de BPA et de plomb.<\/strong><\/p>\n","protected":false},"excerpt":{"rendered":"<p>Il ne s&#8217;agit pas d&#8217;une tasse \u00e0 bec comme les autres, mais d&#8217;une tasse qui change la donne ! Con\u00e7u<\/p>\n","protected":false},"featured_media":30241,"comment_status":"closed","ping_status":"closed","template":"","meta":{"inventory_464_copy":"<p>[api_inventory]<\/p>\n"},"product_brand":[],"product_cat":[1600,276,2383,1893,1612,2131,2618,1664],"product_tag":[1714,1658,303,1887,298,2083,297,2569,2081,2085,2086,2581],"product-themes":[],"special":[],"class_list":{"0":"post-25965","1":"product","2":"type-product","3":"status-publish","4":"has-post-thumbnail","6":"product_cat-acier-inoxydable","7":"product_cat-gobelets","8":"product_cat-inventaire-approfondi","9":"product_cat-meilleures-ventes","10":"product_cat-tasses-et-gobelets-de-voyage","11":"product_cat-tasses-et-gobelets-de-voyage-fr","12":"product_cat-tous-les-produits","13":"product_cat-tritan-fr","14":"product_tag-100-sans-bpa","15":"product_tag-20-oz-fr","16":"product_tag-24-heures-de-froid","17":"product_tag-600-ml-fr","18":"product_tag-acier-inoxydable","19":"product_tag-couvercle-de-couleur-contrastee","20":"product_tag-double-paroi-fr","21":"product_tag-double-wall-fr","22":"product_tag-paille-en-silicone","23":"product_tag-paille-pliable","24":"product_tag-pastel-fr","25":"product_tag-vacuum-insulated-fr","26":"pa_color-blanc","27":"pa_color-bleu-pastel","28":"pa_color-jaune-pastel","29":"pa_color-noir","30":"pa_color-sarcelle-pastel","31":"pa_color-violet-pastel","32":"pa_materials-acier-inoxydable","33":"pa_materials-tritan-fr","35":"first","36":"instock","37":"purchasable","38":"product-type-variable"},"_links":{"self":[{"href":"https:\/\/dev.adnart.com\/fr\/wp-json\/wp\/v2\/product\/25965","targetHints":{"allow":["GET"]}}],"collection":[{"href":"https:\/\/dev.adnart.com\/fr\/wp-json\/wp\/v2\/product"}],"about":[{"href":"https:\/\/dev.adnart.com\/fr\/wp-json\/wp\/v2\/types\/product"}],"replies":[{"embeddable":true,"href":"https:\/\/dev.adnart.com\/fr\/wp-json\/wp\/v2\/comments?post=25965"}],"version-history":[{"count":1,"href":"https:\/\/dev.adnart.com\/fr\/wp-json\/wp\/v2\/product\/25965\/revisions"}],"predecessor-version":[{"id":30399,"href":"https:\/\/dev.adnart.com\/fr\/wp-json\/wp\/v2\/product\/25965\/revisions\/30399"}],"wp:featuredmedia":[{"embeddable":true,"href":"https:\/\/dev.adnart.com\/fr\/wp-json\/wp\/v2\/media\/30241"}],"wp:attachment":[{"href":"https:\/\/dev.adnart.com\/fr\/wp-json\/wp\/v2\/media?parent=25965"}],"wp:term":[{"taxonomy":"product_brand","embeddable":true,"href":"https:\/\/dev.adnart.com\/fr\/wp-json\/wp\/v2\/product_brand?post=25965"},{"taxonomy":"product_cat","embeddable":true,"href":"https:\/\/dev.adnart.com\/fr\/wp-json\/wp\/v2\/product_cat?post=25965"},{"taxonomy":"product_tag","embeddable":true,"href":"https:\/\/dev.adnart.com\/fr\/wp-json\/wp\/v2\/product_tag?post=25965"},{"taxonomy":"product-themes","embeddable":true,"href":"https:\/\/dev.adnart.com\/fr\/wp-json\/wp\/v2\/product-themes?post=25965"},{"taxonomy":"special","embeddable":true,"href":"https:\/\/dev.adnart.com\/fr\/wp-json\/wp\/v2\/special?post=25965"}],"curies":[{"name":"wp","href":"https:\/\/api.w.org\/{rel}","templated":true}]}}