{"id":25963,"date":"2024-01-10T18:36:49","date_gmt":"2024-01-10T16:36:49","guid":{"rendered":"http:\/\/localhost\/adnartLatest\/shop\/non%20class\u00e9\/glaciere-isolee-asobu-12-oz-boites-minces-fc3g\/"},"modified":"2026-02-19T21:14:09","modified_gmt":"2026-02-19T19:14:09","slug":"asobu-insulated-slim-can-cooler-12-oz-slim-cans-fc3g","status":"publish","type":"product","link":"https:\/\/dev.adnart.com\/fr\/produit\/asobu-insulated-slim-can-cooler-12-oz-slim-cans-fc3g\/","title":{"rendered":"Glaci\u00e8re isol\u00e9e ASOBU, 12 Oz. Bo\u00eetes minces &#8211; FC3G"},"content":{"rendered":"<div class=\"flex-shrink-0 flex flex-col relative items-end\">\n<div>\n<div class=\"pt-0\">\n<div class=\"gizmo-bot-avatar flex h-8 w-8 items-center justify-center overflow-hidden rounded-full\">\n<div class=\"relative p-1 rounded-sm flex items-center justify-center bg-token-main-surface-primary text-token-text-primary h-8 w-8\">La <strong>glaci\u00e8re \u00e0 canettes isol\u00e9e ASOBU<\/strong> est la solution parfaite pour garder votre eau de Seltz bien fra\u00eeche. Con\u00e7u avec un manchon mince \u00e0 double paroi isol\u00e9 sous vide, il s&#8217;adapte parfaitement aux bouteilles standard de 12 oz. (354 ml), y compris des options populaires comme White Claw\u00ae et Red Bull\u00ae.  <\/div>\n<\/div>\n<\/div>\n<\/div>\n<\/div>\n<div class=\"group\/conversation-turn relative flex w-full min-w-0 flex-col agent-turn\">\n<div class=\"flex-col gap-1 md:gap-3\">\n<div class=\"flex max-w-full flex-col flex-grow\">\n<div class=\"min-h-8 text-message flex w-full flex-col items-end gap-2 whitespace-normal break-words text-start [.text-message+&amp;]:mt-5\" dir=\"auto\" data-message-author-role=\"assistant\" data-message-id=\"90af3e05-37d8-47e4-b326-f95ac0a260e6\" data-message-model-slug=\"gpt-4o\">\n<div class=\"flex w-full flex-col gap-1 empty:hidden first:pt-[3px]\">\n<div class=\"markdown prose w-full break-words dark:prose-invert light\">\n<p>Gardez votre boisson glac\u00e9e et pr\u00eate \u00e0 \u00eatre d\u00e9gust\u00e9e, quelle que soit l&#8217;occasion &#8211; id\u00e9al pour les rassemblements \u00e0 l&#8217;int\u00e9rieur et les aventures \u00e0 l&#8217;ext\u00e9rieur. Que vous vous d\u00e9tendiez avec une boisson gazeuse ou une autre boisson pr\u00e9f\u00e9r\u00e9e, le refroidisseur de canettes ASOBU garantit que chaque gorg\u00e9e reste parfaitement fra\u00eeche pendant toute la dur\u00e9e de la f\u00eate. <\/p>\n<p><strong>Ce produit est exempt de BPA et de plomb.<\/strong><\/p>\n<\/div>\n<\/div>\n<\/div>\n<\/div>\n<\/div>\n<\/div>\n","protected":false},"excerpt":{"rendered":"<p>La glaci\u00e8re \u00e0 canettes isol\u00e9e ASOBU est la solution parfaite pour garder votre eau de Seltz bien fra\u00eeche. Con\u00e7u avec<\/p>\n","protected":false},"featured_media":30245,"comment_status":"closed","ping_status":"closed","template":"","meta":{"inventory_464_copy":"<p>[api_inventory]<\/p>\n"},"product_brand":[],"product_cat":[1600,2383,364,1575,1893,2618],"product_tag":[2074,298,2076,2569,1822,1823,2078,2030,2080,2082,2084,1738,2581,1821],"product-themes":[],"special":[],"class_list":{"0":"post-25963","1":"product","2":"type-product","3":"status-publish","4":"has-post-thumbnail","6":"product_cat-acier-inoxydable","7":"product_cat-inventaire-approfondi","8":"product_cat-isolateur","9":"product_cat-isolateurs-et-articles-de-bar","10":"product_cat-meilleures-ventes","11":"product_cat-tous-les-produits","12":"product_tag-12-oz-capacite","13":"product_tag-acier-inoxydable","14":"product_tag-boite-slim-drink","15":"product_tag-double-wall-fr","16":"product_tag-en-toute-sincerite","17":"product_tag-isolateur","18":"product_tag-michelaub-ultra-fr","19":"product_tag-plein-air","20":"product_tag-porte-boite","21":"product_tag-porte-bouteille-fr","22":"product_tag-support-isole","23":"product_tag-vacances-fr","24":"product_tag-vacuum-insulated-fr","25":"product_tag-whiteclaw-fr","26":"pa_color-arc-en-ciel","27":"pa_color-blanc","28":"pa_color-bois","29":"pa_color-noir","30":"pa_color-rose","31":"pa_materials-acier-inoxydable","33":"first","34":"instock","35":"purchasable","36":"product-type-variable","37":"has-default-attributes"},"_links":{"self":[{"href":"https:\/\/dev.adnart.com\/fr\/wp-json\/wp\/v2\/product\/25963","targetHints":{"allow":["GET"]}}],"collection":[{"href":"https:\/\/dev.adnart.com\/fr\/wp-json\/wp\/v2\/product"}],"about":[{"href":"https:\/\/dev.adnart.com\/fr\/wp-json\/wp\/v2\/types\/product"}],"replies":[{"embeddable":true,"href":"https:\/\/dev.adnart.com\/fr\/wp-json\/wp\/v2\/comments?post=25963"}],"version-history":[{"count":7,"href":"https:\/\/dev.adnart.com\/fr\/wp-json\/wp\/v2\/product\/25963\/revisions"}],"predecessor-version":[{"id":33952,"href":"https:\/\/dev.adnart.com\/fr\/wp-json\/wp\/v2\/product\/25963\/revisions\/33952"}],"wp:featuredmedia":[{"embeddable":true,"href":"https:\/\/dev.adnart.com\/fr\/wp-json\/wp\/v2\/media\/30245"}],"wp:attachment":[{"href":"https:\/\/dev.adnart.com\/fr\/wp-json\/wp\/v2\/media?parent=25963"}],"wp:term":[{"taxonomy":"product_brand","embeddable":true,"href":"https:\/\/dev.adnart.com\/fr\/wp-json\/wp\/v2\/product_brand?post=25963"},{"taxonomy":"product_cat","embeddable":true,"href":"https:\/\/dev.adnart.com\/fr\/wp-json\/wp\/v2\/product_cat?post=25963"},{"taxonomy":"product_tag","embeddable":true,"href":"https:\/\/dev.adnart.com\/fr\/wp-json\/wp\/v2\/product_tag?post=25963"},{"taxonomy":"product-themes","embeddable":true,"href":"https:\/\/dev.adnart.com\/fr\/wp-json\/wp\/v2\/product-themes?post=25963"},{"taxonomy":"special","embeddable":true,"href":"https:\/\/dev.adnart.com\/fr\/wp-json\/wp\/v2\/special?post=25963"}],"curies":[{"name":"wp","href":"https:\/\/api.w.org\/{rel}","templated":true}]}}