{"id":25924,"date":"2024-01-10T16:35:52","date_gmt":"2024-01-10T16:35:52","guid":{"rendered":"http:\/\/localhost\/adnartLatest\/shop\/non%20class\u00e9\/mug-tour-recycle-asobu-en-acier-inoxydable-recycle-a-91-eco-sm90\/"},"modified":"2026-02-20T06:05:23","modified_gmt":"2026-02-20T04:05:23","slug":"20oz-asobu-recycled-tower-mug-made-of-91-recycled-stainless-steel-eco-sm90","status":"publish","type":"product","link":"https:\/\/dev.adnart.com\/fr\/produit\/20oz-asobu-recycled-tower-mug-made-of-91-recycled-stainless-steel-eco-sm90\/","title":{"rendered":"Mug Tour recycl\u00e9 ASOBU &#8211; ECO SM90"},"content":{"rendered":"<p>ASOBU est fi\u00e8re d&#8217;\u00eatre \u00e0 l&#8217;avant-garde de la vaisselle \u00e9cologique avec des produits fabriqu\u00e9s en acier inoxydable recycl\u00e9 \u00e0 91 %, comme l&#8217;ECO SM90. Le <strong>Tower Mug<\/strong> se distingue par sa robustesse, sa poign\u00e9e ergonomique et son couvercle transparent pratique pour un acc\u00e8s facile. Son <strong>corps en acier inoxydable isol\u00e9 sous vide<\/strong> et son <strong>int\u00e9rieur rev\u00eatu de c\u00e9ramique<\/strong> gardent les boissons chaudes pendant des heures tout en garantissant l&#8217;absence de go\u00fbt m\u00e9tallique &#8211; juste une saveur pure et fra\u00eeche \u00e0 chaque gorg\u00e9e.  <\/p>\n<p>Con\u00e7ue pour s&#8217;adapter \u00e0 tous les porte-gobelets des v\u00e9hicules, cette tasse allie style, fonction et durabilit\u00e9, ce qui en fait le compagnon id\u00e9al de votre mode de vie nomade. Gardez vos boissons fra\u00eeches et savoureuses &#8211; chaudes ou froides jusqu&#8217;\u00e0 la derni\u00e8re goutte ! <\/p>\n<p><strong>Ce produit est exempt de BPA et de plomb.<\/strong><\/p>\n<div class=\"group\/conversation-turn relative flex w-full min-w-0 flex-col agent-turn\">\n<div class=\"flex-col gap-1 md:gap-3\">\n<div class=\"flex max-w-full flex-col flex-grow\">\n<div class=\"min-h-8 text-message flex w-full flex-col items-end gap-2 whitespace-normal break-words text-start [.text-message+&amp;]:mt-5\" dir=\"auto\" data-message-author-role=\"assistant\" data-message-id=\"83fa94a0-e1d0-4af1-a706-b81239a3ba75\" data-message-model-slug=\"gpt-4o\">\n<div class=\"flex w-full flex-col gap-1 empty:hidden first:pt-[3px]\">\n<div class=\"markdown prose w-full break-words dark:prose-invert light\">\n<p>&nbsp;<\/p>\n<p>&nbsp;<\/p>\n<\/div>\n<\/div>\n<\/div>\n<\/div>\n<\/div>\n<\/div>\n","protected":false},"excerpt":{"rendered":"<p>ASOBU est fi\u00e8re d&#8217;\u00eatre \u00e0 l&#8217;avant-garde de la vaisselle \u00e9cologique avec des produits fabriqu\u00e9s en acier inoxydable recycl\u00e9 \u00e0 91<\/p>\n","protected":false},"featured_media":32530,"comment_status":"closed","ping_status":"closed","template":"","meta":{"inventory_464_copy":"<p>[api_inventory]<\/p>\n"},"product_brand":[],"product_cat":[2383,1943,1937,2618],"product_tag":[295,298,1742,1729,2029,443,2027,445,1948,1953,444,2581],"product-themes":[],"special":[],"class_list":{"0":"post-25924","1":"product","2":"type-product","3":"status-publish","4":"has-post-thumbnail","6":"product_cat-inventaire-approfondi","7":"product_cat-recycle-fr","8":"product_cat-recycle","9":"product_cat-tous-les-produits","10":"product_tag-a-lepreuve-des-deversements","11":"product_tag-acier-inoxydable","12":"product_tag-couvercle","13":"product_tag-durable-fr","14":"product_tag-facile-a-transporter","15":"product_tag-gobelet-a-cafe","16":"product_tag-hydratation","17":"product_tag-mug-de-voyage","18":"product_tag-recycle","19":"product_tag-respect-de-lenvironnement","20":"product_tag-tasse-a-cafe-fr","21":"product_tag-vacuum-insulated-fr","22":"pa_color-argent","23":"pa_materials-acier-inoxydable","24":"pa_materials-puramic","25":"pa_materials-recycle","27":"first","28":"instock","29":"purchasable","30":"product-type-simple"},"_links":{"self":[{"href":"https:\/\/dev.adnart.com\/fr\/wp-json\/wp\/v2\/product\/25924","targetHints":{"allow":["GET"]}}],"collection":[{"href":"https:\/\/dev.adnart.com\/fr\/wp-json\/wp\/v2\/product"}],"about":[{"href":"https:\/\/dev.adnart.com\/fr\/wp-json\/wp\/v2\/types\/product"}],"replies":[{"embeddable":true,"href":"https:\/\/dev.adnart.com\/fr\/wp-json\/wp\/v2\/comments?post=25924"}],"version-history":[{"count":7,"href":"https:\/\/dev.adnart.com\/fr\/wp-json\/wp\/v2\/product\/25924\/revisions"}],"predecessor-version":[{"id":33957,"href":"https:\/\/dev.adnart.com\/fr\/wp-json\/wp\/v2\/product\/25924\/revisions\/33957"}],"wp:featuredmedia":[{"embeddable":true,"href":"https:\/\/dev.adnart.com\/fr\/wp-json\/wp\/v2\/media\/32530"}],"wp:attachment":[{"href":"https:\/\/dev.adnart.com\/fr\/wp-json\/wp\/v2\/media?parent=25924"}],"wp:term":[{"taxonomy":"product_brand","embeddable":true,"href":"https:\/\/dev.adnart.com\/fr\/wp-json\/wp\/v2\/product_brand?post=25924"},{"taxonomy":"product_cat","embeddable":true,"href":"https:\/\/dev.adnart.com\/fr\/wp-json\/wp\/v2\/product_cat?post=25924"},{"taxonomy":"product_tag","embeddable":true,"href":"https:\/\/dev.adnart.com\/fr\/wp-json\/wp\/v2\/product_tag?post=25924"},{"taxonomy":"product-themes","embeddable":true,"href":"https:\/\/dev.adnart.com\/fr\/wp-json\/wp\/v2\/product-themes?post=25924"},{"taxonomy":"special","embeddable":true,"href":"https:\/\/dev.adnart.com\/fr\/wp-json\/wp\/v2\/special?post=25924"}],"curies":[{"name":"wp","href":"https:\/\/api.w.org\/{rel}","templated":true}]}}