{"id":25919,"date":"2024-01-10T16:34:01","date_gmt":"2024-01-10T16:34:01","guid":{"rendered":"http:\/\/localhost\/adnartLatest\/shop\/non%20class\u00e9\/shooter-selection-verre-a-shot-carre-ds309\/"},"modified":"2026-02-20T08:52:07","modified_gmt":"2026-02-20T06:52:07","slug":"2-5-oz-shooter-selection-square-shot-glass-screen-printed-ds309","status":"publish","type":"product","link":"https:\/\/dev.adnart.com\/fr\/produit\/2-5-oz-shooter-selection-square-shot-glass-screen-printed-ds309\/","title":{"rendered":"Shooter Selection Verre \u00e0 shot carr\u00e9-DS309"},"content":{"rendered":"<p>Le moderne <strong>DS309<\/strong> fait partie de notre gamme de verres \u00e0 shot de qualit\u00e9 <em>Shooter Selection<\/em>, un excellent compl\u00e9ment \u00e0 tout bar domestique, \u00e0 toute f\u00eate ou \u00e0 tout ensemble de cadeaux. Ce verre \u00e0 shot de 75 ml (2,5 oz) est parfait pour servir vos spiritueux pr\u00e9f\u00e9r\u00e9s en toute simplicit\u00e9 &#8211; de la tequila \u00e0 la vodka, du whisky au rhum, et plus encore. Sa moulure en verre \u00e9pais et ses parois verticales compl\u00e8tent sa forme et son style \u00e9l\u00e9gants. Con\u00e7u pour mesurer, verser et siroter facilement, c&#8217;est un ustensile de bar indispensable. Il peut m\u00eame servir de coupe \u00e0 dessert !    <\/p>\n<p><strong>Ce produit est exempt de BPA et de plomb.<\/strong><\/p>\n","protected":false},"excerpt":{"rendered":"<p>Le moderne DS309 fait partie de notre gamme de verres \u00e0 shot de qualit\u00e9 Shooter Selection, un excellent compl\u00e9ment \u00e0<\/p>\n","protected":false},"featured_media":24600,"comment_status":"closed","ping_status":"closed","template":"","meta":{"inventory_464_copy":"<p>[api_inventory]<\/p>\n"},"product_brand":[],"product_cat":[365,2618,1594],"product_tag":[1630,1631,1619,1614,1633,1627,1616,2575,1601,1623,1597],"product-themes":[],"special":[],"class_list":{"0":"post-25919","1":"product","2":"type-product","3":"status-publish","4":"has-post-thumbnail","6":"product_cat-articles-de-bar","7":"product_cat-tous-les-produits","8":"product_cat-verrerie","9":"product_tag-2-5-oz-fr","10":"product_tag-75-ml-fr","11":"product_tag-base-ponderee","12":"product_tag-boissons","13":"product_tag-carre","14":"product_tag-coup-dalcool","15":"product_tag-fond-epais","16":"product_tag-glassware-fr","17":"product_tag-porte-boissons","18":"product_tag-tireur-de-whisky","19":"product_tag-transparent-fr","20":"pa_color-clair","21":"pa_materials-verre","23":"first","24":"instock","25":"purchasable","26":"product-type-simple"},"_links":{"self":[{"href":"https:\/\/dev.adnart.com\/fr\/wp-json\/wp\/v2\/product\/25919","targetHints":{"allow":["GET"]}}],"collection":[{"href":"https:\/\/dev.adnart.com\/fr\/wp-json\/wp\/v2\/product"}],"about":[{"href":"https:\/\/dev.adnart.com\/fr\/wp-json\/wp\/v2\/types\/product"}],"replies":[{"embeddable":true,"href":"https:\/\/dev.adnart.com\/fr\/wp-json\/wp\/v2\/comments?post=25919"}],"version-history":[{"count":5,"href":"https:\/\/dev.adnart.com\/fr\/wp-json\/wp\/v2\/product\/25919\/revisions"}],"predecessor-version":[{"id":34032,"href":"https:\/\/dev.adnart.com\/fr\/wp-json\/wp\/v2\/product\/25919\/revisions\/34032"}],"wp:featuredmedia":[{"embeddable":true,"href":"https:\/\/dev.adnart.com\/fr\/wp-json\/wp\/v2\/media\/24600"}],"wp:attachment":[{"href":"https:\/\/dev.adnart.com\/fr\/wp-json\/wp\/v2\/media?parent=25919"}],"wp:term":[{"taxonomy":"product_brand","embeddable":true,"href":"https:\/\/dev.adnart.com\/fr\/wp-json\/wp\/v2\/product_brand?post=25919"},{"taxonomy":"product_cat","embeddable":true,"href":"https:\/\/dev.adnart.com\/fr\/wp-json\/wp\/v2\/product_cat?post=25919"},{"taxonomy":"product_tag","embeddable":true,"href":"https:\/\/dev.adnart.com\/fr\/wp-json\/wp\/v2\/product_tag?post=25919"},{"taxonomy":"product-themes","embeddable":true,"href":"https:\/\/dev.adnart.com\/fr\/wp-json\/wp\/v2\/product-themes?post=25919"},{"taxonomy":"special","embeddable":true,"href":"https:\/\/dev.adnart.com\/fr\/wp-json\/wp\/v2\/special?post=25919"}],"curies":[{"name":"wp","href":"https:\/\/api.w.org\/{rel}","templated":true}]}}