{"id":25917,"date":"2024-01-10T16:36:12","date_gmt":"2024-01-10T16:36:12","guid":{"rendered":"http:\/\/localhost\/adnartLatest\/shop\/non%20class\u00e9\/la-tasse-a-cafe-expresso-epm3\/"},"modified":"2026-02-19T21:18:07","modified_gmt":"2026-02-19T19:18:07","slug":"the-espresso-coffee-cup-epm3","status":"publish","type":"product","link":"https:\/\/dev.adnart.com\/fr\/produit\/the-espresso-coffee-cup-epm3\/","title":{"rendered":"The Espresso Coffee Cup &#8211; EPM3"},"content":{"rendered":"<p>D\u00e9gustez le caf\u00e9 pr\u00e9f\u00e9r\u00e9 du monde entier dans la plus petite tasse qui soit : l&#8217;Espresso ! Les passionn\u00e9s de caf\u00e9 sont de plus en plus attir\u00e9s par cette sp\u00e9cialit\u00e9, recherchant la qualit\u00e9, le statut et bien s\u00fbr, la taille unique de la tasse. Avec le choix entre quatre mod\u00e8les distinctifs, optez pour un mod\u00e8le ou une combinaison. Chacune de ces tasses \u00e0 espresso individuelles en c\u00e9ramique arbore une finition noire mate \u00e0 l&#8217;ext\u00e9rieur et un int\u00e9rieur brillant, et peut \u00eatre personnalis\u00e9e avec une impression de logo ou une gravure. Les amateurs de caf\u00e9 s&#8217;int\u00e9ressent plus que jamais \u00e0 cette sp\u00e9cialit\u00e9 : sa qualit\u00e9, son statut et, bien s\u00fbr, la taille particuli\u00e8re de sa tasse. La tasse \u00e0 caf\u00e9 Espresso &#8211; EPM3 ressemble \u00e0 une mini-mug, avec des parois droites et un large goulot. Cette tasse \u00e0 espresso en c\u00e9ramique est noire matte \u00e0 l&#8217;ext\u00e9rieur et brillante \u00e0 l&#8217;int\u00e9rieur. Personnalisez avec un logo imprim\u00e9 ou une gravure profonde.<\/p>\n<p><strong>Ce produit est exempt de BPA et de plomb.<\/strong><\/p>\n<p>&nbsp;<\/p>\n","protected":false},"excerpt":{"rendered":"<p>D\u00e9gustez le caf\u00e9 pr\u00e9f\u00e9r\u00e9 du monde entier dans la plus petite tasse qui soit : l&#8217;Espresso ! Les passionn\u00e9s de<\/p>\n","protected":false},"featured_media":30039,"comment_status":"closed","ping_status":"closed","template":"","meta":{"inventory_464_copy":"<p>[api_inventory]<\/p>\n"},"product_brand":[],"product_cat":[1893,1654,2618],"product_tag":[1794,1773,426,1698,1998,1860,1984,1995,1991,1986,1989,399],"product-themes":[],"special":[],"class_list":{"0":"post-25917","1":"product","2":"type-product","3":"status-publish","4":"has-post-thumbnail","6":"product_cat-meilleures-ventes","7":"product_cat-mugs-en-ceramique","8":"product_cat-tous-les-produits","9":"product_tag-banque-fr","10":"product_tag-bureau","11":"product_tag-cafe","12":"product_tag-ceramique","13":"product_tag-consultant-fr","14":"product_tag-cuisine","15":"product_tag-espresso-fr","16":"product_tag-gestion","17":"product_tag-gravure","18":"product_tag-mat","19":"product_tag-noir","20":"product_tag-restaurant-fr","21":"pa_color-noir","22":"pa_materials-ceramique","24":"first","25":"instock","26":"purchasable","27":"product-type-simple"},"_links":{"self":[{"href":"https:\/\/dev.adnart.com\/fr\/wp-json\/wp\/v2\/product\/25917","targetHints":{"allow":["GET"]}}],"collection":[{"href":"https:\/\/dev.adnart.com\/fr\/wp-json\/wp\/v2\/product"}],"about":[{"href":"https:\/\/dev.adnart.com\/fr\/wp-json\/wp\/v2\/types\/product"}],"replies":[{"embeddable":true,"href":"https:\/\/dev.adnart.com\/fr\/wp-json\/wp\/v2\/comments?post=25917"}],"version-history":[{"count":9,"href":"https:\/\/dev.adnart.com\/fr\/wp-json\/wp\/v2\/product\/25917\/revisions"}],"predecessor-version":[{"id":35498,"href":"https:\/\/dev.adnart.com\/fr\/wp-json\/wp\/v2\/product\/25917\/revisions\/35498"}],"wp:featuredmedia":[{"embeddable":true,"href":"https:\/\/dev.adnart.com\/fr\/wp-json\/wp\/v2\/media\/30039"}],"wp:attachment":[{"href":"https:\/\/dev.adnart.com\/fr\/wp-json\/wp\/v2\/media?parent=25917"}],"wp:term":[{"taxonomy":"product_brand","embeddable":true,"href":"https:\/\/dev.adnart.com\/fr\/wp-json\/wp\/v2\/product_brand?post=25917"},{"taxonomy":"product_cat","embeddable":true,"href":"https:\/\/dev.adnart.com\/fr\/wp-json\/wp\/v2\/product_cat?post=25917"},{"taxonomy":"product_tag","embeddable":true,"href":"https:\/\/dev.adnart.com\/fr\/wp-json\/wp\/v2\/product_tag?post=25917"},{"taxonomy":"product-themes","embeddable":true,"href":"https:\/\/dev.adnart.com\/fr\/wp-json\/wp\/v2\/product-themes?post=25917"},{"taxonomy":"special","embeddable":true,"href":"https:\/\/dev.adnart.com\/fr\/wp-json\/wp\/v2\/special?post=25917"}],"curies":[{"name":"wp","href":"https:\/\/api.w.org\/{rel}","templated":true}]}}