{"id":25915,"date":"2024-01-10T16:34:29","date_gmt":"2024-01-10T16:34:29","guid":{"rendered":"http:\/\/localhost\/adnartLatest\/shop\/non%20class\u00e9\/bouteille-deau-et-de-the-en-verre-dwg10\/"},"modified":"2026-02-20T06:23:08","modified_gmt":"2026-02-20T04:23:08","slug":"14-oz-glass-tea-water-bottle-dwg10","status":"publish","type":"product","link":"https:\/\/dev.adnart.com\/fr\/produit\/14-oz-glass-tea-water-bottle-dwg10\/","title":{"rendered":"Bouteille d&#8217;eau et de th\u00e9 en verre &#8211; DWG10"},"content":{"rendered":"<p>Une nouvelle r\u00e9volution dans les bouteilles ! Notre bouteille d&#8217;eau et de th\u00e9 en verre est dot\u00e9e d&#8217;une double paroi isolante &#8211; les boissons restent chaudes plus longtemps tandis que l&#8217;ext\u00e9rieur reste frais. Le couvercle en acier inoxydable est dot\u00e9 d&#8217;un filtre amovible et d&#8217;une partie sup\u00e9rieure en verre transparent.<\/p>\n<p>Id\u00e9al pour le th\u00e9, l&#8217;eau infus\u00e9e ou d&#8217;autres boissons sans arri\u00e8re-go\u00fbt, il offre \u00e0 la fois style et fonctionnalit\u00e9.<\/p>\n<p><strong>Ce produit est exempt de BPA et de plomb.<\/strong><\/p>\n","protected":false},"excerpt":{"rendered":"<p>Une nouvelle r\u00e9volution dans les bouteilles ! Notre bouteille d&#8217;eau et de th\u00e9 en verre est dot\u00e9e d&#8217;une double paroi<\/p>\n","protected":false},"featured_media":30695,"comment_status":"closed","ping_status":"closed","template":"","meta":{"inventory_464_copy":"<p>[api_inventory]<\/p>\n"},"product_brand":[],"product_cat":[210,1893,2618,1594],"product_tag":[301,2026,2023,1604,300,1601,2019,299,1597],"product-themes":[],"special":[],"class_list":{"0":"post-25915","1":"product","2":"type-product","3":"status-publish","4":"has-post-thumbnail","6":"product_cat-bouteilles","7":"product_cat-meilleures-ventes","8":"product_cat-tous-les-produits","9":"product_cat-verrerie","10":"product_tag-couvercle-amovible","11":"product_tag-couvercle-transparent","12":"product_tag-filtre-a-infusion-amovible","13":"product_tag-infuseur-a-the","14":"product_tag-lavable-au-lave-vaisselle","15":"product_tag-porte-boissons","16":"product_tag-recipient-en-verre","17":"product_tag-sans-bpa","18":"product_tag-transparent-fr","19":"pa_color-clair","20":"pa_materials-verre","22":"first","23":"instock","24":"purchasable","25":"product-type-simple"},"_links":{"self":[{"href":"https:\/\/dev.adnart.com\/fr\/wp-json\/wp\/v2\/product\/25915","targetHints":{"allow":["GET"]}}],"collection":[{"href":"https:\/\/dev.adnart.com\/fr\/wp-json\/wp\/v2\/product"}],"about":[{"href":"https:\/\/dev.adnart.com\/fr\/wp-json\/wp\/v2\/types\/product"}],"replies":[{"embeddable":true,"href":"https:\/\/dev.adnart.com\/fr\/wp-json\/wp\/v2\/comments?post=25915"}],"version-history":[{"count":4,"href":"https:\/\/dev.adnart.com\/fr\/wp-json\/wp\/v2\/product\/25915\/revisions"}],"predecessor-version":[{"id":33758,"href":"https:\/\/dev.adnart.com\/fr\/wp-json\/wp\/v2\/product\/25915\/revisions\/33758"}],"wp:featuredmedia":[{"embeddable":true,"href":"https:\/\/dev.adnart.com\/fr\/wp-json\/wp\/v2\/media\/30695"}],"wp:attachment":[{"href":"https:\/\/dev.adnart.com\/fr\/wp-json\/wp\/v2\/media?parent=25915"}],"wp:term":[{"taxonomy":"product_brand","embeddable":true,"href":"https:\/\/dev.adnart.com\/fr\/wp-json\/wp\/v2\/product_brand?post=25915"},{"taxonomy":"product_cat","embeddable":true,"href":"https:\/\/dev.adnart.com\/fr\/wp-json\/wp\/v2\/product_cat?post=25915"},{"taxonomy":"product_tag","embeddable":true,"href":"https:\/\/dev.adnart.com\/fr\/wp-json\/wp\/v2\/product_tag?post=25915"},{"taxonomy":"product-themes","embeddable":true,"href":"https:\/\/dev.adnart.com\/fr\/wp-json\/wp\/v2\/product-themes?post=25915"},{"taxonomy":"special","embeddable":true,"href":"https:\/\/dev.adnart.com\/fr\/wp-json\/wp\/v2\/special?post=25915"}],"curies":[{"name":"wp","href":"https:\/\/api.w.org\/{rel}","templated":true}]}}