{"id":25914,"date":"2024-01-10T16:34:14","date_gmt":"2024-01-10T16:34:14","guid":{"rendered":"http:\/\/localhost\/adnartLatest\/shop\/non%20class\u00e9\/verre-a-martini-sans-pied-dw131\/"},"modified":"2026-02-20T06:28:44","modified_gmt":"2026-02-20T04:28:44","slug":"8-25-oz-stemless-martini-glass-screen-printed-dw131","status":"publish","type":"product","link":"https:\/\/dev.adnart.com\/fr\/produit\/8-25-oz-stemless-martini-glass-screen-printed-dw131\/","title":{"rendered":"Verre \u00e0 Martini sans pied &#8211; DW131"},"content":{"rendered":"<p>Chez <em>Ad n Art<\/em>, nous proposons une bonne s\u00e9lection de verres \u00e0 martini, allant de designs ludiques avec des tiges courb\u00e9es et sculpt\u00e9es uniques \u00e0 d&#8217;\u00e9l\u00e9gants verres \u00e0 haute tige avec des coupes de diff\u00e9rentes capacit\u00e9s &#8211; parfaits pour savourer des vodkas et des liqueurs de qualit\u00e9 sup\u00e9rieure. Le DW131 est un verre \u00e0 martini sans pied, \u00e0 la forme \u00e9l\u00e9gante et profil\u00e9e et \u00e0 la base incurv\u00e9e. Il peut contenir 8,25 oz (270 ml) de votre spiritueux pr\u00e9f\u00e9r\u00e9, des cosmos ou m\u00eame des amuse-gueules cr\u00e9atifs et des desserts d\u00e9lectables.  <\/p>\n<p>Notre collection comprend des verres \u00e0 martini adapt\u00e9s aux soir\u00e9es cocktail sophistiqu\u00e9es, aux rassemblements d\u00e9contract\u00e9s et \u00e0 tout ce qui se trouve entre les deux. Fabriqu\u00e9s aux \u00c9tats-Unis ou en Europe, nos verres r\u00e9pondent aux normes de qualit\u00e9 les plus strictes : ils passent au lave-vaisselle, sont durables et suffisamment raffin\u00e9s pour \u00eatre utilis\u00e9s lors de repas raffin\u00e9s et de d\u00e9gustations. <\/p>\n<p><strong>Ce produit est exempt de BPA et de plomb.<\/strong><\/p>\n","protected":false},"excerpt":{"rendered":"<p>Chez Ad n Art, nous proposons une bonne s\u00e9lection de verres \u00e0 martini, allant de designs ludiques avec des tiges<\/p>\n","protected":false},"featured_media":24579,"comment_status":"closed","ping_status":"closed","template":"","meta":{"inventory_464_copy":"<p>[api_inventory]<\/p>\n"},"product_brand":[],"product_cat":[365,2618,1594],"product_tag":[2021,2017,1614,329,1980,2575,1917,1601,2025,1597],"product-themes":[],"special":[],"class_list":{"0":"post-25914","1":"product","2":"type-product","3":"status-publish","4":"has-post-thumbnail","6":"product_cat-articles-de-bar","7":"product_cat-tous-les-produits","8":"product_cat-verrerie","9":"product_tag-270-ml-fr","10":"product_tag-8-25-oz-fr","11":"product_tag-boissons","12":"product_tag-bouche-large","13":"product_tag-conique","14":"product_tag-glassware-fr","15":"product_tag-pieds","16":"product_tag-porte-boissons","17":"product_tag-sirop-a-cocktail","18":"product_tag-transparent-fr","19":"pa_color-clair","20":"pa_materials-verre","22":"first","23":"instock","24":"purchasable","25":"product-type-simple"},"_links":{"self":[{"href":"https:\/\/dev.adnart.com\/fr\/wp-json\/wp\/v2\/product\/25914","targetHints":{"allow":["GET"]}}],"collection":[{"href":"https:\/\/dev.adnart.com\/fr\/wp-json\/wp\/v2\/product"}],"about":[{"href":"https:\/\/dev.adnart.com\/fr\/wp-json\/wp\/v2\/types\/product"}],"replies":[{"embeddable":true,"href":"https:\/\/dev.adnart.com\/fr\/wp-json\/wp\/v2\/comments?post=25914"}],"version-history":[{"count":4,"href":"https:\/\/dev.adnart.com\/fr\/wp-json\/wp\/v2\/product\/25914\/revisions"}],"predecessor-version":[{"id":33972,"href":"https:\/\/dev.adnart.com\/fr\/wp-json\/wp\/v2\/product\/25914\/revisions\/33972"}],"wp:featuredmedia":[{"embeddable":true,"href":"https:\/\/dev.adnart.com\/fr\/wp-json\/wp\/v2\/media\/24579"}],"wp:attachment":[{"href":"https:\/\/dev.adnart.com\/fr\/wp-json\/wp\/v2\/media?parent=25914"}],"wp:term":[{"taxonomy":"product_brand","embeddable":true,"href":"https:\/\/dev.adnart.com\/fr\/wp-json\/wp\/v2\/product_brand?post=25914"},{"taxonomy":"product_cat","embeddable":true,"href":"https:\/\/dev.adnart.com\/fr\/wp-json\/wp\/v2\/product_cat?post=25914"},{"taxonomy":"product_tag","embeddable":true,"href":"https:\/\/dev.adnart.com\/fr\/wp-json\/wp\/v2\/product_tag?post=25914"},{"taxonomy":"product-themes","embeddable":true,"href":"https:\/\/dev.adnart.com\/fr\/wp-json\/wp\/v2\/product-themes?post=25914"},{"taxonomy":"special","embeddable":true,"href":"https:\/\/dev.adnart.com\/fr\/wp-json\/wp\/v2\/special?post=25914"}],"curies":[{"name":"wp","href":"https:\/\/api.w.org\/{rel}","templated":true}]}}