{"id":25911,"date":"2024-01-10T16:34:01","date_gmt":"2024-01-10T16:34:01","guid":{"rendered":"http:\/\/localhost\/adnartLatest\/shop\/non%20class\u00e9\/verre-a-cocktail-shooter-selection-ds307\/"},"modified":"2026-02-20T08:50:20","modified_gmt":"2026-02-20T06:50:20","slug":"2-oz-shooter-selection-shot-glass-screen-printed-ds307","status":"publish","type":"product","link":"https:\/\/dev.adnart.com\/fr\/produit\/2-oz-shooter-selection-shot-glass-screen-printed-ds307\/","title":{"rendered":"Shooter Selection Shot Glass &#8211; DS307"},"content":{"rendered":"<p>Le classique <strong>DS307<\/strong> fait partie de notre gamme de verres \u00e0 shot de qualit\u00e9 <em>Shooter Selection<\/em>, un excellent compl\u00e9ment \u00e0 tout bar domestique, \u00e0 toute f\u00eate ou \u00e0 tout ensemble de cadeaux. Ce verre \u00e0 shot de 59 ml (2 oz) est parfait pour servir directement vos spiritueux pr\u00e9f\u00e9r\u00e9s, de la tequila \u00e0 la vodka, du whisky au rhum, et plus encore. Con\u00e7u pour mesurer, verser et siroter facilement, il est indispensable au bar. Il peut m\u00eame servir de coupe \u00e0 dessert !   <\/p>\n<p><strong>Ce produit est exempt de BPA et de plomb.<\/strong><\/p>\n","protected":false},"excerpt":{"rendered":"<p>Le classique DS307 fait partie de notre gamme de verres \u00e0 shot de qualit\u00e9 Shooter Selection, un excellent compl\u00e9ment \u00e0<\/p>\n","protected":false},"featured_media":29948,"comment_status":"closed","ping_status":"closed","template":"","meta":{"inventory_464_copy":"<p>[api_inventory]<\/p>\n"},"product_brand":[],"product_cat":[365,1893,2618,1594],"product_tag":[1744,1747,1619,1614,1627,1616,2575,1601,1623,1597],"product-themes":[],"special":[],"class_list":{"0":"post-25911","1":"product","2":"type-product","3":"status-publish","4":"has-post-thumbnail","6":"product_cat-articles-de-bar","7":"product_cat-meilleures-ventes","8":"product_cat-tous-les-produits","9":"product_cat-verrerie","10":"product_tag-2-oz-fr","11":"product_tag-59-ml-fr","12":"product_tag-base-ponderee","13":"product_tag-boissons","14":"product_tag-coup-dalcool","15":"product_tag-fond-epais","16":"product_tag-glassware-fr","17":"product_tag-porte-boissons","18":"product_tag-tireur-de-whisky","19":"product_tag-transparent-fr","20":"pa_color-clair","21":"pa_materials-verre","23":"first","24":"instock","25":"purchasable","26":"product-type-simple"},"_links":{"self":[{"href":"https:\/\/dev.adnart.com\/fr\/wp-json\/wp\/v2\/product\/25911","targetHints":{"allow":["GET"]}}],"collection":[{"href":"https:\/\/dev.adnart.com\/fr\/wp-json\/wp\/v2\/product"}],"about":[{"href":"https:\/\/dev.adnart.com\/fr\/wp-json\/wp\/v2\/types\/product"}],"replies":[{"embeddable":true,"href":"https:\/\/dev.adnart.com\/fr\/wp-json\/wp\/v2\/comments?post=25911"}],"version-history":[{"count":8,"href":"https:\/\/dev.adnart.com\/fr\/wp-json\/wp\/v2\/product\/25911\/revisions"}],"predecessor-version":[{"id":34033,"href":"https:\/\/dev.adnart.com\/fr\/wp-json\/wp\/v2\/product\/25911\/revisions\/34033"}],"wp:featuredmedia":[{"embeddable":true,"href":"https:\/\/dev.adnart.com\/fr\/wp-json\/wp\/v2\/media\/29948"}],"wp:attachment":[{"href":"https:\/\/dev.adnart.com\/fr\/wp-json\/wp\/v2\/media?parent=25911"}],"wp:term":[{"taxonomy":"product_brand","embeddable":true,"href":"https:\/\/dev.adnart.com\/fr\/wp-json\/wp\/v2\/product_brand?post=25911"},{"taxonomy":"product_cat","embeddable":true,"href":"https:\/\/dev.adnart.com\/fr\/wp-json\/wp\/v2\/product_cat?post=25911"},{"taxonomy":"product_tag","embeddable":true,"href":"https:\/\/dev.adnart.com\/fr\/wp-json\/wp\/v2\/product_tag?post=25911"},{"taxonomy":"product-themes","embeddable":true,"href":"https:\/\/dev.adnart.com\/fr\/wp-json\/wp\/v2\/product-themes?post=25911"},{"taxonomy":"special","embeddable":true,"href":"https:\/\/dev.adnart.com\/fr\/wp-json\/wp\/v2\/special?post=25911"}],"curies":[{"name":"wp","href":"https:\/\/api.w.org\/{rel}","templated":true}]}}