{"id":25906,"date":"2024-01-10T16:36:06","date_gmt":"2024-01-10T16:36:06","guid":{"rendered":"http:\/\/localhost\/adnartLatest\/shop\/non%20class\u00e9\/la-tasse-a-cafe-espresso-epm2\/"},"modified":"2026-02-20T06:02:22","modified_gmt":"2026-02-20T04:02:22","slug":"old-fashioned-glass-ah107","status":"publish","type":"product","link":"https:\/\/dev.adnart.com\/fr\/produit\/old-fashioned-glass-ah107\/","title":{"rendered":"Verre \u00e0 l&#8217;ancienne &#8211; AH107"},"content":{"rendered":"<p>Ce verre sans pied de 315 ml (10,5 oz) est parfaitement adapt\u00e9 au service des Old Fashioned et autres cocktails, ainsi que du whisky, des spiritueux ou des boissons courantes. Sa silhouette moderne et \u00e9pur\u00e9e et sa base solide offrent une prise confortable tout en rehaussant la pr\u00e9sentation de n&#8217;importe quelle boisson. Durable et \u00e9l\u00e9gant, il constitue un choix polyvalent pour les bars domestiques, les restaurants et les occasions sp\u00e9ciales.   <\/p>\n<p><strong>Ce produit est exempt de BPA et de plomb.<\/strong><\/p>\n","protected":false},"excerpt":{"rendered":"<p>Ce verre sans pied de 315 ml (10,5 oz) est parfaitement adapt\u00e9 au service des Old Fashioned et autres cocktails,<\/p>\n","protected":false},"featured_media":33475,"comment_status":"closed","ping_status":"closed","template":"","meta":{"inventory_464_copy":"<p>[api_inventory]<\/p>\n"},"product_brand":[],"product_cat":[365,2618,1594],"product_tag":[1768,1795,2149,1769,1860,1995,2156,2575,1991,1578,399,1597],"product-themes":[],"special":[],"class_list":{"0":"post-25906","1":"product","2":"type-product","3":"status-publish","4":"has-post-thumbnail","6":"product_cat-articles-de-bar","7":"product_cat-tous-les-produits","8":"product_cat-verrerie","9":"product_tag-alcool","10":"product_tag-articles-de-bar","11":"product_tag-boissons-festives","12":"product_tag-cocktail-fr","13":"product_tag-cuisine","14":"product_tag-gestion","15":"product_tag-glace","16":"product_tag-glassware-fr","17":"product_tag-gravure","18":"product_tag-le-vin","19":"product_tag-restaurant-fr","20":"product_tag-transparent-fr","21":"pa_color-clair","22":"pa_materials-verre","24":"first","25":"instock","26":"purchasable","27":"product-type-simple"},"_links":{"self":[{"href":"https:\/\/dev.adnart.com\/fr\/wp-json\/wp\/v2\/product\/25906","targetHints":{"allow":["GET"]}}],"collection":[{"href":"https:\/\/dev.adnart.com\/fr\/wp-json\/wp\/v2\/product"}],"about":[{"href":"https:\/\/dev.adnart.com\/fr\/wp-json\/wp\/v2\/types\/product"}],"replies":[{"embeddable":true,"href":"https:\/\/dev.adnart.com\/fr\/wp-json\/wp\/v2\/comments?post=25906"}],"version-history":[{"count":10,"href":"https:\/\/dev.adnart.com\/fr\/wp-json\/wp\/v2\/product\/25906\/revisions"}],"predecessor-version":[{"id":34659,"href":"https:\/\/dev.adnart.com\/fr\/wp-json\/wp\/v2\/product\/25906\/revisions\/34659"}],"wp:featuredmedia":[{"embeddable":true,"href":"https:\/\/dev.adnart.com\/fr\/wp-json\/wp\/v2\/media\/33475"}],"wp:attachment":[{"href":"https:\/\/dev.adnart.com\/fr\/wp-json\/wp\/v2\/media?parent=25906"}],"wp:term":[{"taxonomy":"product_brand","embeddable":true,"href":"https:\/\/dev.adnart.com\/fr\/wp-json\/wp\/v2\/product_brand?post=25906"},{"taxonomy":"product_cat","embeddable":true,"href":"https:\/\/dev.adnart.com\/fr\/wp-json\/wp\/v2\/product_cat?post=25906"},{"taxonomy":"product_tag","embeddable":true,"href":"https:\/\/dev.adnart.com\/fr\/wp-json\/wp\/v2\/product_tag?post=25906"},{"taxonomy":"product-themes","embeddable":true,"href":"https:\/\/dev.adnart.com\/fr\/wp-json\/wp\/v2\/product-themes?post=25906"},{"taxonomy":"special","embeddable":true,"href":"https:\/\/dev.adnart.com\/fr\/wp-json\/wp\/v2\/special?post=25906"}],"curies":[{"name":"wp","href":"https:\/\/api.w.org\/{rel}","templated":true}]}}