{"id":25905,"date":"2024-01-10T16:34:09","date_gmt":"2024-01-10T16:34:09","guid":{"rendered":"http:\/\/localhost\/adnartLatest\/shop\/non%20class\u00e9\/verre-a-vin-blanc-sans-pied-dw127\/"},"modified":"2026-02-20T08:44:50","modified_gmt":"2026-02-20T06:44:50","slug":"17-oz-stemless-white-wine-glass-screen-printed-dw127","status":"publish","type":"product","link":"https:\/\/dev.adnart.com\/fr\/produit\/17-oz-stemless-white-wine-glass-screen-printed-dw127\/","title":{"rendered":"Verre \u00e0 vin blanc sans pied &#8211; DW127"},"content":{"rendered":"<p>Le DW127, de style contemporain, fait partie de notre gamme de verres \u00e0 vin sp\u00e9cialis\u00e9s, con\u00e7us pour am\u00e9liorer la d\u00e9gustation des vins blancs. Ce verre \u00e0 vin sans pied de forme moderne &#8220;tumbler&#8221; peut contenir une g\u00e9n\u00e9reuse quantit\u00e9 de 17 oz (503 ml) de vos crus pr\u00e9f\u00e9r\u00e9s. <\/p>\n<p><strong>Ce produit est exempt de BPA et de plomb.<\/strong><\/p>\n","protected":false},"excerpt":{"rendered":"<p>Le DW127, de style contemporain, fait partie de notre gamme de verres \u00e0 vin sp\u00e9cialis\u00e9s, con\u00e7us pour am\u00e9liorer la d\u00e9gustation<\/p>\n","protected":false},"featured_media":28322,"comment_status":"closed","ping_status":"closed","template":"","meta":{"inventory_464_copy":"<p>[api_inventory]<\/p>\n"},"product_brand":[],"product_cat":[365,1893,2618,1594],"product_tag":[1651,2007,1614,1936,329,2575,1601,1930,1597],"product-themes":[],"special":[],"class_list":{"0":"post-25905","1":"product","2":"type-product","3":"status-publish","4":"has-post-thumbnail","6":"product_cat-articles-de-bar","7":"product_cat-meilleures-ventes","8":"product_cat-tous-les-produits","9":"product_cat-verrerie","10":"product_tag-17-oz-fr","11":"product_tag-503-ml-fr","12":"product_tag-boissons","13":"product_tag-bol-rond","14":"product_tag-bouche-large","15":"product_tag-glassware-fr","16":"product_tag-porte-boissons","17":"product_tag-porte-bouteilles","18":"product_tag-transparent-fr","19":"pa_color-clair","20":"pa_materials-verre","22":"first","23":"instock","24":"purchasable","25":"product-type-simple"},"_links":{"self":[{"href":"https:\/\/dev.adnart.com\/fr\/wp-json\/wp\/v2\/product\/25905","targetHints":{"allow":["GET"]}}],"collection":[{"href":"https:\/\/dev.adnart.com\/fr\/wp-json\/wp\/v2\/product"}],"about":[{"href":"https:\/\/dev.adnart.com\/fr\/wp-json\/wp\/v2\/types\/product"}],"replies":[{"embeddable":true,"href":"https:\/\/dev.adnart.com\/fr\/wp-json\/wp\/v2\/comments?post=25905"}],"version-history":[{"count":8,"href":"https:\/\/dev.adnart.com\/fr\/wp-json\/wp\/v2\/product\/25905\/revisions"}],"predecessor-version":[{"id":33977,"href":"https:\/\/dev.adnart.com\/fr\/wp-json\/wp\/v2\/product\/25905\/revisions\/33977"}],"wp:featuredmedia":[{"embeddable":true,"href":"https:\/\/dev.adnart.com\/fr\/wp-json\/wp\/v2\/media\/28322"}],"wp:attachment":[{"href":"https:\/\/dev.adnart.com\/fr\/wp-json\/wp\/v2\/media?parent=25905"}],"wp:term":[{"taxonomy":"product_brand","embeddable":true,"href":"https:\/\/dev.adnart.com\/fr\/wp-json\/wp\/v2\/product_brand?post=25905"},{"taxonomy":"product_cat","embeddable":true,"href":"https:\/\/dev.adnart.com\/fr\/wp-json\/wp\/v2\/product_cat?post=25905"},{"taxonomy":"product_tag","embeddable":true,"href":"https:\/\/dev.adnart.com\/fr\/wp-json\/wp\/v2\/product_tag?post=25905"},{"taxonomy":"product-themes","embeddable":true,"href":"https:\/\/dev.adnart.com\/fr\/wp-json\/wp\/v2\/product-themes?post=25905"},{"taxonomy":"special","embeddable":true,"href":"https:\/\/dev.adnart.com\/fr\/wp-json\/wp\/v2\/special?post=25905"}],"curies":[{"name":"wp","href":"https:\/\/api.w.org\/{rel}","templated":true}]}}