{"id":25904,"date":"2024-01-10T16:33:42","date_gmt":"2024-01-10T16:33:42","guid":{"rendered":"http:\/\/localhost\/adnartLatest\/shop\/non%20class\u00e9\/verre-a-biere-dp810\/"},"modified":"2026-02-21T14:05:55","modified_gmt":"2026-02-21T12:05:55","slug":"16-oz-pilsner-glass-screen-printed-dp810-2","status":"publish","type":"product","link":"https:\/\/dev.adnart.com\/fr\/produit\/16-oz-pilsner-glass-screen-printed-dp810-2\/","title":{"rendered":"Verre \u00e0 bi\u00e8re &#8211; DP810"},"content":{"rendered":"<p>Le verre <strong data-start=\"4\" data-end=\"29\">\u00e0 bi\u00e8re Pilsner &#8211; DP810<\/strong> est un verre \u00e0 bi\u00e8re \u00e9l\u00e9gamment bomb\u00e9, con\u00e7u pour les pilsners et autres bi\u00e8res l\u00e9g\u00e8res. D&#8217;une grande <strong data-start=\"162\" data-end=\"192\">capacit\u00e9 de 480 ml (16 oz)<\/strong>, ce verre haut et l\u00e9g\u00e8rement profil\u00e9 est id\u00e9al pour mettre en valeur la clart\u00e9, l&#8217;effervescence et les teintes dor\u00e9es de la boisson tout en pr\u00e9servant une mousse pour un go\u00fbt optimal. La base robuste offre une excellente stabilit\u00e9, tandis que la partie sup\u00e9rieure qui s&#8217;\u00e9largit l\u00e9g\u00e8rement permet de concentrer les ar\u00f4mes, enrichissant ainsi le profil de saveur global. Fabriqu\u00e9 en verre de haute qualit\u00e9, le DP810 est un choix \u00e9l\u00e9gant pour les amateurs de bi\u00e8re qui appr\u00e9cient \u00e0 la fois l&#8217;esth\u00e9tique et la fonctionnalit\u00e9 de leurs articles de bar.<\/p>\n<p><strong>Ce produit est exempt de BPA et de plomb.<\/strong><\/p>\n","protected":false},"excerpt":{"rendered":"<p>Le verre \u00e0 bi\u00e8re Pilsner &#8211; DP810 est un verre \u00e0 bi\u00e8re \u00e9l\u00e9gamment bomb\u00e9, con\u00e7u pour les pilsners et autres<\/p>\n","protected":false},"featured_media":35553,"comment_status":"closed","ping_status":"closed","template":"","meta":{"inventory_464_copy":"<p>[api_inventory]<\/p>\n"},"product_brand":[],"product_cat":[365,2618,1594],"product_tag":[1669,1680,1973,1934,2006,1614,329,1928,1665,2575,397,1601,1597],"product-themes":[],"special":[],"class_list":{"0":"post-25904","1":"product","2":"type-product","3":"status-publish","4":"has-post-thumbnail","6":"product_cat-articles-de-bar","7":"product_cat-tous-les-produits","8":"product_cat-verrerie","9":"product_tag-16-oz-fr","10":"product_tag-480-ml-fr","11":"product_tag-bas-evase","12":"product_tag-base-epaisse","13":"product_tag-base-lourde","14":"product_tag-boissons","15":"product_tag-bouche-large","16":"product_tag-corps-conique","17":"product_tag-cote-courbe","18":"product_tag-glassware-fr","19":"product_tag-porte-biere","20":"product_tag-porte-boissons","21":"product_tag-transparent-fr","22":"pa_color-clair","23":"pa_materials-verre","25":"first","26":"instock","27":"purchasable","28":"product-type-simple"},"_links":{"self":[{"href":"https:\/\/dev.adnart.com\/fr\/wp-json\/wp\/v2\/product\/25904","targetHints":{"allow":["GET"]}}],"collection":[{"href":"https:\/\/dev.adnart.com\/fr\/wp-json\/wp\/v2\/product"}],"about":[{"href":"https:\/\/dev.adnart.com\/fr\/wp-json\/wp\/v2\/types\/product"}],"replies":[{"embeddable":true,"href":"https:\/\/dev.adnart.com\/fr\/wp-json\/wp\/v2\/comments?post=25904"}],"version-history":[{"count":7,"href":"https:\/\/dev.adnart.com\/fr\/wp-json\/wp\/v2\/product\/25904\/revisions"}],"predecessor-version":[{"id":35547,"href":"https:\/\/dev.adnart.com\/fr\/wp-json\/wp\/v2\/product\/25904\/revisions\/35547"}],"wp:featuredmedia":[{"embeddable":true,"href":"https:\/\/dev.adnart.com\/fr\/wp-json\/wp\/v2\/media\/35553"}],"wp:attachment":[{"href":"https:\/\/dev.adnart.com\/fr\/wp-json\/wp\/v2\/media?parent=25904"}],"wp:term":[{"taxonomy":"product_brand","embeddable":true,"href":"https:\/\/dev.adnart.com\/fr\/wp-json\/wp\/v2\/product_brand?post=25904"},{"taxonomy":"product_cat","embeddable":true,"href":"https:\/\/dev.adnart.com\/fr\/wp-json\/wp\/v2\/product_cat?post=25904"},{"taxonomy":"product_tag","embeddable":true,"href":"https:\/\/dev.adnart.com\/fr\/wp-json\/wp\/v2\/product_tag?post=25904"},{"taxonomy":"product-themes","embeddable":true,"href":"https:\/\/dev.adnart.com\/fr\/wp-json\/wp\/v2\/product-themes?post=25904"},{"taxonomy":"special","embeddable":true,"href":"https:\/\/dev.adnart.com\/fr\/wp-json\/wp\/v2\/special?post=25904"}],"curies":[{"name":"wp","href":"https:\/\/api.w.org\/{rel}","templated":true}]}}