{"id":25903,"date":"2024-01-10T16:33:56","date_gmt":"2024-01-10T16:33:56","guid":{"rendered":"http:\/\/localhost\/adnartLatest\/shop\/non%20class\u00e9\/verre-a-shooter-shooter-selection-tall-ds125\/"},"modified":"2026-02-20T08:55:49","modified_gmt":"2026-02-20T06:55:49","slug":"2-oz-shooter-selection-tall-shot-glass-screen-printed-ds125","status":"publish","type":"product","link":"https:\/\/dev.adnart.com\/fr\/produit\/2-oz-shooter-selection-tall-shot-glass-screen-printed-ds125\/","title":{"rendered":"S\u00e9lection des tireurs &#8211; DS125"},"content":{"rendered":"<p>Le grand <strong>DS125<\/strong> fait partie de notre gamme de verres \u00e0 shot de qualit\u00e9 <em>Shooter Selection<\/em>, un excellent compl\u00e9ment \u00e0 tout bar domestique, \u00e0 toute f\u00eate ou \u00e0 tout ensemble de cadeaux. Ce verre \u00e0 shot de 59 ml (2 oz) est parfait pour servir vos spiritueux pr\u00e9f\u00e9r\u00e9s en toute simplicit\u00e9 &#8211; id\u00e9al pour servir des shooters de tequila, des m\u00e9langes et des recettes de shots r\u00e9frig\u00e9r\u00e9s. Sa base \u00e9paisse et son design \u00e9pur\u00e9 \u00e0 faces droites compl\u00e8tent sa forme et son style modernes. Il s&#8217;agit sans aucun doute d&#8217;un article de bar essentiel.  <\/p>\n<p><strong>Ce produit est exempt de BPA et de plomb.<\/strong><\/p>\n","protected":false},"excerpt":{"rendered":"<p>Le grand DS125 fait partie de notre gamme de verres \u00e0 shot de qualit\u00e9 Shooter Selection, un excellent compl\u00e9ment \u00e0<\/p>\n","protected":false},"featured_media":30102,"comment_status":"closed","ping_status":"closed","template":"","meta":{"inventory_464_copy":"<p>[api_inventory]<\/p>\n"},"product_brand":[],"product_cat":[1603,1893,2618],"product_tag":[1744,2001,1619,1614,2005,1615,1616,2575,2003,1601,1623,1597],"product-themes":[],"special":[],"class_list":{"0":"post-25903","1":"product","2":"type-product","3":"status-publish","4":"has-post-thumbnail","6":"product_cat-isolateurs-et-articles-de-bar-fr","7":"product_cat-meilleures-ventes","8":"product_cat-tous-les-produits","9":"product_tag-2-oz-fr","10":"product_tag-59-ml-capacite","11":"product_tag-base-ponderee","12":"product_tag-boissons","13":"product_tag-corps-droit","14":"product_tag-cylindrique","15":"product_tag-fond-epais","16":"product_tag-glassware-fr","17":"product_tag-grand-cordial","18":"product_tag-porte-boissons","19":"product_tag-tireur-de-whisky","20":"product_tag-transparent-fr","21":"pa_color-clair","22":"pa_materials-verre","24":"first","25":"instock","26":"purchasable","27":"product-type-simple"},"_links":{"self":[{"href":"https:\/\/dev.adnart.com\/fr\/wp-json\/wp\/v2\/product\/25903","targetHints":{"allow":["GET"]}}],"collection":[{"href":"https:\/\/dev.adnart.com\/fr\/wp-json\/wp\/v2\/product"}],"about":[{"href":"https:\/\/dev.adnart.com\/fr\/wp-json\/wp\/v2\/types\/product"}],"replies":[{"embeddable":true,"href":"https:\/\/dev.adnart.com\/fr\/wp-json\/wp\/v2\/comments?post=25903"}],"version-history":[{"count":8,"href":"https:\/\/dev.adnart.com\/fr\/wp-json\/wp\/v2\/product\/25903\/revisions"}],"predecessor-version":[{"id":34037,"href":"https:\/\/dev.adnart.com\/fr\/wp-json\/wp\/v2\/product\/25903\/revisions\/34037"}],"wp:featuredmedia":[{"embeddable":true,"href":"https:\/\/dev.adnart.com\/fr\/wp-json\/wp\/v2\/media\/30102"}],"wp:attachment":[{"href":"https:\/\/dev.adnart.com\/fr\/wp-json\/wp\/v2\/media?parent=25903"}],"wp:term":[{"taxonomy":"product_brand","embeddable":true,"href":"https:\/\/dev.adnart.com\/fr\/wp-json\/wp\/v2\/product_brand?post=25903"},{"taxonomy":"product_cat","embeddable":true,"href":"https:\/\/dev.adnart.com\/fr\/wp-json\/wp\/v2\/product_cat?post=25903"},{"taxonomy":"product_tag","embeddable":true,"href":"https:\/\/dev.adnart.com\/fr\/wp-json\/wp\/v2\/product_tag?post=25903"},{"taxonomy":"product-themes","embeddable":true,"href":"https:\/\/dev.adnart.com\/fr\/wp-json\/wp\/v2\/product-themes?post=25903"},{"taxonomy":"special","embeddable":true,"href":"https:\/\/dev.adnart.com\/fr\/wp-json\/wp\/v2\/special?post=25903"}],"curies":[{"name":"wp","href":"https:\/\/api.w.org\/{rel}","templated":true}]}}