{"id":25902,"date":"2024-01-10T16:34:24","date_gmt":"2024-01-10T16:34:24","guid":{"rendered":"http:\/\/localhost\/adnartLatest\/shop\/non%20class\u00e9\/verre-a-vin-dw825\/"},"modified":"2026-02-20T06:24:24","modified_gmt":"2026-02-20T04:24:24","slug":"10-oz-wine-glass-screen-printed-dw825","status":"publish","type":"product","link":"https:\/\/dev.adnart.com\/fr\/produit\/10-oz-wine-glass-screen-printed-dw825\/","title":{"rendered":"Verre \u00e0 vin &#8211; DW825"},"content":{"rendered":"<p>Le DW825, de style classique, fait partie de notre gamme de verres \u00e0 vin sp\u00e9cialis\u00e9s, con\u00e7us pour am\u00e9liorer l&#8217;exp\u00e9rience de d\u00e9gustation des vins &#8211; du porto aux vins de glace. Cet \u00e9l\u00e9gant verre \u00e0 vin est dot\u00e9 d&#8217;une coupe en forme de calice de 315 ml (10,5 oz) et d&#8217;un pied classique et haut, ce qui le rend parfait pour savourer chaque nuance de vos crus pr\u00e9f\u00e9r\u00e9s. <\/p>\n<p>Outre le DW825, nous proposons \u00e9galement des verres \u00e0 pied sp\u00e9cifiques pour les vins blancs et ros\u00e9s, ainsi que des options id\u00e9ales pour les d\u00e9gustations et les repas d\u00e9contract\u00e9s. Chaque pi\u00e8ce de notre collection est fabriqu\u00e9e aux \u00c9tats-Unis ou en Europe, ce qui garantit une qualit\u00e9 optimale. Nos verres \u00e0 pied ne sont pas seulement lavables au lave-vaisselle, ils sont aussi con\u00e7us pour apporter \u00e9l\u00e9gance et sophistication \u00e0 toute occasion de d\u00eener ou de d\u00e9gustation.  <\/p>\n<p><strong>Ce produit est exempt de BPA et de plomb.<\/strong><\/p>\n","protected":false},"excerpt":{"rendered":"<p>Le DW825, de style classique, fait partie de notre gamme de verres \u00e0 vin sp\u00e9cialis\u00e9s, con\u00e7us pour am\u00e9liorer l&#8217;exp\u00e9rience de<\/p>\n","protected":false},"featured_media":29946,"comment_status":"closed","ping_status":"closed","template":"","meta":{"inventory_464_copy":"<p>[api_inventory]<\/p>\n"},"product_brand":[],"product_cat":[365,1893,2618,1594],"product_tag":[2000,1923,1614,1936,329,2575,1917,1930,1983,1597],"product-themes":[],"special":[],"class_list":{"0":"post-25902","1":"product","2":"type-product","3":"status-publish","4":"has-post-thumbnail","6":"product_cat-articles-de-bar","7":"product_cat-meilleures-ventes","8":"product_cat-tous-les-produits","9":"product_cat-verrerie","10":"product_tag-315-ml-capacite","11":"product_tag-base-ronde","12":"product_tag-boissons","13":"product_tag-bol-rond","14":"product_tag-bouche-large","15":"product_tag-glassware-fr","16":"product_tag-pieds","17":"product_tag-porte-bouteilles","18":"product_tag-tige-longue","19":"product_tag-transparent-fr","20":"pa_color-clair","21":"pa_materials-verre","23":"first","24":"instock","25":"purchasable","26":"product-type-simple"},"_links":{"self":[{"href":"https:\/\/dev.adnart.com\/fr\/wp-json\/wp\/v2\/product\/25902","targetHints":{"allow":["GET"]}}],"collection":[{"href":"https:\/\/dev.adnart.com\/fr\/wp-json\/wp\/v2\/product"}],"about":[{"href":"https:\/\/dev.adnart.com\/fr\/wp-json\/wp\/v2\/types\/product"}],"replies":[{"embeddable":true,"href":"https:\/\/dev.adnart.com\/fr\/wp-json\/wp\/v2\/comments?post=25902"}],"version-history":[{"count":8,"href":"https:\/\/dev.adnart.com\/fr\/wp-json\/wp\/v2\/product\/25902\/revisions"}],"predecessor-version":[{"id":33966,"href":"https:\/\/dev.adnart.com\/fr\/wp-json\/wp\/v2\/product\/25902\/revisions\/33966"}],"wp:featuredmedia":[{"embeddable":true,"href":"https:\/\/dev.adnart.com\/fr\/wp-json\/wp\/v2\/media\/29946"}],"wp:attachment":[{"href":"https:\/\/dev.adnart.com\/fr\/wp-json\/wp\/v2\/media?parent=25902"}],"wp:term":[{"taxonomy":"product_brand","embeddable":true,"href":"https:\/\/dev.adnart.com\/fr\/wp-json\/wp\/v2\/product_brand?post=25902"},{"taxonomy":"product_cat","embeddable":true,"href":"https:\/\/dev.adnart.com\/fr\/wp-json\/wp\/v2\/product_cat?post=25902"},{"taxonomy":"product_tag","embeddable":true,"href":"https:\/\/dev.adnart.com\/fr\/wp-json\/wp\/v2\/product_tag?post=25902"},{"taxonomy":"product-themes","embeddable":true,"href":"https:\/\/dev.adnart.com\/fr\/wp-json\/wp\/v2\/product-themes?post=25902"},{"taxonomy":"special","embeddable":true,"href":"https:\/\/dev.adnart.com\/fr\/wp-json\/wp\/v2\/special?post=25902"}],"curies":[{"name":"wp","href":"https:\/\/api.w.org\/{rel}","templated":true}]}}