{"id":25900,"date":"2024-01-10T16:33:42","date_gmt":"2024-01-10T16:33:42","guid":{"rendered":"http:\/\/localhost\/adnartLatest\/shop\/non%20class\u00e9\/verre-a-biere-haut-pilsner-selection-dp809\/"},"modified":"2026-02-20T09:05:00","modified_gmt":"2026-02-20T07:05:00","slug":"13-oz-pilsner-selection-tall-beer-glass-screen-printed-dp809-2","status":"publish","type":"product","link":"https:\/\/dev.adnart.com\/fr\/produit\/13-oz-pilsner-selection-tall-beer-glass-screen-printed-dp809-2\/","title":{"rendered":"Pilsner Selection Tall Beer Glass &#8211; DP809"},"content":{"rendered":"<p>Le <strong data-start=\"4\" data-end=\"49\">grand verre \u00e0 bi\u00e8re Pilsner Selection &#8211; DP809<\/strong> est un objet au design \u00e9pur\u00e9 et \u00e9l\u00e9gant, parfait pour d\u00e9guster des pilsners et d&#8217;autres bi\u00e8res l\u00e9g\u00e8res et gazeuses. D&#8217;une <strong data-start=\"173\" data-end=\"203\">capacit\u00e9 de 390 ml (13 oz)<\/strong>, ce verre haut et \u00e9lanc\u00e9 rehausse l&#8217;attrait visuel de la bi\u00e8re en mettant en valeur sa clart\u00e9 et ses teintes dor\u00e9es, tout en conservant un col mousseux pour une exp\u00e9rience de consommation optimale. La forme l\u00e9g\u00e8rement effil\u00e9e permet de concentrer les ar\u00f4mes et d&#8217;enrichir le profil gustatif de la boisson. Fabriqu\u00e9e en verre de haute qualit\u00e9, elle est dot\u00e9e d&#8217;une <strong data-start=\"534\" data-end=\"557\">base robuste et \u00e9vas\u00e9e<\/strong> qui lui conf\u00e8re une grande stabilit\u00e9 et une esth\u00e9tique raffin\u00e9e. Id\u00e9al pour les pilsners, les lagers et autres bi\u00e8res croustillantes, ce verre vous garantit une exp\u00e9rience de d\u00e9gustation de premier ordre \u00e0 chaque fois que vous le versez.    <\/p>\n<p><strong>Ce produit est exempt de BPA et de plomb.<\/strong><\/p>\n","protected":false},"excerpt":{"rendered":"<p>Le grand verre \u00e0 bi\u00e8re Pilsner Selection &#8211; DP809 est un objet au design \u00e9pur\u00e9 et \u00e9l\u00e9gant, parfait pour d\u00e9guster<\/p>\n","protected":false},"featured_media":30106,"comment_status":"closed","ping_status":"closed","template":"","meta":{"inventory_464_copy":"<p>[api_inventory]<\/p>\n"},"product_brand":[],"product_cat":[365,2618,1594],"product_tag":[347,1993,1973,1934,1614,329,1928,1997,2575,1969,397,1601,1597],"product-themes":[],"special":[],"class_list":{"0":"post-25900","1":"product","2":"type-product","3":"status-publish","4":"has-post-thumbnail","6":"product_cat-articles-de-bar","7":"product_cat-tous-les-produits","8":"product_cat-verrerie","9":"product_tag-13-oz-fr","10":"product_tag-390-ml-fr","11":"product_tag-bas-evase","12":"product_tag-base-epaisse","13":"product_tag-boissons","14":"product_tag-bouche-large","15":"product_tag-corps-conique","16":"product_tag-etroite","17":"product_tag-glassware-fr","18":"product_tag-grande","19":"product_tag-porte-biere","20":"product_tag-porte-boissons","21":"product_tag-transparent-fr","22":"pa_color-clair","23":"pa_materials-verre","25":"first","26":"instock","27":"purchasable","28":"product-type-simple"},"_links":{"self":[{"href":"https:\/\/dev.adnart.com\/fr\/wp-json\/wp\/v2\/product\/25900","targetHints":{"allow":["GET"]}}],"collection":[{"href":"https:\/\/dev.adnart.com\/fr\/wp-json\/wp\/v2\/product"}],"about":[{"href":"https:\/\/dev.adnart.com\/fr\/wp-json\/wp\/v2\/types\/product"}],"replies":[{"embeddable":true,"href":"https:\/\/dev.adnart.com\/fr\/wp-json\/wp\/v2\/comments?post=25900"}],"version-history":[{"count":7,"href":"https:\/\/dev.adnart.com\/fr\/wp-json\/wp\/v2\/product\/25900\/revisions"}],"predecessor-version":[{"id":35509,"href":"https:\/\/dev.adnart.com\/fr\/wp-json\/wp\/v2\/product\/25900\/revisions\/35509"}],"wp:featuredmedia":[{"embeddable":true,"href":"https:\/\/dev.adnart.com\/fr\/wp-json\/wp\/v2\/media\/30106"}],"wp:attachment":[{"href":"https:\/\/dev.adnart.com\/fr\/wp-json\/wp\/v2\/media?parent=25900"}],"wp:term":[{"taxonomy":"product_brand","embeddable":true,"href":"https:\/\/dev.adnart.com\/fr\/wp-json\/wp\/v2\/product_brand?post=25900"},{"taxonomy":"product_cat","embeddable":true,"href":"https:\/\/dev.adnart.com\/fr\/wp-json\/wp\/v2\/product_cat?post=25900"},{"taxonomy":"product_tag","embeddable":true,"href":"https:\/\/dev.adnart.com\/fr\/wp-json\/wp\/v2\/product_tag?post=25900"},{"taxonomy":"product-themes","embeddable":true,"href":"https:\/\/dev.adnart.com\/fr\/wp-json\/wp\/v2\/product-themes?post=25900"},{"taxonomy":"special","embeddable":true,"href":"https:\/\/dev.adnart.com\/fr\/wp-json\/wp\/v2\/special?post=25900"}],"curies":[{"name":"wp","href":"https:\/\/api.w.org\/{rel}","templated":true}]}}