{"id":25899,"date":"2024-01-10T16:34:09","date_gmt":"2024-01-10T16:34:09","guid":{"rendered":"http:\/\/localhost\/adnartLatest\/shop\/non%20class\u00e9\/verre-a-vin-rouge-sans-pied-dw126\/"},"modified":"2026-02-20T08:46:08","modified_gmt":"2026-02-20T06:46:08","slug":"16-75-oz-stemless-red-wine-glass-screen-printed-dw126","status":"publish","type":"product","link":"https:\/\/dev.adnart.com\/fr\/produit\/16-75-oz-stemless-red-wine-glass-screen-printed-dw126\/","title":{"rendered":"Verre \u00e0 vin rouge sans pied &#8211; DW126"},"content":{"rendered":"<p>Le <strong>DW126<\/strong>, de style contemporain, fait partie de notre gamme de verres \u00e0 vin sp\u00e9cialis\u00e9s, con\u00e7us pour am\u00e9liorer la d\u00e9gustation des vins rouges. Ce verre \u00e0 vin sans pied de type &#8220;tumbler&#8221; peut contenir une g\u00e9n\u00e9reuse quantit\u00e9 de 16,75 oz (495 ml) de vos crus pr\u00e9f\u00e9r\u00e9s. <\/p>\n<p><strong>Ce produit est exempt de BPA et de plomb.<\/strong><\/p>\n","protected":false},"excerpt":{"rendered":"<p>Le DW126, de style contemporain, fait partie de notre gamme de verres \u00e0 vin sp\u00e9cialis\u00e9s, con\u00e7us pour am\u00e9liorer la d\u00e9gustation<\/p>\n","protected":false},"featured_media":24589,"comment_status":"closed","ping_status":"closed","template":"","meta":{"inventory_464_copy":"<p>[api_inventory]<\/p>\n"},"product_brand":[],"product_cat":[365,2618,1594],"product_tag":[1990,1994,1614,1936,329,2575,1601,1930,1597],"product-themes":[],"special":[],"class_list":{"0":"post-25899","1":"product","2":"type-product","3":"status-publish","4":"has-post-thumbnail","6":"product_cat-articles-de-bar","7":"product_cat-tous-les-produits","8":"product_cat-verrerie","9":"product_tag-16-75-oz-fr","10":"product_tag-495-ml-capacite","11":"product_tag-boissons","12":"product_tag-bol-rond","13":"product_tag-bouche-large","14":"product_tag-glassware-fr","15":"product_tag-porte-boissons","16":"product_tag-porte-bouteilles","17":"product_tag-transparent-fr","18":"pa_color-clair","19":"pa_materials-verre","21":"first","22":"instock","23":"purchasable","24":"product-type-simple"},"_links":{"self":[{"href":"https:\/\/dev.adnart.com\/fr\/wp-json\/wp\/v2\/product\/25899","targetHints":{"allow":["GET"]}}],"collection":[{"href":"https:\/\/dev.adnart.com\/fr\/wp-json\/wp\/v2\/product"}],"about":[{"href":"https:\/\/dev.adnart.com\/fr\/wp-json\/wp\/v2\/types\/product"}],"replies":[{"embeddable":true,"href":"https:\/\/dev.adnart.com\/fr\/wp-json\/wp\/v2\/comments?post=25899"}],"version-history":[{"count":6,"href":"https:\/\/dev.adnart.com\/fr\/wp-json\/wp\/v2\/product\/25899\/revisions"}],"predecessor-version":[{"id":33973,"href":"https:\/\/dev.adnart.com\/fr\/wp-json\/wp\/v2\/product\/25899\/revisions\/33973"}],"wp:featuredmedia":[{"embeddable":true,"href":"https:\/\/dev.adnart.com\/fr\/wp-json\/wp\/v2\/media\/24589"}],"wp:attachment":[{"href":"https:\/\/dev.adnart.com\/fr\/wp-json\/wp\/v2\/media?parent=25899"}],"wp:term":[{"taxonomy":"product_brand","embeddable":true,"href":"https:\/\/dev.adnart.com\/fr\/wp-json\/wp\/v2\/product_brand?post=25899"},{"taxonomy":"product_cat","embeddable":true,"href":"https:\/\/dev.adnart.com\/fr\/wp-json\/wp\/v2\/product_cat?post=25899"},{"taxonomy":"product_tag","embeddable":true,"href":"https:\/\/dev.adnart.com\/fr\/wp-json\/wp\/v2\/product_tag?post=25899"},{"taxonomy":"product-themes","embeddable":true,"href":"https:\/\/dev.adnart.com\/fr\/wp-json\/wp\/v2\/product-themes?post=25899"},{"taxonomy":"special","embeddable":true,"href":"https:\/\/dev.adnart.com\/fr\/wp-json\/wp\/v2\/special?post=25899"}],"curies":[{"name":"wp","href":"https:\/\/api.w.org\/{rel}","templated":true}]}}