{"id":25897,"date":"2024-01-10T16:35:28","date_gmt":"2024-01-10T16:35:28","guid":{"rendered":"http:\/\/localhost\/adnartLatest\/shop\/non%20class\u00e9\/electrolyte-asobu-eb75\/"},"modified":"2026-02-20T06:13:45","modified_gmt":"2026-02-20T04:13:45","slug":"asobu-electrolyte-eb75","status":"publish","type":"product","link":"https:\/\/dev.adnart.com\/fr\/produit\/asobu-electrolyte-eb75\/","title":{"rendered":"Electrolyte ASOBU &#8211; EB75"},"content":{"rendered":"<p>Les \u00e9lectrolytes aident \u00e0 r\u00e9guler la fonction nerveuse, \u00e0 am\u00e9liorer l&#8217;hydratation et \u00e0 reconstituer les fluides perdus par la transpiration. Notre bouteille d&#8217;\u00e9lectrolytes est parfaite pour stocker vos sachets de poudre d&#8217;\u00e9lectrolytes ou vos suppl\u00e9ments gr\u00e2ce \u00e0 ses deux compartiments de stockage int\u00e9gr\u00e9s et amovibles. Fabriqu\u00e9e en Tritan\u2122 durable, cette bouteille d&#8217;eau de 40 oz est dot\u00e9e d&#8217;une poign\u00e9e facile \u00e0 transporter et d&#8217;un bec verseur \u00e9tanche.<\/p>\n<p><strong>Ce produit est exempt de BPA et de plomb.<\/strong><\/p>\n","protected":false},"excerpt":{"rendered":"<p>Les \u00e9lectrolytes aident \u00e0 r\u00e9guler la fonction nerveuse, \u00e0 am\u00e9liorer l&#8217;hydratation et \u00e0 reconstituer les fluides perdus par la transpiration.<\/p>\n","protected":false},"featured_media":29307,"comment_status":"closed","ping_status":"closed","template":"","meta":{"inventory_464_copy":"<p>[api_inventory]<\/p>\n"},"product_brand":[],"product_cat":[210,1893,2380,2618],"product_tag":[2004,1996,1614,329,1847,1672,1987,1694,1999,424,1988,1992,2002],"product-themes":[],"special":[],"class_list":{"0":"post-25897","1":"product","2":"type-product","3":"status-publish","4":"has-post-thumbnail","6":"product_cat-bouteilles","7":"product_cat-meilleures-ventes","8":"product_cat-nouvel-arrivage","9":"product_cat-tous-les-produits","10":"product_tag-40-oz-bouteille-deau","11":"product_tag-amovible","12":"product_tag-boissons","13":"product_tag-bouche-large","14":"product_tag-bouteille","15":"product_tag-bouteille-deau","16":"product_tag-bouteille-delectrolyte","17":"product_tag-bouteille-de-sport","18":"product_tag-compartiments-de-rangement","19":"product_tag-etancheite","20":"product_tag-flacon-de-pilules","21":"product_tag-poudre-delectrolyte","22":"product_tag-tritan-fr","23":"pa_color-bleu-fr","24":"pa_color-noir","25":"pa_color-rose","26":"pa_color-vert","27":"pa_materials-tritan-fr","29":"first","30":"instock","31":"purchasable","32":"product-type-variable"},"_links":{"self":[{"href":"https:\/\/dev.adnart.com\/fr\/wp-json\/wp\/v2\/product\/25897","targetHints":{"allow":["GET"]}}],"collection":[{"href":"https:\/\/dev.adnart.com\/fr\/wp-json\/wp\/v2\/product"}],"about":[{"href":"https:\/\/dev.adnart.com\/fr\/wp-json\/wp\/v2\/types\/product"}],"replies":[{"embeddable":true,"href":"https:\/\/dev.adnart.com\/fr\/wp-json\/wp\/v2\/comments?post=25897"}],"version-history":[{"count":4,"href":"https:\/\/dev.adnart.com\/fr\/wp-json\/wp\/v2\/product\/25897\/revisions"}],"predecessor-version":[{"id":31685,"href":"https:\/\/dev.adnart.com\/fr\/wp-json\/wp\/v2\/product\/25897\/revisions\/31685"}],"wp:featuredmedia":[{"embeddable":true,"href":"https:\/\/dev.adnart.com\/fr\/wp-json\/wp\/v2\/media\/29307"}],"wp:attachment":[{"href":"https:\/\/dev.adnart.com\/fr\/wp-json\/wp\/v2\/media?parent=25897"}],"wp:term":[{"taxonomy":"product_brand","embeddable":true,"href":"https:\/\/dev.adnart.com\/fr\/wp-json\/wp\/v2\/product_brand?post=25897"},{"taxonomy":"product_cat","embeddable":true,"href":"https:\/\/dev.adnart.com\/fr\/wp-json\/wp\/v2\/product_cat?post=25897"},{"taxonomy":"product_tag","embeddable":true,"href":"https:\/\/dev.adnart.com\/fr\/wp-json\/wp\/v2\/product_tag?post=25897"},{"taxonomy":"product-themes","embeddable":true,"href":"https:\/\/dev.adnart.com\/fr\/wp-json\/wp\/v2\/product-themes?post=25897"},{"taxonomy":"special","embeddable":true,"href":"https:\/\/dev.adnart.com\/fr\/wp-json\/wp\/v2\/special?post=25897"}],"curies":[{"name":"wp","href":"https:\/\/api.w.org\/{rel}","templated":true}]}}