{"id":25894,"date":"2024-01-10T16:33:56","date_gmt":"2024-01-10T16:33:56","guid":{"rendered":"http:\/\/localhost\/adnartLatest\/shop\/non%20class\u00e9\/verre-a-pied-pilsner-selection-dp826\/"},"modified":"2026-02-20T08:54:12","modified_gmt":"2026-02-20T06:54:12","slug":"12-75-oz-pilsner-selection-footed-pilsner-glass-screen-printed-dp826-2","status":"publish","type":"product","link":"https:\/\/dev.adnart.com\/fr\/produit\/12-75-oz-pilsner-selection-footed-pilsner-glass-screen-printed-dp826-2\/","title":{"rendered":"Verre \u00e0 pied Pilsner Selection &#8211; DP826"},"content":{"rendered":"<p>Le verre \u00e0 bi\u00e8re \u00e0 pied <strong>DP826<\/strong> fait partie de notre gamme de verres \u00e0 bi\u00e8re de qualit\u00e9 <em>Pilsner Selection<\/em>. Il constitue un excellent compl\u00e9ment \u00e0 tout bar domestique, \u00e0 toute f\u00eate ou \u00e0 tout ensemble de cadeaux. Ce g\u00e9n\u00e9reux verre de 400 ml (12,75 oz) est parfait pour servir votre bi\u00e8re blonde, artisanale, ou m\u00eame des cocktails, du jus ou de l&#8217;eau. Sa base \u00e0 pied le rend facile \u00e0 tenir et \u00e0 ranger (il s&#8217;accrochera facilement au porte-verre). Un excellent compl\u00e9ment \u00e0 tout bar ou service de nourriture et de boissons.   <\/p>\n<p><strong>Ce produit est exempt de BPA et de plomb.<\/strong><\/p>\n","protected":false},"excerpt":{"rendered":"<p>Le verre \u00e0 bi\u00e8re \u00e0 pied DP826 fait partie de notre gamme de verres \u00e0 bi\u00e8re de qualit\u00e9 Pilsner Selection.<\/p>\n","protected":false},"featured_media":29949,"comment_status":"closed","ping_status":"closed","template":"","meta":{"inventory_464_copy":"<p>[api_inventory]<\/p>\n"},"product_brand":[],"product_cat":[365,1893,2618,1594],"product_tag":[1975,1978,1973,1923,1614,329,1980,2575,1917,397,1601,1982,1597],"product-themes":[],"special":[],"class_list":{"0":"post-25894","1":"product","2":"type-product","3":"status-publish","4":"has-post-thumbnail","6":"product_cat-articles-de-bar","7":"product_cat-meilleures-ventes","8":"product_cat-tous-les-produits","9":"product_cat-verrerie","10":"product_tag-12-75-oz-fr","11":"product_tag-400-ml-fr","12":"product_tag-bas-evase","13":"product_tag-base-ronde","14":"product_tag-boissons","15":"product_tag-bouche-large","16":"product_tag-conique","17":"product_tag-glassware-fr","18":"product_tag-pieds","19":"product_tag-porte-biere","20":"product_tag-porte-boissons","21":"product_tag-tige-courte","22":"product_tag-transparent-fr","23":"pa_color-clair","24":"pa_materials-verre","26":"first","27":"instock","28":"purchasable","29":"product-type-simple"},"_links":{"self":[{"href":"https:\/\/dev.adnart.com\/fr\/wp-json\/wp\/v2\/product\/25894","targetHints":{"allow":["GET"]}}],"collection":[{"href":"https:\/\/dev.adnart.com\/fr\/wp-json\/wp\/v2\/product"}],"about":[{"href":"https:\/\/dev.adnart.com\/fr\/wp-json\/wp\/v2\/types\/product"}],"replies":[{"embeddable":true,"href":"https:\/\/dev.adnart.com\/fr\/wp-json\/wp\/v2\/comments?post=25894"}],"version-history":[{"count":6,"href":"https:\/\/dev.adnart.com\/fr\/wp-json\/wp\/v2\/product\/25894\/revisions"}],"predecessor-version":[{"id":34035,"href":"https:\/\/dev.adnart.com\/fr\/wp-json\/wp\/v2\/product\/25894\/revisions\/34035"}],"wp:featuredmedia":[{"embeddable":true,"href":"https:\/\/dev.adnart.com\/fr\/wp-json\/wp\/v2\/media\/29949"}],"wp:attachment":[{"href":"https:\/\/dev.adnart.com\/fr\/wp-json\/wp\/v2\/media?parent=25894"}],"wp:term":[{"taxonomy":"product_brand","embeddable":true,"href":"https:\/\/dev.adnart.com\/fr\/wp-json\/wp\/v2\/product_brand?post=25894"},{"taxonomy":"product_cat","embeddable":true,"href":"https:\/\/dev.adnart.com\/fr\/wp-json\/wp\/v2\/product_cat?post=25894"},{"taxonomy":"product_tag","embeddable":true,"href":"https:\/\/dev.adnart.com\/fr\/wp-json\/wp\/v2\/product_tag?post=25894"},{"taxonomy":"product-themes","embeddable":true,"href":"https:\/\/dev.adnart.com\/fr\/wp-json\/wp\/v2\/product-themes?post=25894"},{"taxonomy":"special","embeddable":true,"href":"https:\/\/dev.adnart.com\/fr\/wp-json\/wp\/v2\/special?post=25894"}],"curies":[{"name":"wp","href":"https:\/\/api.w.org\/{rel}","templated":true}]}}