{"id":25893,"date":"2024-01-10T16:34:39","date_gmt":"2024-01-10T16:34:39","guid":{"rendered":"http:\/\/localhost\/adnartLatest\/shop\/non%20class\u00e9\/tasse-de-clarte-dwg41\/"},"modified":"2026-02-20T06:20:59","modified_gmt":"2026-02-20T04:20:59","slug":"12-oz-clarity-mug-dwg41","status":"publish","type":"product","link":"https:\/\/dev.adnart.com\/fr\/produit\/12-oz-clarity-mug-dwg41\/","title":{"rendered":"Mug Clarity-DWG41"},"content":{"rendered":"<p>Les verres \u00e0 double paroi sont souffl\u00e9s \u00e0 la bouche par des artisans qualifi\u00e9s, chaque pi\u00e8ce \u00e9tant fabriqu\u00e9e individuellement \u00e0 la main. La construction \u00e0 double paroi offre une excellente isolation thermique, ce qui permet de garder les boissons chaudes au chaud et les boissons froides au frais plus longtemps. En outre, le mug est dot\u00e9 d&#8217;une poign\u00e9e pour une prise en main facile et l&#8217;ext\u00e9rieur reste frais au toucher. De plus, il \u00e9limine le besoin de dessous de verre en \u00e9vitant la condensation d\u00e9sagr\u00e9able. \u00c9l\u00e9gante et fonctionnelle, la tasse Clarity Mug rehausse votre exp\u00e9rience de la boisson.   <\/p>\n<p><strong>Ce produit est exempt de BPA.<\/strong><\/p>\n<p><strong><span style=\"color: #ff6600;\">\u2605 Laver \u00e0 la main <\/span><\/strong><span style=\"color: #ff6600;\">uniquement pour pr\u00e9server leur qualit\u00e9 et \u00e9viter les dommages potentiels caus\u00e9s par la chaleur du lave-vaisselle et les d\u00e9tergents.<\/span><\/p>\n<p><span style=\"color: #ff6600;\">\u2605 Note : Gravure profonde &#8211; Minimum de 48 pi\u00e8ces seulement. Surface : <span data-olk-copy-source=\"MessageBody\">1,5&#8243; x 2 &#8220;W.<\/span>  <\/span><\/p>\n","protected":false},"excerpt":{"rendered":"<p>Les verres \u00e0 double paroi sont souffl\u00e9s \u00e0 la bouche par des artisans qualifi\u00e9s, chaque pi\u00e8ce \u00e9tant fabriqu\u00e9e individuellement \u00e0<\/p>\n","protected":false},"featured_media":34329,"comment_status":"closed","ping_status":"closed","template":"","meta":{"inventory_464_copy":"<p>[api_inventory]<\/p>\n"},"product_brand":[],"product_cat":[1893,277,2618,1594],"product_tag":[2569,1929,1935,1576,1608,1601,334,1597,1606,1971],"product-themes":[],"special":[],"class_list":{"0":"post-25893","1":"product","2":"type-product","3":"status-publish","4":"has-post-thumbnail","6":"product_cat-meilleures-ventes","7":"product_cat-mugs-fr","8":"product_cat-tous-les-produits","9":"product_cat-verrerie","10":"product_tag-double-wall-fr","11":"product_tag-fait-a-la-main","12":"product_tag-fond-plat","13":"product_tag-poignee","14":"product_tag-poignee-doreille","15":"product_tag-porte-boissons","16":"product_tag-rond","17":"product_tag-transparent-fr","18":"product_tag-verre","19":"product_tag-verre-souffle","20":"pa_color-clair","21":"pa_materials-verre","23":"first","24":"instock","25":"purchasable","26":"product-type-simple"},"_links":{"self":[{"href":"https:\/\/dev.adnart.com\/fr\/wp-json\/wp\/v2\/product\/25893","targetHints":{"allow":["GET"]}}],"collection":[{"href":"https:\/\/dev.adnart.com\/fr\/wp-json\/wp\/v2\/product"}],"about":[{"href":"https:\/\/dev.adnart.com\/fr\/wp-json\/wp\/v2\/types\/product"}],"replies":[{"embeddable":true,"href":"https:\/\/dev.adnart.com\/fr\/wp-json\/wp\/v2\/comments?post=25893"}],"version-history":[{"count":10,"href":"https:\/\/dev.adnart.com\/fr\/wp-json\/wp\/v2\/product\/25893\/revisions"}],"predecessor-version":[{"id":34666,"href":"https:\/\/dev.adnart.com\/fr\/wp-json\/wp\/v2\/product\/25893\/revisions\/34666"}],"wp:featuredmedia":[{"embeddable":true,"href":"https:\/\/dev.adnart.com\/fr\/wp-json\/wp\/v2\/media\/34329"}],"wp:attachment":[{"href":"https:\/\/dev.adnart.com\/fr\/wp-json\/wp\/v2\/media?parent=25893"}],"wp:term":[{"taxonomy":"product_brand","embeddable":true,"href":"https:\/\/dev.adnart.com\/fr\/wp-json\/wp\/v2\/product_brand?post=25893"},{"taxonomy":"product_cat","embeddable":true,"href":"https:\/\/dev.adnart.com\/fr\/wp-json\/wp\/v2\/product_cat?post=25893"},{"taxonomy":"product_tag","embeddable":true,"href":"https:\/\/dev.adnart.com\/fr\/wp-json\/wp\/v2\/product_tag?post=25893"},{"taxonomy":"product-themes","embeddable":true,"href":"https:\/\/dev.adnart.com\/fr\/wp-json\/wp\/v2\/product-themes?post=25893"},{"taxonomy":"special","embeddable":true,"href":"https:\/\/dev.adnart.com\/fr\/wp-json\/wp\/v2\/special?post=25893"}],"curies":[{"name":"wp","href":"https:\/\/api.w.org\/{rel}","templated":true}]}}