{"id":25889,"date":"2024-01-10T16:34:39","date_gmt":"2024-01-10T16:34:39","guid":{"rendered":"http:\/\/localhost\/adnartLatest\/shop\/non%20class\u00e9\/verre-a-boire-clarity-tumbler-dwg40\/"},"modified":"2026-02-20T06:20:02","modified_gmt":"2026-02-20T04:20:02","slug":"10-oz-clarity-tumbler-drinking-glass-dwg40","status":"publish","type":"product","link":"https:\/\/dev.adnart.com\/fr\/produit\/10-oz-clarity-tumbler-drinking-glass-dwg40\/","title":{"rendered":"Gobelet Clarity-DWG40"},"content":{"rendered":"<p>Les verres \u00e0 double paroi sont souffl\u00e9s \u00e0 la bouche par des artisans qualifi\u00e9s, chaque pi\u00e8ce \u00e9tant fabriqu\u00e9e individuellement \u00e0 la main. La construction \u00e0 double paroi offre une excellente isolation thermique, ce qui permet de garder les boissons chaudes au chaud et les boissons froides au frais plus longtemps. De plus, l&#8217;ext\u00e9rieur reste frais au toucher et \u00e9limine le besoin de dessous de verre en \u00e9vitant la condensation d\u00e9sagr\u00e9able. \u00c9l\u00e9gant et fonctionnel, le <strong>gobelet Clarity Tumbler<\/strong> rehausse votre exp\u00e9rience de la boisson. <\/p>\n<p><strong>Ce produit est exempt de BPA et de plomb.<\/strong><\/p>\n<p><span style=\"color: #ff6600;\">\u2605 Note : Lavez \u00e0 la main uniquement pour pr\u00e9server leur qualit\u00e9 et \u00e9viter les dommages potentiels caus\u00e9s par la chaleur du lave-vaisselle et les d\u00e9tergents.<\/span><\/p>\n","protected":false},"excerpt":{"rendered":"<p>Les verres \u00e0 double paroi sont souffl\u00e9s \u00e0 la bouche par des artisans qualifi\u00e9s, chaque pi\u00e8ce \u00e9tant fabriqu\u00e9e individuellement \u00e0<\/p>\n","protected":false},"featured_media":29965,"comment_status":"closed","ping_status":"closed","template":"","meta":{"inventory_464_copy":"<p>[api_inventory]<\/p>\n"},"product_brand":[],"product_cat":[1893,2618,1594],"product_tag":[1920,2569,1929,1935,1601,334,1597,1606],"product-themes":[],"special":[],"class_list":{"0":"post-25889","1":"product","2":"type-product","3":"status-publish","4":"has-post-thumbnail","6":"product_cat-meilleures-ventes","7":"product_cat-tous-les-produits","8":"product_cat-verrerie","9":"product_tag-bouche-soufflee","10":"product_tag-double-wall-fr","11":"product_tag-fait-a-la-main","12":"product_tag-fond-plat","13":"product_tag-porte-boissons","14":"product_tag-rond","15":"product_tag-transparent-fr","16":"product_tag-verre","17":"pa_color-clair","18":"pa_materials-verre","20":"first","21":"instock","22":"purchasable","23":"product-type-simple"},"_links":{"self":[{"href":"https:\/\/dev.adnart.com\/fr\/wp-json\/wp\/v2\/product\/25889","targetHints":{"allow":["GET"]}}],"collection":[{"href":"https:\/\/dev.adnart.com\/fr\/wp-json\/wp\/v2\/product"}],"about":[{"href":"https:\/\/dev.adnart.com\/fr\/wp-json\/wp\/v2\/types\/product"}],"replies":[{"embeddable":true,"href":"https:\/\/dev.adnart.com\/fr\/wp-json\/wp\/v2\/comments?post=25889"}],"version-history":[{"count":10,"href":"https:\/\/dev.adnart.com\/fr\/wp-json\/wp\/v2\/product\/25889\/revisions"}],"predecessor-version":[{"id":35507,"href":"https:\/\/dev.adnart.com\/fr\/wp-json\/wp\/v2\/product\/25889\/revisions\/35507"}],"wp:featuredmedia":[{"embeddable":true,"href":"https:\/\/dev.adnart.com\/fr\/wp-json\/wp\/v2\/media\/29965"}],"wp:attachment":[{"href":"https:\/\/dev.adnart.com\/fr\/wp-json\/wp\/v2\/media?parent=25889"}],"wp:term":[{"taxonomy":"product_brand","embeddable":true,"href":"https:\/\/dev.adnart.com\/fr\/wp-json\/wp\/v2\/product_brand?post=25889"},{"taxonomy":"product_cat","embeddable":true,"href":"https:\/\/dev.adnart.com\/fr\/wp-json\/wp\/v2\/product_cat?post=25889"},{"taxonomy":"product_tag","embeddable":true,"href":"https:\/\/dev.adnart.com\/fr\/wp-json\/wp\/v2\/product_tag?post=25889"},{"taxonomy":"product-themes","embeddable":true,"href":"https:\/\/dev.adnart.com\/fr\/wp-json\/wp\/v2\/product-themes?post=25889"},{"taxonomy":"special","embeddable":true,"href":"https:\/\/dev.adnart.com\/fr\/wp-json\/wp\/v2\/special?post=25889"}],"curies":[{"name":"wp","href":"https:\/\/api.w.org\/{rel}","templated":true}]}}