{"id":25888,"date":"2024-01-10T16:36:02","date_gmt":"2024-01-10T16:36:02","guid":{"rendered":"http:\/\/localhost\/adnartLatest\/shop\/non%20class\u00e9\/canyon-asobu-en-acier-inoxydable-recycle-a-91-eco-tmf7\/"},"modified":"2026-02-20T06:04:01","modified_gmt":"2026-02-20T04:04:01","slug":"50-oz-asobu-canyon-made-of-91-recycled-stainless-steel-eco-tmf7","status":"publish","type":"product","link":"https:\/\/dev.adnart.com\/fr\/produit\/50-oz-asobu-canyon-made-of-91-recycled-stainless-steel-eco-tmf7\/","title":{"rendered":"ASOBU Canyon recycl\u00e9-ECO-TMF7"},"content":{"rendered":"<p>Restez hydrat\u00e9 avec notre nouvelle <strong>ASOBU Canyon Eco-TMF7<\/strong> &#8211; fabriqu\u00e9e \u00e0 partir de 91% d&#8217;acier inoxydable recycl\u00e9 ! Avec une grande capacit\u00e9 de 50 oz, il est parfait pour vous rafra\u00eechir tout au long de la journ\u00e9e. Malgr\u00e9 sa taille, la gourde ASOBU Canyon est facile \u00e0 transporter gr\u00e2ce \u00e0 sa poign\u00e9e souple et confortable. De plus, vous pouvez boire sans probl\u00e8me gr\u00e2ce \u00e0 la paille int\u00e9gr\u00e9e &#8211; pas besoin de l&#8217;incliner ou de la tourner \u00e0 l&#8217;envers.   <\/p>\n<p>Une base antid\u00e9rapante en caoutchouc de silicone emp\u00eache la bouteille de glisser (et de faire du bruit lorsque vous la posez). Elle est isol\u00e9e sous vide et garde les boissons chaudes ou froides pendant des heures. Avec l&#8217;ASOBU Canyon, nous avons pens\u00e9 \u00e0 toutes les caract\u00e9ristiques possibles pour am\u00e9liorer l&#8217;hydratation !  <\/p>\n<p><strong>Ce produit est exempt de BPA et de plomb.<\/strong><\/p>\n","protected":false},"excerpt":{"rendered":"<p>Restez hydrat\u00e9 avec notre nouvelle ASOBU Canyon Eco-TMF7 &#8211; fabriqu\u00e9e \u00e0 partir de 91% d&#8217;acier inoxydable recycl\u00e9 ! Avec une<\/p>\n","protected":false},"featured_media":30697,"comment_status":"closed","ping_status":"closed","template":"","meta":{"inventory_464_copy":"<p>[api_inventory]<\/p>\n"},"product_brand":[],"product_cat":[1691,1689,1943,1937,2618],"product_tag":[1956,1692,1948],"product-themes":[],"special":[],"class_list":{"0":"post-25888","1":"product","2":"type-product","3":"status-publish","4":"has-post-thumbnail","6":"product_cat-jugs-fr-2","7":"product_cat-jugs-fr","8":"product_cat-recycle-fr","9":"product_cat-recycle","10":"product_cat-tous-les-produits","11":"product_tag-91-recycle","12":"product_tag-pichet","13":"product_tag-recycle","14":"pa_color-argent","15":"pa_materials-acier-inoxydable","16":"pa_materials-recycle","18":"first","19":"instock","20":"purchasable","21":"product-type-simple"},"_links":{"self":[{"href":"https:\/\/dev.adnart.com\/fr\/wp-json\/wp\/v2\/product\/25888","targetHints":{"allow":["GET"]}}],"collection":[{"href":"https:\/\/dev.adnart.com\/fr\/wp-json\/wp\/v2\/product"}],"about":[{"href":"https:\/\/dev.adnart.com\/fr\/wp-json\/wp\/v2\/types\/product"}],"replies":[{"embeddable":true,"href":"https:\/\/dev.adnart.com\/fr\/wp-json\/wp\/v2\/comments?post=25888"}],"version-history":[{"count":9,"href":"https:\/\/dev.adnart.com\/fr\/wp-json\/wp\/v2\/product\/25888\/revisions"}],"predecessor-version":[{"id":33956,"href":"https:\/\/dev.adnart.com\/fr\/wp-json\/wp\/v2\/product\/25888\/revisions\/33956"}],"wp:featuredmedia":[{"embeddable":true,"href":"https:\/\/dev.adnart.com\/fr\/wp-json\/wp\/v2\/media\/30697"}],"wp:attachment":[{"href":"https:\/\/dev.adnart.com\/fr\/wp-json\/wp\/v2\/media?parent=25888"}],"wp:term":[{"taxonomy":"product_brand","embeddable":true,"href":"https:\/\/dev.adnart.com\/fr\/wp-json\/wp\/v2\/product_brand?post=25888"},{"taxonomy":"product_cat","embeddable":true,"href":"https:\/\/dev.adnart.com\/fr\/wp-json\/wp\/v2\/product_cat?post=25888"},{"taxonomy":"product_tag","embeddable":true,"href":"https:\/\/dev.adnart.com\/fr\/wp-json\/wp\/v2\/product_tag?post=25888"},{"taxonomy":"product-themes","embeddable":true,"href":"https:\/\/dev.adnart.com\/fr\/wp-json\/wp\/v2\/product-themes?post=25888"},{"taxonomy":"special","embeddable":true,"href":"https:\/\/dev.adnart.com\/fr\/wp-json\/wp\/v2\/special?post=25888"}],"curies":[{"name":"wp","href":"https:\/\/api.w.org\/{rel}","templated":true}]}}