{"id":25883,"date":"2024-01-10T16:34:06","date_gmt":"2024-01-10T16:34:06","guid":{"rendered":"http:\/\/localhost\/adnartLatest\/shop\/non%20class\u00e9\/verre-a-vin-blanc-sans-pied-dw124\/"},"modified":"2026-02-20T08:47:36","modified_gmt":"2026-02-20T06:47:36","slug":"9-oz-stemless-white-wine-glass-screen-printed-dw124","status":"publish","type":"product","link":"https:\/\/dev.adnart.com\/fr\/produit\/9-oz-stemless-white-wine-glass-screen-printed-dw124\/","title":{"rendered":"Verre \u00e0 vin blanc sans pied-DW124"},"content":{"rendered":"<p>Les verres \u00e0 vin et \u00e0 martini sans pied ont gagn\u00e9 en popularit\u00e9 au fil des ans et Adnart en a rassembl\u00e9 une grande s\u00e9lection. Le style contemporain <strong>DW124<\/strong> fait partie de notre gamme de verres \u00e0 vin sp\u00e9cialis\u00e9s, con\u00e7us pour am\u00e9liorer l&#8217;exp\u00e9rience de d\u00e9gustation des vins blancs. Ce verre \u00e0 vin sans pied peut contenir 9 oz (270 ml) de votre vin pr\u00e9f\u00e9r\u00e9. C&#8217;est le verre id\u00e9al pour les f\u00eates et les d\u00e9gustations de vin, et sa forme polyvalente peut \u00eatre utilis\u00e9e pour les boissons m\u00e9lang\u00e9es et m\u00eame les desserts.   <\/p>\n<p><strong>Ce produit est exempt de BPA et de plomb.<\/strong><\/p>\n","protected":false},"excerpt":{"rendered":"<p>Les verres \u00e0 vin et \u00e0 martini sans pied ont gagn\u00e9 en popularit\u00e9 au fil des ans et Adnart en<\/p>\n","protected":false},"featured_media":24595,"comment_status":"closed","ping_status":"closed","template":"","meta":{"inventory_464_copy":"<p>[api_inventory]<\/p>\n"},"product_brand":[],"product_cat":[365,1893,2618,1594],"product_tag":[1924,1916,1614,1936,1665,2575,1601,1930,1938,1597],"product-themes":[],"special":[],"class_list":{"0":"post-25883","1":"product","2":"type-product","3":"status-publish","4":"has-post-thumbnail","6":"product_cat-articles-de-bar","7":"product_cat-meilleures-ventes","8":"product_cat-tous-les-produits","9":"product_cat-verrerie","10":"product_tag-270-ml-capacite","11":"product_tag-9-oz-fr","12":"product_tag-boissons","13":"product_tag-bol-rond","14":"product_tag-cote-courbe","15":"product_tag-glassware-fr","16":"product_tag-porte-boissons","17":"product_tag-porte-bouteilles","18":"product_tag-sans-tige","19":"product_tag-transparent-fr","20":"pa_color-clair","21":"pa_materials-verre","23":"first","24":"instock","25":"purchasable","26":"product-type-simple"},"_links":{"self":[{"href":"https:\/\/dev.adnart.com\/fr\/wp-json\/wp\/v2\/product\/25883","targetHints":{"allow":["GET"]}}],"collection":[{"href":"https:\/\/dev.adnart.com\/fr\/wp-json\/wp\/v2\/product"}],"about":[{"href":"https:\/\/dev.adnart.com\/fr\/wp-json\/wp\/v2\/types\/product"}],"replies":[{"embeddable":true,"href":"https:\/\/dev.adnart.com\/fr\/wp-json\/wp\/v2\/comments?post=25883"}],"version-history":[{"count":8,"href":"https:\/\/dev.adnart.com\/fr\/wp-json\/wp\/v2\/product\/25883\/revisions"}],"predecessor-version":[{"id":33979,"href":"https:\/\/dev.adnart.com\/fr\/wp-json\/wp\/v2\/product\/25883\/revisions\/33979"}],"wp:featuredmedia":[{"embeddable":true,"href":"https:\/\/dev.adnart.com\/fr\/wp-json\/wp\/v2\/media\/24595"}],"wp:attachment":[{"href":"https:\/\/dev.adnart.com\/fr\/wp-json\/wp\/v2\/media?parent=25883"}],"wp:term":[{"taxonomy":"product_brand","embeddable":true,"href":"https:\/\/dev.adnart.com\/fr\/wp-json\/wp\/v2\/product_brand?post=25883"},{"taxonomy":"product_cat","embeddable":true,"href":"https:\/\/dev.adnart.com\/fr\/wp-json\/wp\/v2\/product_cat?post=25883"},{"taxonomy":"product_tag","embeddable":true,"href":"https:\/\/dev.adnart.com\/fr\/wp-json\/wp\/v2\/product_tag?post=25883"},{"taxonomy":"product-themes","embeddable":true,"href":"https:\/\/dev.adnart.com\/fr\/wp-json\/wp\/v2\/product-themes?post=25883"},{"taxonomy":"special","embeddable":true,"href":"https:\/\/dev.adnart.com\/fr\/wp-json\/wp\/v2\/special?post=25883"}],"curies":[{"name":"wp","href":"https:\/\/api.w.org\/{rel}","templated":true}]}}