{"id":25874,"date":"2024-01-10T18:48:41","date_gmt":"2024-01-10T16:48:41","guid":{"rendered":"http:\/\/localhost\/adnartLatest\/shop\/non%20class\u00e9\/asobu-orb-sbv30\/"},"modified":"2026-02-23T17:53:38","modified_gmt":"2026-02-23T15:53:38","slug":"14-oz-asobu-orb-vacuum-insulated-water-bottle-sbv30","status":"publish","type":"product","link":"https:\/\/dev.adnart.com\/fr\/produit\/14-oz-asobu-orb-vacuum-insulated-water-bottle-sbv30\/","title":{"rendered":"ASOBU Orb &#8211; SBV30"},"content":{"rendered":"<p><span style=\"color: #ff0000;\"><strong>Nouvelles couleurs pastel !<\/strong><\/span><\/p>\n<p>La bouteille<strong> Orb<\/strong> d&#8217;<strong> ASOBU<\/strong> est fabriqu\u00e9e en acier inoxydable 18\/8 \u00e0 double paroi, isol\u00e9e sous vide et doubl\u00e9e de c\u00e9ramique, ce qui permet de garder votre boisson chaude jusqu&#8217;\u00e0 12 heures et froide jusqu&#8217;\u00e0 24 heures. Sa forme ergonomique et sa prise en main facile en font un compagnon de voyage id\u00e9al. L&#8217;aspect \u00e9tonnant de cette bouteille \u00e9clectique vous d\u00e9marque de la foule des bouteilles isothermes standard sur le march\u00e9 aujourd&#8217;hui.<\/p>\n<p><strong>Ce produit est exempt de BPA et de plomb.<\/strong><\/p>\n","protected":false},"excerpt":{"rendered":"<p>Nouvelles couleurs pastel ! La bouteille Orb d&#8217; ASOBU est fabriqu\u00e9e en acier inoxydable 18\/8 \u00e0 double paroi, isol\u00e9e sous<\/p>\n","protected":false},"featured_media":29668,"comment_status":"closed","ping_status":"closed","template":"","meta":{"inventory_464_copy":"<p>[api_inventory]<\/p>\n"},"product_brand":[],"product_cat":[210,2382,2383,1893,2380,2115,1612,2618],"product_tag":[1714,1911,1910,298,1914,1642,297,1913,1912,1915,441,1621],"product-themes":[],"special":[],"class_list":{"0":"post-25874","1":"product","2":"type-product","3":"status-publish","4":"has-post-thumbnail","6":"product_cat-bouteilles","7":"product_cat-caracteristiques-produits","8":"product_cat-inventaire-approfondi","9":"product_cat-meilleures-ventes","10":"product_cat-nouvel-arrivage","11":"product_cat-puramic-fr-2","12":"product_cat-tasses-et-gobelets-de-voyage","13":"product_cat-tous-les-produits","14":"product_tag-100-sans-bpa","15":"product_tag-14-oz-fr","16":"product_tag-420-ml-fr","17":"product_tag-acier-inoxydable","18":"product_tag-bouteille-deau-couvercle-a-large-ouverture","19":"product_tag-couvercle-facile-a-visser","20":"product_tag-double-paroi-fr","21":"product_tag-exterieur-doux-au-toucher","22":"product_tag-orbe","23":"product_tag-recompense-par-un-prix","24":"product_tag-tasse","25":"product_tag-vente-au-detail","26":"pa_color-argent","27":"pa_color-blanc","28":"pa_color-bleu-fr","29":"pa_color-bleu-pastel","30":"pa_color-gris-ardoise","31":"pa_color-jaune","32":"pa_color-menthe-pastel","33":"pa_color-noir","34":"pa_color-peche-pastel","35":"pa_color-rose-pastel","36":"pa_color-rouge-2","37":"pa_color-sarcelle-pastel","38":"pa_color-vert-pastel","39":"pa_materials-acier-inoxydable","40":"pa_materials-puramic","42":"first","43":"instock","44":"purchasable","45":"product-type-variable"},"_links":{"self":[{"href":"https:\/\/dev.adnart.com\/fr\/wp-json\/wp\/v2\/product\/25874","targetHints":{"allow":["GET"]}}],"collection":[{"href":"https:\/\/dev.adnart.com\/fr\/wp-json\/wp\/v2\/product"}],"about":[{"href":"https:\/\/dev.adnart.com\/fr\/wp-json\/wp\/v2\/types\/product"}],"replies":[{"embeddable":true,"href":"https:\/\/dev.adnart.com\/fr\/wp-json\/wp\/v2\/comments?post=25874"}],"version-history":[{"count":2,"href":"https:\/\/dev.adnart.com\/fr\/wp-json\/wp\/v2\/product\/25874\/revisions"}],"predecessor-version":[{"id":30321,"href":"https:\/\/dev.adnart.com\/fr\/wp-json\/wp\/v2\/product\/25874\/revisions\/30321"}],"wp:featuredmedia":[{"embeddable":true,"href":"https:\/\/dev.adnart.com\/fr\/wp-json\/wp\/v2\/media\/29668"}],"wp:attachment":[{"href":"https:\/\/dev.adnart.com\/fr\/wp-json\/wp\/v2\/media?parent=25874"}],"wp:term":[{"taxonomy":"product_brand","embeddable":true,"href":"https:\/\/dev.adnart.com\/fr\/wp-json\/wp\/v2\/product_brand?post=25874"},{"taxonomy":"product_cat","embeddable":true,"href":"https:\/\/dev.adnart.com\/fr\/wp-json\/wp\/v2\/product_cat?post=25874"},{"taxonomy":"product_tag","embeddable":true,"href":"https:\/\/dev.adnart.com\/fr\/wp-json\/wp\/v2\/product_tag?post=25874"},{"taxonomy":"product-themes","embeddable":true,"href":"https:\/\/dev.adnart.com\/fr\/wp-json\/wp\/v2\/product-themes?post=25874"},{"taxonomy":"special","embeddable":true,"href":"https:\/\/dev.adnart.com\/fr\/wp-json\/wp\/v2\/special?post=25874"}],"curies":[{"name":"wp","href":"https:\/\/api.w.org\/{rel}","templated":true}]}}