{"id":25857,"date":"2024-01-10T18:48:22","date_gmt":"2024-01-10T16:48:22","guid":{"rendered":"http:\/\/localhost\/adnartLatest\/shop\/non%20class\u00e9\/bouteille-deau-isolee-sous-vide-asobu-urban-16-oz-sbv24\/"},"modified":"2026-02-18T11:10:41","modified_gmt":"2026-02-18T09:10:41","slug":"16-oz-asobu-urban-vacuum-insulated-water-bottle-sbv24","status":"publish","type":"product","link":"https:\/\/dev.adnart.com\/fr\/produit\/16-oz-asobu-urban-vacuum-insulated-water-bottle-sbv24\/","title":{"rendered":"Bouteille urbaine ASOBU &#8211; SBV24"},"content":{"rendered":"<p>La ligne de bouteilles <strong>ASOBU Urban<\/strong>, tr\u00e8s tendance, est un accessoire indispensable ! Compl\u00e9tez votre look avec ces bouteilles tr\u00e8s pratiques aux couleurs tendance. Il est isol\u00e9 sous vide par une double paroi en acier inoxydable et reste frais jusqu&#8217;\u00e0 24 heures ! Le couvercle \u00e9tanche et la texture facile \u00e0 saisir en font un compagnon de voyage pratique. La bouteille Urban est l&#8217;accessoire qu&#8217;il vous faut pour compl\u00e9ter votre style.<\/p>\n<p><strong>Ce produit est exempt de BPA et de plomb.<\/strong><\/p>\n","protected":false},"excerpt":{"rendered":"<p>La ligne de bouteilles ASOBU Urban, tr\u00e8s tendance, est un accessoire indispensable ! Compl\u00e9tez votre look avec ces bouteilles tr\u00e8s<\/p>\n","protected":false},"featured_media":29092,"comment_status":"closed","ping_status":"closed","template":"","meta":{"inventory_464_copy":"<p>[api_inventory]<\/p>\n"},"product_brand":[],"product_cat":[210,2383,1893,2618],"product_tag":[303,1894,298,1672,1688,1896,1897,2569,424,300,1626,299,1895,304,1618],"product-themes":[],"special":[],"class_list":{"0":"post-25857","1":"product","2":"type-product","3":"status-publish","4":"has-post-thumbnail","6":"product_cat-bouteilles","7":"product_cat-inventaire-approfondi","8":"product_cat-meilleures-ventes","9":"product_cat-tous-les-produits","10":"product_tag-24-heures-de-froid","11":"product_tag-460-ml-fr-2","12":"product_tag-acier-inoxydable","13":"product_tag-bouteille-deau","14":"product_tag-camping-fr","15":"product_tag-capuchon-torsade","16":"product_tag-couvercle-a-vis","17":"product_tag-double-wall-fr","18":"product_tag-etancheite","19":"product_tag-lavable-au-lave-vaisselle","20":"product_tag-randonnee","21":"product_tag-sans-bpa","22":"product_tag-texture-facile-a-saisir","23":"product_tag-thermos-fr","24":"product_tag-voyage","25":"pa_color-blanc","26":"pa_color-bleu-fr","27":"pa_color-bleu-pastel","28":"pa_color-noir","29":"pa_materials-acier-inoxydable","30":"pa_materials-caoutchouc-de-silicone","31":"pa_materials-pp-fr","32":"pa_materials-tpe-fr","34":"first","35":"instock","36":"purchasable","37":"product-type-variable"},"_links":{"self":[{"href":"https:\/\/dev.adnart.com\/fr\/wp-json\/wp\/v2\/product\/25857","targetHints":{"allow":["GET"]}}],"collection":[{"href":"https:\/\/dev.adnart.com\/fr\/wp-json\/wp\/v2\/product"}],"about":[{"href":"https:\/\/dev.adnart.com\/fr\/wp-json\/wp\/v2\/types\/product"}],"replies":[{"embeddable":true,"href":"https:\/\/dev.adnart.com\/fr\/wp-json\/wp\/v2\/comments?post=25857"}],"version-history":[{"count":3,"href":"https:\/\/dev.adnart.com\/fr\/wp-json\/wp\/v2\/product\/25857\/revisions"}],"predecessor-version":[{"id":30746,"href":"https:\/\/dev.adnart.com\/fr\/wp-json\/wp\/v2\/product\/25857\/revisions\/30746"}],"wp:featuredmedia":[{"embeddable":true,"href":"https:\/\/dev.adnart.com\/fr\/wp-json\/wp\/v2\/media\/29092"}],"wp:attachment":[{"href":"https:\/\/dev.adnart.com\/fr\/wp-json\/wp\/v2\/media?parent=25857"}],"wp:term":[{"taxonomy":"product_brand","embeddable":true,"href":"https:\/\/dev.adnart.com\/fr\/wp-json\/wp\/v2\/product_brand?post=25857"},{"taxonomy":"product_cat","embeddable":true,"href":"https:\/\/dev.adnart.com\/fr\/wp-json\/wp\/v2\/product_cat?post=25857"},{"taxonomy":"product_tag","embeddable":true,"href":"https:\/\/dev.adnart.com\/fr\/wp-json\/wp\/v2\/product_tag?post=25857"},{"taxonomy":"product-themes","embeddable":true,"href":"https:\/\/dev.adnart.com\/fr\/wp-json\/wp\/v2\/product-themes?post=25857"},{"taxonomy":"special","embeddable":true,"href":"https:\/\/dev.adnart.com\/fr\/wp-json\/wp\/v2\/special?post=25857"}],"curies":[{"name":"wp","href":"https:\/\/api.w.org\/{rel}","templated":true}]}}