{"id":25850,"date":"2024-01-10T18:45:43","date_gmt":"2024-01-10T16:45:43","guid":{"rendered":"http:\/\/localhost\/adnartLatest\/shop\/non%20class\u00e9\/tasse-a-the-et-a-cafe-en-quartz-blanc-mug772\/"},"modified":"2026-02-19T20:41:35","modified_gmt":"2026-02-19T18:41:35","slug":"12-oz-white-quartz-tea-coffee-mug-mug772","status":"publish","type":"product","link":"https:\/\/dev.adnart.com\/fr\/produit\/12-oz-white-quartz-tea-coffee-mug-mug772\/","title":{"rendered":"Mug Quartz blanc &#8211; MUG772"},"content":{"rendered":"<p>Commencez votre journ\u00e9e du bon pied avec cette superbe tasse \u00e0 caf\u00e9. La finition blanche mate \u00e9l\u00e9gante et l&#8217;int\u00e9rieur contrast\u00e9 font de la tasse \u00e0 caf\u00e9 en quartz blanc une coupe au-dessus du lot. Que ce soit \u00e0 la maison ou au bureau, un bon caf\u00e9 doit toujours \u00eatre d\u00e9gust\u00e9 avec style. L&#8217;impression par gravure profonde est de (3&#8243; x 1,5&#8243;).<\/p>\n<p><strong>Ce produit est exempt de BPA et de plomb.<\/strong><\/p>\n","protected":false},"excerpt":{"rendered":"<p>Commencez votre journ\u00e9e du bon pied avec cette superbe tasse \u00e0 caf\u00e9. La finition blanche mate \u00e9l\u00e9gante et l&#8217;int\u00e9rieur contrast\u00e9<\/p>\n","protected":false},"featured_media":30709,"comment_status":"closed","ping_status":"closed","template":"","meta":{"inventory_464_copy":"<p>[api_inventory]<\/p>\n"},"product_brand":[],"product_cat":[2383,1893,1654,2618],"product_tag":[1887,1890,1888,1660,1608,1758,1891,369,1889],"product-themes":[],"special":[],"class_list":{"0":"post-25850","1":"product","2":"type-product","3":"status-publish","4":"has-post-thumbnail","6":"product_cat-inventaire-approfondi","7":"product_cat-meilleures-ventes","8":"product_cat-mugs-en-ceramique","9":"product_cat-tous-les-produits","10":"product_tag-600-ml-fr","11":"product_tag-corps-arrondi","12":"product_tag-finition-mate","13":"product_tag-interieur-contraste","14":"product_tag-poignee-doreille","15":"product_tag-porte-boissons-chauds","16":"product_tag-quartz-fr","17":"product_tag-tasse-a-cafe","18":"product_tag-tasse-a-the-fr","19":"pa_color-bleu-fr","20":"pa_color-gris","21":"pa_color-vert-citron","22":"pa_materials-ceramique","24":"first","25":"instock","26":"purchasable","27":"product-type-variable"},"_links":{"self":[{"href":"https:\/\/dev.adnart.com\/fr\/wp-json\/wp\/v2\/product\/25850","targetHints":{"allow":["GET"]}}],"collection":[{"href":"https:\/\/dev.adnart.com\/fr\/wp-json\/wp\/v2\/product"}],"about":[{"href":"https:\/\/dev.adnart.com\/fr\/wp-json\/wp\/v2\/types\/product"}],"replies":[{"embeddable":true,"href":"https:\/\/dev.adnart.com\/fr\/wp-json\/wp\/v2\/comments?post=25850"}],"version-history":[{"count":2,"href":"https:\/\/dev.adnart.com\/fr\/wp-json\/wp\/v2\/product\/25850\/revisions"}],"predecessor-version":[{"id":31023,"href":"https:\/\/dev.adnart.com\/fr\/wp-json\/wp\/v2\/product\/25850\/revisions\/31023"}],"wp:featuredmedia":[{"embeddable":true,"href":"https:\/\/dev.adnart.com\/fr\/wp-json\/wp\/v2\/media\/30709"}],"wp:attachment":[{"href":"https:\/\/dev.adnart.com\/fr\/wp-json\/wp\/v2\/media?parent=25850"}],"wp:term":[{"taxonomy":"product_brand","embeddable":true,"href":"https:\/\/dev.adnart.com\/fr\/wp-json\/wp\/v2\/product_brand?post=25850"},{"taxonomy":"product_cat","embeddable":true,"href":"https:\/\/dev.adnart.com\/fr\/wp-json\/wp\/v2\/product_cat?post=25850"},{"taxonomy":"product_tag","embeddable":true,"href":"https:\/\/dev.adnart.com\/fr\/wp-json\/wp\/v2\/product_tag?post=25850"},{"taxonomy":"product-themes","embeddable":true,"href":"https:\/\/dev.adnart.com\/fr\/wp-json\/wp\/v2\/product-themes?post=25850"},{"taxonomy":"special","embeddable":true,"href":"https:\/\/dev.adnart.com\/fr\/wp-json\/wp\/v2\/special?post=25850"}],"curies":[{"name":"wp","href":"https:\/\/api.w.org\/{rel}","templated":true}]}}