{"id":25841,"date":"2024-01-10T18:41:58","date_gmt":"2024-01-10T16:41:58","guid":{"rendered":"http:\/\/localhost\/adnartLatest\/shop\/non%20class\u00e9\/asobu-on-the-rocks-kuzie-lao21\/"},"modified":"2026-02-20T05:46:50","modified_gmt":"2026-02-20T03:46:50","slug":"asobu-on-the-rocks-kuzie-holiday","status":"publish","type":"product","link":"https:\/\/dev.adnart.com\/fr\/produit\/asobu-on-the-rocks-kuzie-holiday\/","title":{"rendered":"Glaci\u00e8re ASOBU On The Rocks -LAO21"},"content":{"rendered":"<p>La <strong>glaci\u00e8re On The Rocks d&#8217;ASOBU<\/strong> est la pi\u00e8ce id\u00e9ale pour garder votre alcool, votre eau ou votre boisson gazeuse au frais pendant des heures. Ce kuzie unique en son genre s&#8217;adapte au verre \u00e0 l&#8217;ancienne standard fabriqu\u00e9 aux \u00c9tats-Unis (verre inclus). Ces th\u00e8mes de vacances constituent le parfait cadeau de remerciement ou d&#8217;appr\u00e9ciation pour tout client ou employ\u00e9.<\/p>\n<p><strong>Ce produit est exempt de BPA et de plomb.<\/strong><\/p>\n","protected":false},"excerpt":{"rendered":"<p>La glaci\u00e8re On The Rocks d&#8217;ASOBU est la pi\u00e8ce id\u00e9ale pour garder votre alcool, votre eau ou votre boisson gazeuse<\/p>\n","protected":false},"featured_media":31185,"comment_status":"closed","ping_status":"closed","template":"","meta":{"inventory_464_copy":"<p>[api_inventory]<\/p>\n"},"product_brand":[],"product_cat":[2383,1575,1893,2618],"product_tag":[1795,1878,1879,1783,1886,1860,1577,1880,371,1798,1881,1882,1883,226,1885,1877,1876,1738,1621,1884,1799],"product-themes":[],"special":[],"class_list":{"0":"post-25841","1":"product","2":"type-product","3":"status-publish","4":"has-post-thumbnail","6":"product_cat-inventaire-approfondi","7":"product_cat-isolateurs-et-articles-de-bar","8":"product_cat-meilleures-ventes","9":"product_cat-tous-les-produits","10":"product_tag-articles-de-bar","11":"product_tag-asobu-fr","12":"product_tag-cadeaux","13":"product_tag-chaud","14":"product_tag-classe","15":"product_tag-cuisine","16":"product_tag-froid","17":"product_tag-inox","18":"product_tag-isole","19":"product_tag-lancienne-mode","20":"product_tag-noel","21":"product_tag-nouvelle-annee","22":"product_tag-plaid-fr","23":"product_tag-revetement-en-cuivre-fr","24":"product_tag-rouge","25":"product_tag-scotch-fr","26":"product_tag-thanksgiving-fr","27":"product_tag-vacances-fr","28":"product_tag-vente-au-detail","29":"product_tag-vert","30":"product_tag-whisky-fr","31":"pa_color-argent","32":"pa_color-blanc","33":"pa_color-bois","34":"pa_color-chandail","35":"pa_color-flocon-de-neige","36":"pa_color-marbre-de-minuit","37":"pa_color-noir","38":"pa_color-plaid-rouge","39":"pa_color-pull-rose","40":"pa_color-rose","41":"pa_materials-acier-inoxydable","42":"pa_materials-verre","44":"first","45":"instock","46":"purchasable","47":"product-type-variable"},"_links":{"self":[{"href":"https:\/\/dev.adnart.com\/fr\/wp-json\/wp\/v2\/product\/25841","targetHints":{"allow":["GET"]}}],"collection":[{"href":"https:\/\/dev.adnart.com\/fr\/wp-json\/wp\/v2\/product"}],"about":[{"href":"https:\/\/dev.adnart.com\/fr\/wp-json\/wp\/v2\/types\/product"}],"replies":[{"embeddable":true,"href":"https:\/\/dev.adnart.com\/fr\/wp-json\/wp\/v2\/comments?post=25841"}],"version-history":[{"count":2,"href":"https:\/\/dev.adnart.com\/fr\/wp-json\/wp\/v2\/product\/25841\/revisions"}],"predecessor-version":[{"id":31030,"href":"https:\/\/dev.adnart.com\/fr\/wp-json\/wp\/v2\/product\/25841\/revisions\/31030"}],"wp:featuredmedia":[{"embeddable":true,"href":"https:\/\/dev.adnart.com\/fr\/wp-json\/wp\/v2\/media\/31185"}],"wp:attachment":[{"href":"https:\/\/dev.adnart.com\/fr\/wp-json\/wp\/v2\/media?parent=25841"}],"wp:term":[{"taxonomy":"product_brand","embeddable":true,"href":"https:\/\/dev.adnart.com\/fr\/wp-json\/wp\/v2\/product_brand?post=25841"},{"taxonomy":"product_cat","embeddable":true,"href":"https:\/\/dev.adnart.com\/fr\/wp-json\/wp\/v2\/product_cat?post=25841"},{"taxonomy":"product_tag","embeddable":true,"href":"https:\/\/dev.adnart.com\/fr\/wp-json\/wp\/v2\/product_tag?post=25841"},{"taxonomy":"product-themes","embeddable":true,"href":"https:\/\/dev.adnart.com\/fr\/wp-json\/wp\/v2\/product-themes?post=25841"},{"taxonomy":"special","embeddable":true,"href":"https:\/\/dev.adnart.com\/fr\/wp-json\/wp\/v2\/special?post=25841"}],"curies":[{"name":"wp","href":"https:\/\/api.w.org\/{rel}","templated":true}]}}