{"id":25834,"date":"2024-01-10T18:41:23","date_gmt":"2024-01-10T16:41:23","guid":{"rendered":"http:\/\/localhost\/adnartLatest\/shop\/non%20class\u00e9\/asobu-brasseur-portable-isole-coldbrew-kb900\/"},"modified":"2026-02-20T05:55:44","modified_gmt":"2026-02-20T03:55:44","slug":"asobu-coldbrew-insulated-portable-brewer-kb900","status":"publish","type":"product","link":"https:\/\/dev.adnart.com\/fr\/produit\/asobu-coldbrew-insulated-portable-brewer-kb900\/","title":{"rendered":"ASOBU Coldbrew Brasseur portable isol\u00e9 &#8211; KB900"},"content":{"rendered":"<p>L&#8217;<strong>infusion \u00e0 froid<\/strong> &#8211; une m\u00e9thode d&#8217;infusion innovante combinant un gros marc de caf\u00e9, de l&#8217;eau froide et une longue p\u00e9riode d&#8217;infusion. Le caf\u00e9 qui en r\u00e9sulte est plus doux, moins amer et globalement meilleur &#8211; avec un coup de fouet ! <\/p>\n<p>Nous vous pr\u00e9sentons l&#8217;ASOBU KB900**, une cafeti\u00e8re portative isol\u00e9e innovante qui a \u00e9t\u00e9 pr\u00e9sent\u00e9e dans Oprah&#8217;s Favorite Things, Martha Stewart et Forbes &#8211; un must-have pour les amateurs de caf\u00e9 du monde entier. Avec la conception portable de l&#8217;ASOBU KB900, le caf\u00e9 \u00e0 infusion \u00e0 froid peut maintenant \u00eatre d\u00e9gust\u00e9 n&#8217;importe quand, n&#8217;importe o\u00f9.  Il suffit d&#8217;ajouter du caf\u00e9 moulu de grosseur moyenne dans la cafeti\u00e8re, de verser de l&#8217;eau et de laisser infuser pendant 12 \u00e0 18 heures. Appuyez sur un bouton pour transf\u00e9rer le caf\u00e9 infus\u00e9 \u00e0 froid dans la carafe isol\u00e9e en acier inoxydable jointe et ajoutez de la glace. La carafe garde le caf\u00e9 froid toute la journ\u00e9e, ce qui vous permet de d\u00e9guster un caf\u00e9 rafra\u00eechissant et plein d&#8217;ar\u00f4mes \u00e0 tout moment.<\/p>\n<p><strong>Ce produit est exempt de BPA et de plomb.<\/strong><\/p>\n<p>* Produit de l&#8217;ann\u00e9e dans le Top 10 d&#8217;Oprah Winfrey \/ Prix No. 1 \u00e0 l&#8217;Europe Coffee Fest \/ Campagne Kickstarter r\u00e9ussie<\/p>\n<p>**Brevet mondial en cours d&#8217;homologation.<\/p>\n","protected":false},"excerpt":{"rendered":"<p>B<\/p>\n","protected":false},"featured_media":30701,"comment_status":"closed","ping_status":"closed","template":"","meta":{"inventory_464_copy":"<p>[api_inventory]<\/p>\n"},"product_brand":[],"product_cat":[1600,1859,2383,1893,2618,1664],"product_tag":[1870,1773,426,1864,1862,1869,1860,1866,1868,1865,1867,299,1863,427,1861,2581],"product-themes":[],"special":[],"class_list":{"0":"post-25834","1":"product","2":"type-product","3":"status-publish","4":"has-post-thumbnail","6":"product_cat-acier-inoxydable","7":"product_cat-cafetieres","8":"product_cat-inventaire-approfondi","9":"product_cat-meilleures-ventes","10":"product_cat-tous-les-produits","11":"product_cat-tritan-fr","12":"product_tag-bodum-fr","13":"product_tag-bureau","14":"product_tag-cafe","15":"product_tag-carafe-a-biere","16":"product_tag-carafe-portable","17":"product_tag-chemex-fr","18":"product_tag-cuisine","19":"product_tag-goutte-a-goutte","20":"product_tag-infusion-froide","21":"product_tag-keurig-fr","22":"product_tag-presse-francaise","23":"product_tag-sans-bpa","24":"product_tag-starbucks-fr","25":"product_tag-the","26":"product_tag-travail-a-domicile","27":"product_tag-vacuum-insulated-fr","28":"pa_color-argent","29":"pa_color-blanc","30":"pa_color-cuivre","31":"pa_color-noir","32":"pa_materials-acier-inoxydable","33":"pa_materials-tritan-fr","35":"first","36":"instock","37":"purchasable","38":"product-type-variable"},"_links":{"self":[{"href":"https:\/\/dev.adnart.com\/fr\/wp-json\/wp\/v2\/product\/25834","targetHints":{"allow":["GET"]}}],"collection":[{"href":"https:\/\/dev.adnart.com\/fr\/wp-json\/wp\/v2\/product"}],"about":[{"href":"https:\/\/dev.adnart.com\/fr\/wp-json\/wp\/v2\/types\/product"}],"replies":[{"embeddable":true,"href":"https:\/\/dev.adnart.com\/fr\/wp-json\/wp\/v2\/comments?post=25834"}],"version-history":[{"count":6,"href":"https:\/\/dev.adnart.com\/fr\/wp-json\/wp\/v2\/product\/25834\/revisions"}],"predecessor-version":[{"id":33945,"href":"https:\/\/dev.adnart.com\/fr\/wp-json\/wp\/v2\/product\/25834\/revisions\/33945"}],"wp:featuredmedia":[{"embeddable":true,"href":"https:\/\/dev.adnart.com\/fr\/wp-json\/wp\/v2\/media\/30701"}],"wp:attachment":[{"href":"https:\/\/dev.adnart.com\/fr\/wp-json\/wp\/v2\/media?parent=25834"}],"wp:term":[{"taxonomy":"product_brand","embeddable":true,"href":"https:\/\/dev.adnart.com\/fr\/wp-json\/wp\/v2\/product_brand?post=25834"},{"taxonomy":"product_cat","embeddable":true,"href":"https:\/\/dev.adnart.com\/fr\/wp-json\/wp\/v2\/product_cat?post=25834"},{"taxonomy":"product_tag","embeddable":true,"href":"https:\/\/dev.adnart.com\/fr\/wp-json\/wp\/v2\/product_tag?post=25834"},{"taxonomy":"product-themes","embeddable":true,"href":"https:\/\/dev.adnart.com\/fr\/wp-json\/wp\/v2\/product-themes?post=25834"},{"taxonomy":"special","embeddable":true,"href":"https:\/\/dev.adnart.com\/fr\/wp-json\/wp\/v2\/special?post=25834"}],"curies":[{"name":"wp","href":"https:\/\/api.w.org\/{rel}","templated":true}]}}