{"id":25828,"date":"2024-01-10T18:40:03","date_gmt":"2024-01-10T16:40:03","guid":{"rendered":"http:\/\/localhost\/adnartLatest\/shop\/non%20class\u00e9\/asobu-marina-bouteille-deau-et-gobelet-de-voyage-2-en-1-ict400\/"},"modified":"2026-02-19T20:59:22","modified_gmt":"2026-02-19T18:59:22","slug":"asobu-marina-2-in-1-tumbler-ict400","status":"publish","type":"product","link":"https:\/\/dev.adnart.com\/fr\/produit\/asobu-marina-2-in-1-tumbler-ict400\/","title":{"rendered":"ASOBU Marina-ICT400"},"content":{"rendered":"<p><span style=\"color: #ff0000;\">Nouvelles couleurs pastel !<\/span><\/p>\n<p><strong>D\u00e9couvrez la Marina &#8211; votre compagnon de voyage id\u00e9al !<\/strong><\/p>\n<p>Le Marina est plus qu&#8217;un simple gobelet, c&#8217;est une <strong>solution<\/strong> polyvalente <strong>2 en 1.<\/strong> Combinant un <strong>gobelet anti-\u00e9claboussures<\/strong> et une <g id=\"gid_3\">tasse \u00e0 caf\u00e9 isol\u00e9e amovible<\/g>, il est con\u00e7u pour \u00eatre pratique et performant, o\u00f9 que vous alliez. Il est \u00e9quip\u00e9 d&#8217;une paille flexible en silicone, d&#8217;un embout s\u00e9curis\u00e9 pour \u00e9viter les accidents, et de deux couvercles qui peuvent \u00eatre \u00e9chang\u00e9s pour les boissons chaudes et froides. De plus, il est doublement isol\u00e9 pour garder les boissons chaudes ou froides pendant des heures, afin que vous puissiez savourer chaque gorg\u00e9e.   <\/p>\n<p>Que vous passiez une journ\u00e9e au bureau ou que vous partiez \u00e0 l&#8217;aventure, la Marina est votre partenaire id\u00e9al.  <strong>Bon voyage !<\/strong><\/p>\n<p><strong>Ce produit est exempt de BPA et de plomb.<\/strong><\/p>\n","protected":false},"excerpt":{"rendered":"<p>Nouvelles couleurs pastel ! D\u00e9couvrez la Marina &#8211; votre compagnon de voyage id\u00e9al ! Le Marina est plus qu&#8217;un simple<\/p>\n","protected":false},"featured_media":29664,"comment_status":"closed","ping_status":"closed","template":"","meta":{"inventory_464_copy":"<p>[api_inventory]<\/p>\n"},"product_brand":[],"product_cat":[1600,210,2383,1893,2639,2380,1605,1586,2618,1664],"product_tag":[1853,1695,1614,329,1847,1852,1850,1854,443,1848,1849,1851],"product-themes":[],"special":[],"class_list":{"0":"post-25828","1":"product","2":"type-product","3":"status-publish","4":"has-post-thumbnail","6":"product_cat-acier-inoxydable","7":"product_cat-bouteilles","8":"product_cat-inventaire-approfondi","9":"product_cat-meilleures-ventes","10":"product_cat-meilleurs-vendeurs","11":"product_cat-nouvel-arrivage","12":"product_cat-tasses-et-gobelets-en-acier-inoxydable-fr","13":"product_cat-tasses-et-gobelets-en-acier-inoxydable","14":"product_cat-tous-les-produits","15":"product_cat-tritan-fr","16":"product_tag-2-en-1","17":"product_tag-base-antiderapante-fr","18":"product_tag-boissons","19":"product_tag-bouche-large","20":"product_tag-bouteille","21":"product_tag-chaud-froid","22":"product_tag-detachable-fr","23":"product_tag-emballage","24":"product_tag-gobelet-a-cafe","25":"product_tag-gobelet-a-paille-anti-eclaboussures","26":"product_tag-paille-encastree","27":"product_tag-tasse-a-cafe-isotherme","28":"pa_color-basilic-vert","29":"pa_color-blanc","30":"pa_color-bleu-fr","31":"pa_color-bleu-pastel","32":"pa_color-noir","33":"pa_color-peche-pastel","34":"pa_color-rose","35":"pa_color-rose-pastel","36":"pa_color-vert-pastel","37":"pa_materials-acier-inoxydable","38":"pa_materials-tritan-fr","40":"first","41":"instock","42":"purchasable","43":"product-type-variable"},"_links":{"self":[{"href":"https:\/\/dev.adnart.com\/fr\/wp-json\/wp\/v2\/product\/25828","targetHints":{"allow":["GET"]}}],"collection":[{"href":"https:\/\/dev.adnart.com\/fr\/wp-json\/wp\/v2\/product"}],"about":[{"href":"https:\/\/dev.adnart.com\/fr\/wp-json\/wp\/v2\/types\/product"}],"replies":[{"embeddable":true,"href":"https:\/\/dev.adnart.com\/fr\/wp-json\/wp\/v2\/comments?post=25828"}],"version-history":[{"count":9,"href":"https:\/\/dev.adnart.com\/fr\/wp-json\/wp\/v2\/product\/25828\/revisions"}],"predecessor-version":[{"id":33710,"href":"https:\/\/dev.adnart.com\/fr\/wp-json\/wp\/v2\/product\/25828\/revisions\/33710"}],"wp:featuredmedia":[{"embeddable":true,"href":"https:\/\/dev.adnart.com\/fr\/wp-json\/wp\/v2\/media\/29664"}],"wp:attachment":[{"href":"https:\/\/dev.adnart.com\/fr\/wp-json\/wp\/v2\/media?parent=25828"}],"wp:term":[{"taxonomy":"product_brand","embeddable":true,"href":"https:\/\/dev.adnart.com\/fr\/wp-json\/wp\/v2\/product_brand?post=25828"},{"taxonomy":"product_cat","embeddable":true,"href":"https:\/\/dev.adnart.com\/fr\/wp-json\/wp\/v2\/product_cat?post=25828"},{"taxonomy":"product_tag","embeddable":true,"href":"https:\/\/dev.adnart.com\/fr\/wp-json\/wp\/v2\/product_tag?post=25828"},{"taxonomy":"product-themes","embeddable":true,"href":"https:\/\/dev.adnart.com\/fr\/wp-json\/wp\/v2\/product-themes?post=25828"},{"taxonomy":"special","embeddable":true,"href":"https:\/\/dev.adnart.com\/fr\/wp-json\/wp\/v2\/special?post=25828"}],"curies":[{"name":"wp","href":"https:\/\/api.w.org\/{rel}","templated":true}]}}