{"id":25822,"date":"2024-01-10T18:39:48","date_gmt":"2024-01-10T16:39:48","guid":{"rendered":"http:\/\/localhost\/adnartLatest\/shop\/non%20class\u00e9\/asobu-ocean-ict27\/"},"modified":"2026-02-19T21:01:20","modified_gmt":"2026-02-19T19:01:20","slug":"27-oz-asobu-ocean-2-in-1-bottle-and-tumbler","status":"publish","type":"product","link":"https:\/\/dev.adnart.com\/fr\/produit\/27-oz-asobu-ocean-2-in-1-bottle-and-tumbler\/","title":{"rendered":"ASOBU Ocean &#8211; ICT27"},"content":{"rendered":"<p>Chaud ou froid, paille ou couvercle : \u00e0 vous de choisir avec le gobelet Ocean d&#8217;ASOBU ! Con\u00e7u pour suivre chacune de vos gorg\u00e9es, ce gobelet polyvalent vous permet de passer facilement d&#8217;un caf\u00e9 chaud \u00e0 un rafra\u00eechissement froid gr\u00e2ce \u00e0 son double couvercle r\u00e9glable. <\/p>\n<p>Fabriqu\u00e9 en acier inoxydable \u00e0 double paroi et isol\u00e9 sous vide, le gobelet Ocean Tumbler garde les boissons chaudes pendant des heures ou fra\u00eeches toute la journ\u00e9e. La paille en silicone 100 % sans BPA, lavable au lave-vaisselle, permet de boire avec souplesse et dans le respect de l&#8217;environnement. Quelles que soient vos pr\u00e9f\u00e9rences en mati\u00e8re de boissons, surfez sur la vague avec un gobelet aussi adaptable que votre mode de vie.  <\/p>\n<p><strong>Ce produit est exempt de BPA et de plomb.<\/strong><\/p>\n","protected":false},"excerpt":{"rendered":"<p>Chaud ou froid, paille ou couvercle : \u00e0 vous de choisir avec le gobelet Ocean d&#8217;ASOBU ! Con\u00e7u pour suivre<\/p>\n","protected":false},"featured_media":32585,"comment_status":"closed","ping_status":"closed","template":"","meta":{"inventory_464_copy":"<p>[api_inventory]<\/p>\n"},"product_brand":[],"product_cat":[1600,210,2383,1893,2380,2618,1664],"product_tag":[1794,1672,1845,1688,1783,1577,2564,1725,371,1844,445,1626,226,1696,1621],"product-themes":[],"special":[],"class_list":{"0":"post-25822","1":"product","2":"type-product","3":"status-publish","4":"has-post-thumbnail","6":"product_cat-acier-inoxydable","7":"product_cat-bouteilles","8":"product_cat-inventaire-approfondi","9":"product_cat-meilleures-ventes","10":"product_cat-nouvel-arrivage","11":"product_cat-tous-les-produits","12":"product_cat-tritan-fr","13":"product_tag-banque-fr","14":"product_tag-bouteille-deau","15":"product_tag-cadeau-fr","16":"product_tag-camping-fr","17":"product_tag-chaud","18":"product_tag-froid","19":"product_tag-gift-fr","20":"product_tag-gobelet","21":"product_tag-isole","22":"product_tag-le-vide","23":"product_tag-mug-de-voyage","24":"product_tag-randonnee","25":"product_tag-revetement-en-cuivre-fr","26":"product_tag-sports-fr","27":"product_tag-vente-au-detail","28":"pa_color-blanc","29":"pa_color-noir","30":"pa_materials-acier-inoxydable","31":"pa_materials-tritan-fr","33":"first","34":"instock","35":"purchasable","36":"product-type-variable"},"_links":{"self":[{"href":"https:\/\/dev.adnart.com\/fr\/wp-json\/wp\/v2\/product\/25822","targetHints":{"allow":["GET"]}}],"collection":[{"href":"https:\/\/dev.adnart.com\/fr\/wp-json\/wp\/v2\/product"}],"about":[{"href":"https:\/\/dev.adnart.com\/fr\/wp-json\/wp\/v2\/types\/product"}],"replies":[{"embeddable":true,"href":"https:\/\/dev.adnart.com\/fr\/wp-json\/wp\/v2\/comments?post=25822"}],"version-history":[{"count":9,"href":"https:\/\/dev.adnart.com\/fr\/wp-json\/wp\/v2\/product\/25822\/revisions"}],"predecessor-version":[{"id":33715,"href":"https:\/\/dev.adnart.com\/fr\/wp-json\/wp\/v2\/product\/25822\/revisions\/33715"}],"wp:featuredmedia":[{"embeddable":true,"href":"https:\/\/dev.adnart.com\/fr\/wp-json\/wp\/v2\/media\/32585"}],"wp:attachment":[{"href":"https:\/\/dev.adnart.com\/fr\/wp-json\/wp\/v2\/media?parent=25822"}],"wp:term":[{"taxonomy":"product_brand","embeddable":true,"href":"https:\/\/dev.adnart.com\/fr\/wp-json\/wp\/v2\/product_brand?post=25822"},{"taxonomy":"product_cat","embeddable":true,"href":"https:\/\/dev.adnart.com\/fr\/wp-json\/wp\/v2\/product_cat?post=25822"},{"taxonomy":"product_tag","embeddable":true,"href":"https:\/\/dev.adnart.com\/fr\/wp-json\/wp\/v2\/product_tag?post=25822"},{"taxonomy":"product-themes","embeddable":true,"href":"https:\/\/dev.adnart.com\/fr\/wp-json\/wp\/v2\/product-themes?post=25822"},{"taxonomy":"special","embeddable":true,"href":"https:\/\/dev.adnart.com\/fr\/wp-json\/wp\/v2\/special?post=25822"}],"curies":[{"name":"wp","href":"https:\/\/api.w.org\/{rel}","templated":true}]}}