{"id":25816,"date":"2024-01-10T18:39:11","date_gmt":"2024-01-10T16:39:11","guid":{"rendered":"http:\/\/localhost\/adnartLatest\/shop\/non%20class\u00e9\/bouteille-deau-en-verre-asobu-inner-peace-gt50\/"},"modified":"2026-02-19T21:05:31","modified_gmt":"2026-02-19T19:05:31","slug":"17-oz-asobu-inner-peace-glass-water-bottle","status":"publish","type":"product","link":"https:\/\/dev.adnart.com\/fr\/produit\/17-oz-asobu-inner-peace-glass-water-bottle\/","title":{"rendered":"ASOBU Inner Peace &#8211; GT50"},"content":{"rendered":"<p>Vous voulez boire dans une bouteille en verre mais vous avez peur qu&#8217;elle se brise ? La <strong>bouteille en verre ASOBU Inner Peace<\/strong> est la solution. <\/p>\n<p>Con\u00e7ue dans un souci de durabilit\u00e9 et de s\u00e9curit\u00e9, cette bouteille innovante est dot\u00e9e d&#8217;une double paroi. La couche ext\u00e9rieure est fabriqu\u00e9e en Tritan\u2122 antichoc et r\u00e9sistant aux temp\u00e9ratures, tandis que la paroi int\u00e9rieure et le bec verseur sont en verre. Pour garantir une protection ultime, la paroi int\u00e9rieure en verre est enferm\u00e9e entre deux sections de silicone rembourr\u00e9es, la prot\u00e9geant ainsi des chocs violents et d&#8217;une \u00e9ventuelle casse.  <\/p>\n<p><strong>Ce produit est exempt de BPA et de plomb.<\/strong><\/p>\n<p><span style=\"color: #ff6600;\"><strong>Remarque : Seule la couleur Bourgogne [cat\u00e9gorie de couleur rouge] est disponible en stock jusqu&#8217;\u00e0 \u00e9puisement des stocks.<\/strong><\/span><\/p>\n<p>&nbsp;<\/p>\n<p>&nbsp;<\/p>\n<p>&nbsp;<\/p>\n","protected":false},"excerpt":{"rendered":"<p>Vous voulez boire dans une bouteille en verre mais vous avez peur qu&#8217;elle se brise ? La bouteille en verre<\/p>\n","protected":false},"featured_media":30243,"comment_status":"closed","ping_status":"closed","template":"","meta":{"inventory_464_copy":"<p>[api_inventory]<\/p>\n"},"product_brand":[],"product_cat":[210,2383,1893,2618,1664],"product_tag":[1714,301,1834,1840,1839,1835,1836,1838,1606,1837],"product-themes":[],"special":[],"class_list":{"0":"post-25816","1":"product","2":"type-product","3":"status-publish","4":"has-post-thumbnail","6":"product_cat-bouteilles","7":"product_cat-inventaire-approfondi","8":"product_cat-meilleures-ventes","9":"product_cat-tous-les-produits","10":"product_cat-tritan-fr","11":"product_tag-100-sans-bpa","12":"product_tag-couvercle-amovible","13":"product_tag-isolation-double-paroi","14":"product_tag-protecteur-de-base-en-silicone","15":"product_tag-protecteur-de-couvercle-en-silicone","16":"product_tag-resistant-a-la-condensation","17":"product_tag-resistant-aux-chocs","18":"product_tag-tritan-paroi-exterieure","19":"product_tag-verre","20":"product_tag-verre-protege","21":"pa_color-rouge-2","22":"pa_materials-tritan-fr","23":"pa_materials-tritan-verre","24":"pa_materials-verre","26":"first","27":"instock","28":"purchasable","29":"product-type-variable"},"_links":{"self":[{"href":"https:\/\/dev.adnart.com\/fr\/wp-json\/wp\/v2\/product\/25816","targetHints":{"allow":["GET"]}}],"collection":[{"href":"https:\/\/dev.adnart.com\/fr\/wp-json\/wp\/v2\/product"}],"about":[{"href":"https:\/\/dev.adnart.com\/fr\/wp-json\/wp\/v2\/types\/product"}],"replies":[{"embeddable":true,"href":"https:\/\/dev.adnart.com\/fr\/wp-json\/wp\/v2\/comments?post=25816"}],"version-history":[{"count":7,"href":"https:\/\/dev.adnart.com\/fr\/wp-json\/wp\/v2\/product\/25816\/revisions"}],"predecessor-version":[{"id":34657,"href":"https:\/\/dev.adnart.com\/fr\/wp-json\/wp\/v2\/product\/25816\/revisions\/34657"}],"wp:featuredmedia":[{"embeddable":true,"href":"https:\/\/dev.adnart.com\/fr\/wp-json\/wp\/v2\/media\/30243"}],"wp:attachment":[{"href":"https:\/\/dev.adnart.com\/fr\/wp-json\/wp\/v2\/media?parent=25816"}],"wp:term":[{"taxonomy":"product_brand","embeddable":true,"href":"https:\/\/dev.adnart.com\/fr\/wp-json\/wp\/v2\/product_brand?post=25816"},{"taxonomy":"product_cat","embeddable":true,"href":"https:\/\/dev.adnart.com\/fr\/wp-json\/wp\/v2\/product_cat?post=25816"},{"taxonomy":"product_tag","embeddable":true,"href":"https:\/\/dev.adnart.com\/fr\/wp-json\/wp\/v2\/product_tag?post=25816"},{"taxonomy":"product-themes","embeddable":true,"href":"https:\/\/dev.adnart.com\/fr\/wp-json\/wp\/v2\/product-themes?post=25816"},{"taxonomy":"special","embeddable":true,"href":"https:\/\/dev.adnart.com\/fr\/wp-json\/wp\/v2\/special?post=25816"}],"curies":[{"name":"wp","href":"https:\/\/api.w.org\/{rel}","templated":true}]}}