{"id":25805,"date":"2024-01-10T18:37:38","date_gmt":"2024-01-10T16:37:38","guid":{"rendered":"http:\/\/localhost\/adnartLatest\/shop\/non%20class\u00e9\/multi-can-cooler-combinaison-dun-gobelet-et-dune-glaciere-a-canettes-fc4g\/"},"modified":"2026-02-19T21:11:53","modified_gmt":"2026-02-19T19:11:53","slug":"20-oz-multi-can-cooler-tumbler-and-can-cooler-combination-fc4g","status":"publish","type":"product","link":"https:\/\/dev.adnart.com\/fr\/produit\/20-oz-multi-can-cooler-tumbler-and-can-cooler-combination-fc4g\/","title":{"rendered":"Glaci\u00e8re multi-canettes ASOBU &#8211; FC4G"},"content":{"rendered":"<p>La nouvelle glaci\u00e8re isol\u00e9e multi-canettes ASOBU est votre compagnon id\u00e9al pour garder vos canettes parfaitement au frais !<\/p>\n<p>Dot\u00e9e d&#8217;un manchon \u00e0 double paroi isol\u00e9 sous vide, cette glaci\u00e8re est accompagn\u00e9e d&#8217;un <em>couvercle multiadaptateur<\/em> innovant qui maintient fermement votre canette, garantissant qu&#8217;elle reste fra\u00eeche pendant que vous d\u00e9gustez votre boisson pr\u00e9f\u00e9r\u00e9e. Con\u00e7ue pour s&#8217;adapter aux canettes de bi\u00e8re et de boissons gazeuses standard de 354 ml, aux canettes fines comme les canettes White Claw\u00ae et Red Bull\u00ae de 12 oz, aux canettes de 16 oz, elle est parfaite pour toutes les occasions.    <\/p>\n<p>Qu&#8217;il s&#8217;agisse d&#8217;un seltz, d&#8217;un soda ou d&#8217;une bi\u00e8re, votre boisson restera glac\u00e9e pendant toute la dur\u00e9e de la f\u00eate. A l&#8217;int\u00e9rieur ou \u00e0 l&#8217;ext\u00e9rieur, le FC4G d&#8217;ASOBU maintient vos boissons \u00e0 la temp\u00e9rature id\u00e9ale pour un maximum de plaisir. <\/p>\n<p>Et voici un bonus : elle sert \u00e9galement de r\u00e9cipient \u00e0 boissons de 483 ml (17 oz), gardant les boissons chaudes ou froides pendant des heures. La glaci\u00e8re multi-canettes ASOBU a vraiment tout pour elle !  <\/p>\n<p><strong>Ce produit est exempt de BPA et de plomb.<\/strong><\/p>\n","protected":false},"excerpt":{"rendered":"<p>La nouvelle glaci\u00e8re isol\u00e9e multi-canettes ASOBU est votre compagnon id\u00e9al pour garder vos canettes parfaitement au frais ! Dot\u00e9e d&#8217;un<\/p>\n","protected":false},"featured_media":29327,"comment_status":"closed","ping_status":"closed","template":"","meta":{"inventory_464_copy":"<p>[api_inventory]<\/p>\n"},"product_brand":[],"product_cat":[1600,364,1893,2380,2618],"product_tag":[298,1764,1824,1828,1829,294,1825,2569,1822,1826,1823,1774,1730,1827,1830,1831,2581,1821],"product-themes":[],"special":[],"class_list":{"0":"post-25805","1":"product","2":"type-product","3":"status-publish","4":"has-post-thumbnail","6":"product_cat-acier-inoxydable","7":"product_cat-isolateur","8":"product_cat-meilleures-ventes","9":"product_cat-nouvel-arrivage","10":"product_cat-tous-les-produits","11":"product_tag-acier-inoxydable","12":"product_tag-biere","13":"product_tag-boite-de-conserve","14":"product_tag-brumate-fr","15":"product_tag-coca-cola-fr","16":"product_tag-couvercle-coulissant","17":"product_tag-double-action","18":"product_tag-double-wall-fr","19":"product_tag-en-toute-sincerite","20":"product_tag-grand-garcon","21":"product_tag-isolateur","22":"product_tag-lete","23":"product_tag-paille","24":"product_tag-rafraichisseur-de-canettes","25":"product_tag-redbull-fr","26":"product_tag-soda-fr","27":"product_tag-vacuum-insulated-fr","28":"product_tag-whiteclaw-fr","29":"pa_color-blanc","30":"pa_color-bleu-fr","31":"pa_color-noir","32":"pa_color-rose","33":"pa_color-sarcelle","34":"pa_materials-acier-inoxydable","36":"first","37":"instock","38":"purchasable","39":"product-type-variable"},"_links":{"self":[{"href":"https:\/\/dev.adnart.com\/fr\/wp-json\/wp\/v2\/product\/25805","targetHints":{"allow":["GET"]}}],"collection":[{"href":"https:\/\/dev.adnart.com\/fr\/wp-json\/wp\/v2\/product"}],"about":[{"href":"https:\/\/dev.adnart.com\/fr\/wp-json\/wp\/v2\/types\/product"}],"replies":[{"embeddable":true,"href":"https:\/\/dev.adnart.com\/fr\/wp-json\/wp\/v2\/comments?post=25805"}],"version-history":[{"count":5,"href":"https:\/\/dev.adnart.com\/fr\/wp-json\/wp\/v2\/product\/25805\/revisions"}],"predecessor-version":[{"id":32524,"href":"https:\/\/dev.adnart.com\/fr\/wp-json\/wp\/v2\/product\/25805\/revisions\/32524"}],"wp:featuredmedia":[{"embeddable":true,"href":"https:\/\/dev.adnart.com\/fr\/wp-json\/wp\/v2\/media\/29327"}],"wp:attachment":[{"href":"https:\/\/dev.adnart.com\/fr\/wp-json\/wp\/v2\/media?parent=25805"}],"wp:term":[{"taxonomy":"product_brand","embeddable":true,"href":"https:\/\/dev.adnart.com\/fr\/wp-json\/wp\/v2\/product_brand?post=25805"},{"taxonomy":"product_cat","embeddable":true,"href":"https:\/\/dev.adnart.com\/fr\/wp-json\/wp\/v2\/product_cat?post=25805"},{"taxonomy":"product_tag","embeddable":true,"href":"https:\/\/dev.adnart.com\/fr\/wp-json\/wp\/v2\/product_tag?post=25805"},{"taxonomy":"product-themes","embeddable":true,"href":"https:\/\/dev.adnart.com\/fr\/wp-json\/wp\/v2\/product-themes?post=25805"},{"taxonomy":"special","embeddable":true,"href":"https:\/\/dev.adnart.com\/fr\/wp-json\/wp\/v2\/special?post=25805"}],"curies":[{"name":"wp","href":"https:\/\/api.w.org\/{rel}","templated":true}]}}