{"id":25800,"date":"2024-01-10T18:36:30","date_gmt":"2024-01-10T16:36:30","guid":{"rendered":"http:\/\/localhost\/adnartLatest\/shop\/non%20class\u00e9\/isolateur-de-bouteille-asobu-frosty-beer-2-go-fc2g\/"},"modified":"2026-02-19T21:15:33","modified_gmt":"2026-02-19T19:15:33","slug":"asobu-frosty-beer-2-go-bottle-insulator-fc2g","status":"publish","type":"product","link":"https:\/\/dev.adnart.com\/fr\/produit\/asobu-frosty-beer-2-go-bottle-insulator-fc2g\/","title":{"rendered":"ASOBU Frosty Beer 2-Go\u2122 &#8211; FC2G"},"content":{"rendered":"<p>Le FC2G* Frosty Beer 2-Go\u2122, inspir\u00e9 par les amateurs de bi\u00e8re, est l&#8217;ultime &#8220;outil de refroidissement&#8221; pour garder votre bi\u00e8re pr\u00e9f\u00e9r\u00e9e bien fra\u00eeche. Dot\u00e9 d&#8217;une construction en acier inoxydable \u00e0 double paroi isol\u00e9e sous vide, il garantit que votre bi\u00e8re reste glac\u00e9e quelle que soit la temp\u00e9rature ext\u00e9rieure. <\/p>\n<p>Con\u00e7u pour s&#8217;adapter \u00e0 toutes les bouteilles de bi\u00e8re nord-am\u00e9ricaines, aux bouteilles europ\u00e9ennes et \u00e0 de nombreuses autres marques populaires, y compris Corona\u00ae, cet isolateur polyvalent s&#8217;adapte \u00e9galement parfaitement aux canettes de bi\u00e8re et aux canettes fines. De plus, il est livr\u00e9 avec deux d\u00e9capsuleurs pratiques, ce qui en fait le compagnon id\u00e9al de tout amateur de bi\u00e8re. Restez au frais et savourez votre bi\u00e8re pr\u00e9f\u00e9r\u00e9e, \u00e0 tout moment et en tout lieu !  <\/p>\n<p>*Brevet en instance<\/p>\n<p><strong>Ce produit est exempt de BPA et de plomb.<\/strong><\/p>\n","protected":false},"excerpt":{"rendered":"<p>Le FC2G* Frosty Beer 2-Go\u2122, inspir\u00e9 par les amateurs de bi\u00e8re, est l&#8217;ultime &#8220;outil de refroidissement&#8221; pour garder votre bi\u00e8re<\/p>\n","protected":false},"featured_media":29331,"comment_status":"closed","ping_status":"closed","template":"","meta":{"inventory_464_copy":"<p>[api_inventory]<\/p>\n"},"product_brand":[],"product_cat":[1600,365,2383,364,1575,1893,2618],"product_tag":[2577,2584,2585,2583,2582,2569,2580,2578,2579,2581],"product-themes":[],"special":[],"class_list":{"0":"post-25800","1":"product","2":"type-product","3":"status-publish","4":"has-post-thumbnail","6":"product_cat-acier-inoxydable","7":"product_cat-articles-de-bar","8":"product_cat-inventaire-approfondi","9":"product_cat-isolateur","10":"product_cat-isolateurs-et-articles-de-bar","11":"product_cat-meilleures-ventes","12":"product_cat-tous-les-produits","13":"product_tag-18-8-stainless-steel-fr","14":"product_tag-beer-bottle-holder-fr","15":"product_tag-beer-can-holder-fr","16":"product_tag-bottle-keeper-fr","17":"product_tag-can-opener-fr","18":"product_tag-double-wall-fr","19":"product_tag-keep-beverage-cold-fr","20":"product_tag-plastic-cover-fr","21":"product_tag-silicone-cover-fr","22":"product_tag-vacuum-insulated-fr","23":"pa_color-argent","24":"pa_color-bois","25":"pa_color-cuivre","26":"pa_color-noir","27":"pa_materials-acier-inoxydable","28":"pa_materials-caoutchouc-de-silicone","30":"first","31":"instock","32":"purchasable","33":"product-type-variable","34":"has-default-attributes"},"_links":{"self":[{"href":"https:\/\/dev.adnart.com\/fr\/wp-json\/wp\/v2\/product\/25800","targetHints":{"allow":["GET"]}}],"collection":[{"href":"https:\/\/dev.adnart.com\/fr\/wp-json\/wp\/v2\/product"}],"about":[{"href":"https:\/\/dev.adnart.com\/fr\/wp-json\/wp\/v2\/types\/product"}],"replies":[{"embeddable":true,"href":"https:\/\/dev.adnart.com\/fr\/wp-json\/wp\/v2\/comments?post=25800"}],"version-history":[{"count":5,"href":"https:\/\/dev.adnart.com\/fr\/wp-json\/wp\/v2\/product\/25800\/revisions"}],"predecessor-version":[{"id":33951,"href":"https:\/\/dev.adnart.com\/fr\/wp-json\/wp\/v2\/product\/25800\/revisions\/33951"}],"wp:featuredmedia":[{"embeddable":true,"href":"https:\/\/dev.adnart.com\/fr\/wp-json\/wp\/v2\/media\/29331"}],"wp:attachment":[{"href":"https:\/\/dev.adnart.com\/fr\/wp-json\/wp\/v2\/media?parent=25800"}],"wp:term":[{"taxonomy":"product_brand","embeddable":true,"href":"https:\/\/dev.adnart.com\/fr\/wp-json\/wp\/v2\/product_brand?post=25800"},{"taxonomy":"product_cat","embeddable":true,"href":"https:\/\/dev.adnart.com\/fr\/wp-json\/wp\/v2\/product_cat?post=25800"},{"taxonomy":"product_tag","embeddable":true,"href":"https:\/\/dev.adnart.com\/fr\/wp-json\/wp\/v2\/product_tag?post=25800"},{"taxonomy":"product-themes","embeddable":true,"href":"https:\/\/dev.adnart.com\/fr\/wp-json\/wp\/v2\/product-themes?post=25800"},{"taxonomy":"special","embeddable":true,"href":"https:\/\/dev.adnart.com\/fr\/wp-json\/wp\/v2\/special?post=25800"}],"curies":[{"name":"wp","href":"https:\/\/api.w.org\/{rel}","templated":true}]}}