{"id":25798,"date":"2024-01-10T16:35:28","date_gmt":"2024-01-10T16:35:28","guid":{"rendered":"http:\/\/localhost\/adnartLatest\/shop\/non%20class\u00e9\/flute-a-champagne-sans-pied-asobu-iridescent-dwg46\/"},"modified":"2026-02-12T16:04:04","modified_gmt":"2026-02-12T14:04:04","slug":"7-5-oz-asobu-iridescent-stemless-champagne-flute-dwg46","status":"publish","type":"product","link":"https:\/\/dev.adnart.com\/fr\/produit\/7-5-oz-asobu-iridescent-stemless-champagne-flute-dwg46\/","title":{"rendered":"Fl\u00fbte sans pied iris\u00e9e ASOBU &#8211; DWG46"},"content":{"rendered":"<p>Voici la nouvelle fl\u00fbte sans pied ASOBU, fabriqu\u00e9e en verre isolant durable et de premi\u00e8re qualit\u00e9. Sa double paroi permet d&#8217;\u00e9viter la condensation et de garder votre boisson fra\u00eeche. Son design \u00e9l\u00e9gant en fait la fl\u00fbte sans pied id\u00e9ale pour toute occasion sp\u00e9ciale.  <\/p>\n<p><strong>Ce produit est exempt de BPA et de plomb.<\/strong><\/p>\n","protected":false},"excerpt":{"rendered":"<p>Voici la nouvelle fl\u00fbte sans pied ASOBU, fabriqu\u00e9e en verre isolant durable et de premi\u00e8re qualit\u00e9. Sa double paroi permet<\/p>\n","protected":false},"featured_media":30247,"comment_status":"closed","ping_status":"closed","template":"","meta":{"inventory_464_copy":"<p>[api_inventory]<\/p>\n"},"product_brand":[],"product_cat":[365,2383,1893,2618,1594],"product_tag":[1768,1766,1807,1797,1769,2569,1801,1577,1802,1770,371,1767,1765,1738,1606],"product-themes":[],"special":[],"class_list":{"0":"post-25798","1":"product","2":"type-product","3":"status-publish","4":"has-post-thumbnail","6":"product_cat-articles-de-bar","7":"product_cat-inventaire-approfondi","8":"product_cat-meilleures-ventes","9":"product_cat-tous-les-produits","10":"product_cat-verrerie","11":"product_tag-alcool","12":"product_tag-boule-de-cristal","13":"product_tag-celebration-fr","14":"product_tag-champagne-fr","15":"product_tag-cocktail-fr","16":"product_tag-double-wall-fr","17":"product_tag-evenement","18":"product_tag-froid","19":"product_tag-gala-fr","20":"product_tag-irise","21":"product_tag-isole","22":"product_tag-lowball-fr","23":"product_tag-pinte","24":"product_tag-vacances-fr","25":"product_tag-verre","26":"pa_color-clair","27":"pa_materials-verre","29":"first","30":"instock","31":"purchasable","32":"product-type-simple"},"_links":{"self":[{"href":"https:\/\/dev.adnart.com\/fr\/wp-json\/wp\/v2\/product\/25798","targetHints":{"allow":["GET"]}}],"collection":[{"href":"https:\/\/dev.adnart.com\/fr\/wp-json\/wp\/v2\/product"}],"about":[{"href":"https:\/\/dev.adnart.com\/fr\/wp-json\/wp\/v2\/types\/product"}],"replies":[{"embeddable":true,"href":"https:\/\/dev.adnart.com\/fr\/wp-json\/wp\/v2\/comments?post=25798"}],"version-history":[{"count":7,"href":"https:\/\/dev.adnart.com\/fr\/wp-json\/wp\/v2\/product\/25798\/revisions"}],"predecessor-version":[{"id":33770,"href":"https:\/\/dev.adnart.com\/fr\/wp-json\/wp\/v2\/product\/25798\/revisions\/33770"}],"wp:featuredmedia":[{"embeddable":true,"href":"https:\/\/dev.adnart.com\/fr\/wp-json\/wp\/v2\/media\/30247"}],"wp:attachment":[{"href":"https:\/\/dev.adnart.com\/fr\/wp-json\/wp\/v2\/media?parent=25798"}],"wp:term":[{"taxonomy":"product_brand","embeddable":true,"href":"https:\/\/dev.adnart.com\/fr\/wp-json\/wp\/v2\/product_brand?post=25798"},{"taxonomy":"product_cat","embeddable":true,"href":"https:\/\/dev.adnart.com\/fr\/wp-json\/wp\/v2\/product_cat?post=25798"},{"taxonomy":"product_tag","embeddable":true,"href":"https:\/\/dev.adnart.com\/fr\/wp-json\/wp\/v2\/product_tag?post=25798"},{"taxonomy":"product-themes","embeddable":true,"href":"https:\/\/dev.adnart.com\/fr\/wp-json\/wp\/v2\/product-themes?post=25798"},{"taxonomy":"special","embeddable":true,"href":"https:\/\/dev.adnart.com\/fr\/wp-json\/wp\/v2\/special?post=25798"}],"curies":[{"name":"wp","href":"https:\/\/api.w.org\/{rel}","templated":true}]}}