{"id":25796,"date":"2024-01-10T16:35:03","date_gmt":"2024-01-10T16:35:03","guid":{"rendered":"http:\/\/localhost\/adnartLatest\/shop\/non%20class\u00e9\/verre-a-vin-sans-pied-asobu-iridescent-dwg44\/"},"modified":"2026-02-20T06:15:35","modified_gmt":"2026-02-20T04:15:35","slug":"12-oz-asobu-iridescent-stemless-wine-glass-dwg44","status":"publish","type":"product","link":"https:\/\/dev.adnart.com\/fr\/produit\/12-oz-asobu-iridescent-stemless-wine-glass-dwg44\/","title":{"rendered":"Verre sans pied ASOBU &#8211; DWG44"},"content":{"rendered":"<p><span data-sheets-root=\"1\">Voici le nouveau <strong>verre sans pied ASOBU<\/strong>, fabriqu\u00e9 en verre borosilicat\u00e9 durable et de qualit\u00e9 sup\u00e9rieure. Sa double paroi permet d&#8217;\u00e9viter la transpiration ou la condensation et de garder votre boisson froide ou chaude plus longtemps. Son design \u00e9l\u00e9gant en fait le verre \u00e0 pied id\u00e9al pour vos cocktails pr\u00e9f\u00e9r\u00e9s, votre vin et m\u00eame votre th\u00e9.   Ajoutez-en un \u00e0 votre maison ou \u00e0 votre bar, ou apportez-en un \u00e0 une occasion sp\u00e9ciale.  <\/span><\/p>\n<p><strong>Ce produit est exempt de BPA et de plomb.<\/strong><\/p>\n","protected":false},"excerpt":{"rendered":"<p>Voici le nouveau verre sans pied ASOBU, fabriqu\u00e9 en verre borosilicat\u00e9 durable et de qualit\u00e9 sup\u00e9rieure. Sa double paroi permet<\/p>\n","protected":false},"featured_media":30251,"comment_status":"closed","ping_status":"closed","template":"","meta":{"inventory_464_copy":"<p>[api_inventory]<\/p>\n"},"product_brand":[],"product_cat":[365,2383,1893,2618,1594],"product_tag":[1795,2571,1794,1797,1781,2569,1787,1793,1770,1578,1796,1791,1792,1621,1606],"product-themes":[],"special":[],"class_list":{"0":"post-25796","1":"product","2":"type-product","3":"status-publish","4":"has-post-thumbnail","6":"product_cat-articles-de-bar","7":"product_cat-inventaire-approfondi","8":"product_cat-meilleures-ventes","9":"product_cat-tous-les-produits","10":"product_cat-verrerie","11":"product_tag-articles-de-bar","12":"product_tag-award-fr","13":"product_tag-banque-fr","14":"product_tag-champagne-fr","15":"product_tag-coupe","16":"product_tag-double-wall-fr","17":"product_tag-employe","18":"product_tag-hotel-fr","19":"product_tag-irise","20":"product_tag-le-vin","21":"product_tag-moet-fr","22":"product_tag-reconnaissance","23":"product_tag-soiree","24":"product_tag-vente-au-detail","25":"product_tag-verre","26":"pa_color-clair","27":"pa_color-irise","28":"pa_materials-verre","30":"first","31":"instock","32":"purchasable","33":"product-type-simple"},"_links":{"self":[{"href":"https:\/\/dev.adnart.com\/fr\/wp-json\/wp\/v2\/product\/25796","targetHints":{"allow":["GET"]}}],"collection":[{"href":"https:\/\/dev.adnart.com\/fr\/wp-json\/wp\/v2\/product"}],"about":[{"href":"https:\/\/dev.adnart.com\/fr\/wp-json\/wp\/v2\/types\/product"}],"replies":[{"embeddable":true,"href":"https:\/\/dev.adnart.com\/fr\/wp-json\/wp\/v2\/comments?post=25796"}],"version-history":[{"count":7,"href":"https:\/\/dev.adnart.com\/fr\/wp-json\/wp\/v2\/product\/25796\/revisions"}],"predecessor-version":[{"id":35505,"href":"https:\/\/dev.adnart.com\/fr\/wp-json\/wp\/v2\/product\/25796\/revisions\/35505"}],"wp:featuredmedia":[{"embeddable":true,"href":"https:\/\/dev.adnart.com\/fr\/wp-json\/wp\/v2\/media\/30251"}],"wp:attachment":[{"href":"https:\/\/dev.adnart.com\/fr\/wp-json\/wp\/v2\/media?parent=25796"}],"wp:term":[{"taxonomy":"product_brand","embeddable":true,"href":"https:\/\/dev.adnart.com\/fr\/wp-json\/wp\/v2\/product_brand?post=25796"},{"taxonomy":"product_cat","embeddable":true,"href":"https:\/\/dev.adnart.com\/fr\/wp-json\/wp\/v2\/product_cat?post=25796"},{"taxonomy":"product_tag","embeddable":true,"href":"https:\/\/dev.adnart.com\/fr\/wp-json\/wp\/v2\/product_tag?post=25796"},{"taxonomy":"product-themes","embeddable":true,"href":"https:\/\/dev.adnart.com\/fr\/wp-json\/wp\/v2\/product-themes?post=25796"},{"taxonomy":"special","embeddable":true,"href":"https:\/\/dev.adnart.com\/fr\/wp-json\/wp\/v2\/special?post=25796"}],"curies":[{"name":"wp","href":"https:\/\/api.w.org\/{rel}","templated":true}]}}