{"id":25795,"date":"2024-01-10T16:34:49","date_gmt":"2024-01-10T16:34:49","guid":{"rendered":"http:\/\/localhost\/adnartLatest\/shop\/non%20class\u00e9\/tasse-a-cafe-en-verre-irise-asobu-dwg43\/"},"modified":"2026-02-20T06:18:34","modified_gmt":"2026-02-20T04:18:34","slug":"12-oz-asobu-iridescent-glass-coffee-mug-dwg43","status":"publish","type":"product","link":"https:\/\/dev.adnart.com\/fr\/produit\/12-oz-asobu-iridescent-glass-coffee-mug-dwg43\/","title":{"rendered":"Tasse \u00e0 caf\u00e9 en verre iris\u00e9 ASOBU &#8211; DWG43"},"content":{"rendered":"<p>Voici notre nouvelle<strong> tasse \u00e0 caf\u00e9 en verre ASOBU<\/strong>!<\/p>\n<p>Le DWG43 d&#8217;ASOBU est fabriqu\u00e9 en verre double paroi isol\u00e9, durable et de premi\u00e8re qualit\u00e9. Sa double paroi permet d&#8217;\u00e9viter la condensation et la transpiration tout en gardant votre caf\u00e9 et votre th\u00e9 chauds plus longtemps. Il est \u00e9galement parfait pour garder les boissons fra\u00eeches au frais. Son design \u00e9l\u00e9gant en fait la tasse \u00e0 caf\u00e9 id\u00e9ale pour la maison et le bureau. Passe au lave-vaisselle et au micro-ondes !<\/p>\n<p><strong>Ce produit est exempt de plomb et de BPA.<\/strong><\/p>\n","protected":false},"excerpt":{"rendered":"<p>Voici notre nouvelle tasse \u00e0 caf\u00e9 en verre ASOBU! Le DWG43 d&#8217;ASOBU est fabriqu\u00e9 en verre double paroi isol\u00e9, durable<\/p>\n","protected":false},"featured_media":30254,"comment_status":"closed","ping_status":"closed","template":"","meta":{"inventory_464_copy":"<p>[api_inventory]<\/p>\n"},"product_brand":[],"product_cat":[2383,1893,277,2618,1594],"product_tag":[1790,1786,2571,1788,1773,1789,1785,1783,1781,2569,1787,2565,1577,1770,371,1778,1782,444,1779,1780],"product-themes":[],"special":[],"class_list":{"0":"post-25795","1":"product","2":"type-product","3":"status-publish","4":"has-post-thumbnail","6":"product_cat-inventaire-approfondi","7":"product_cat-meilleures-ventes","8":"product_cat-mugs-fr","9":"product_cat-tous-les-produits","10":"product_cat-verrerie","11":"product_tag-accueil","12":"product_tag-appreciation-fr","13":"product_tag-award-fr","14":"product_tag-banque","15":"product_tag-bureau","16":"product_tag-bureau-fr","17":"product_tag-c-suite-fr","18":"product_tag-chaud","19":"product_tag-coupe","20":"product_tag-double-wall-fr","21":"product_tag-employe","22":"product_tag-executive-fr","23":"product_tag-froid","24":"product_tag-irise","25":"product_tag-isole","26":"product_tag-mug-en-verre","27":"product_tag-pas-de-sueur","28":"product_tag-tasse-a-cafe-fr","29":"product_tag-tasse-a-the","30":"product_tag-tasse-pour-la-vente-au-detail","31":"pa_color-clair","32":"pa_color-irise","33":"pa_materials-verre","35":"first","36":"instock","37":"purchasable","38":"product-type-simple"},"_links":{"self":[{"href":"https:\/\/dev.adnart.com\/fr\/wp-json\/wp\/v2\/product\/25795","targetHints":{"allow":["GET"]}}],"collection":[{"href":"https:\/\/dev.adnart.com\/fr\/wp-json\/wp\/v2\/product"}],"about":[{"href":"https:\/\/dev.adnart.com\/fr\/wp-json\/wp\/v2\/types\/product"}],"replies":[{"embeddable":true,"href":"https:\/\/dev.adnart.com\/fr\/wp-json\/wp\/v2\/comments?post=25795"}],"version-history":[{"count":3,"href":"https:\/\/dev.adnart.com\/fr\/wp-json\/wp\/v2\/product\/25795\/revisions"}],"predecessor-version":[{"id":34661,"href":"https:\/\/dev.adnart.com\/fr\/wp-json\/wp\/v2\/product\/25795\/revisions\/34661"}],"wp:featuredmedia":[{"embeddable":true,"href":"https:\/\/dev.adnart.com\/fr\/wp-json\/wp\/v2\/media\/30254"}],"wp:attachment":[{"href":"https:\/\/dev.adnart.com\/fr\/wp-json\/wp\/v2\/media?parent=25795"}],"wp:term":[{"taxonomy":"product_brand","embeddable":true,"href":"https:\/\/dev.adnart.com\/fr\/wp-json\/wp\/v2\/product_brand?post=25795"},{"taxonomy":"product_cat","embeddable":true,"href":"https:\/\/dev.adnart.com\/fr\/wp-json\/wp\/v2\/product_cat?post=25795"},{"taxonomy":"product_tag","embeddable":true,"href":"https:\/\/dev.adnart.com\/fr\/wp-json\/wp\/v2\/product_tag?post=25795"},{"taxonomy":"product-themes","embeddable":true,"href":"https:\/\/dev.adnart.com\/fr\/wp-json\/wp\/v2\/product-themes?post=25795"},{"taxonomy":"special","embeddable":true,"href":"https:\/\/dev.adnart.com\/fr\/wp-json\/wp\/v2\/special?post=25795"}],"curies":[{"name":"wp","href":"https:\/\/api.w.org\/{rel}","templated":true}]}}