{"id":25794,"date":"2024-01-10T16:34:49","date_gmt":"2024-01-10T16:34:49","guid":{"rendered":"http:\/\/localhost\/adnartLatest\/shop\/non%20class\u00e9\/verre-highball-asobu-iridescent-dwg42\/"},"modified":"2026-02-20T06:17:16","modified_gmt":"2026-02-20T04:17:16","slug":"18-oz-asobu-iridescent-highball-glass-dwg42","status":"publish","type":"product","link":"https:\/\/dev.adnart.com\/fr\/produit\/18-oz-asobu-iridescent-highball-glass-dwg42\/","title":{"rendered":"Verre Highball ASOBU &#8211; DWG42"},"content":{"rendered":"<p><span data-sheets-root=\"1\">Voici le nouveau <strong>verre Highball d&#8217;ASOBU<\/strong>, fabriqu\u00e9 en verre borosilicat\u00e9 durable et de premi\u00e8re qualit\u00e9. Sa double paroi permet d&#8217;\u00e9viter la transpiration ou la condensation et de garder votre boisson froide plus longtemps. Son design \u00e9l\u00e9gant en fait le verre Highball id\u00e9al pour votre bi\u00e8re, votre alcool ou vos cocktails pr\u00e9f\u00e9r\u00e9s.   Ajoutez-en un \u00e0 votre maison ou \u00e0 votre bar, ou apportez-en un \u00e0 une occasion sp\u00e9ciale.  <\/span><\/p>\n<p><strong>Ce produit est exempt de BPA.<\/strong><\/p>\n","protected":false},"excerpt":{"rendered":"<p>Voici le nouveau verre Highball d&#8217;ASOBU, fabriqu\u00e9 en verre borosilicat\u00e9 durable et de premi\u00e8re qualit\u00e9. Sa double paroi permet d&#8217;\u00e9viter<\/p>\n","protected":false},"featured_media":29944,"comment_status":"closed","ping_status":"closed","template":"","meta":{"inventory_464_copy":"<p>[api_inventory]<\/p>\n"},"product_brand":[],"product_cat":[365,2383,1893,2618,1594],"product_tag":[1768,2571,1775,1764,1766,1773,1769,2569,1577,1770,371,1774,1767,1776,1765,1771,441,1738,1606],"product-themes":[],"special":[],"class_list":{"0":"post-25794","1":"product","2":"type-product","3":"status-publish","4":"has-post-thumbnail","6":"product_cat-articles-de-bar","7":"product_cat-inventaire-approfondi","8":"product_cat-meilleures-ventes","9":"product_cat-tous-les-produits","10":"product_cat-verrerie","11":"product_tag-alcool","12":"product_tag-award-fr","13":"product_tag-barbecue-fr","14":"product_tag-biere","15":"product_tag-boule-de-cristal","16":"product_tag-bureau","17":"product_tag-cocktail-fr","18":"product_tag-double-wall-fr","19":"product_tag-froid","20":"product_tag-irise","21":"product_tag-isole","22":"product_tag-lete","23":"product_tag-lowball-fr","24":"product_tag-pas-de-condensation","25":"product_tag-pinte","26":"product_tag-stein-fr","27":"product_tag-tasse","28":"product_tag-vacances-fr","29":"product_tag-verre","30":"pa_color-clair","31":"pa_materials-verre","33":"first","34":"instock","35":"purchasable","36":"product-type-simple"},"_links":{"self":[{"href":"https:\/\/dev.adnart.com\/fr\/wp-json\/wp\/v2\/product\/25794","targetHints":{"allow":["GET"]}}],"collection":[{"href":"https:\/\/dev.adnart.com\/fr\/wp-json\/wp\/v2\/product"}],"about":[{"href":"https:\/\/dev.adnart.com\/fr\/wp-json\/wp\/v2\/types\/product"}],"replies":[{"embeddable":true,"href":"https:\/\/dev.adnart.com\/fr\/wp-json\/wp\/v2\/comments?post=25794"}],"version-history":[{"count":4,"href":"https:\/\/dev.adnart.com\/fr\/wp-json\/wp\/v2\/product\/25794\/revisions"}],"predecessor-version":[{"id":35506,"href":"https:\/\/dev.adnart.com\/fr\/wp-json\/wp\/v2\/product\/25794\/revisions\/35506"}],"wp:featuredmedia":[{"embeddable":true,"href":"https:\/\/dev.adnart.com\/fr\/wp-json\/wp\/v2\/media\/29944"}],"wp:attachment":[{"href":"https:\/\/dev.adnart.com\/fr\/wp-json\/wp\/v2\/media?parent=25794"}],"wp:term":[{"taxonomy":"product_brand","embeddable":true,"href":"https:\/\/dev.adnart.com\/fr\/wp-json\/wp\/v2\/product_brand?post=25794"},{"taxonomy":"product_cat","embeddable":true,"href":"https:\/\/dev.adnart.com\/fr\/wp-json\/wp\/v2\/product_cat?post=25794"},{"taxonomy":"product_tag","embeddable":true,"href":"https:\/\/dev.adnart.com\/fr\/wp-json\/wp\/v2\/product_tag?post=25794"},{"taxonomy":"product-themes","embeddable":true,"href":"https:\/\/dev.adnart.com\/fr\/wp-json\/wp\/v2\/product-themes?post=25794"},{"taxonomy":"special","embeddable":true,"href":"https:\/\/dev.adnart.com\/fr\/wp-json\/wp\/v2\/special?post=25794"}],"curies":[{"name":"wp","href":"https:\/\/api.w.org\/{rel}","templated":true}]}}