{"id":25782,"date":"2024-01-10T15:19:01","date_gmt":"2024-01-10T15:19:01","guid":{"rendered":"http:\/\/localhost\/adnartLatest\/shop\/non%20class\u00e9\/verre-a-biere-standard-pilsner-selection-dp823\/"},"modified":"2026-02-20T07:56:00","modified_gmt":"2026-02-20T05:56:00","slug":"23-oz-pilsner-selection-standard-pilsner-glass-screen-printed-dp823","status":"publish","type":"product","link":"https:\/\/dev.adnart.com\/fr\/produit\/23-oz-pilsner-selection-standard-pilsner-glass-screen-printed-dp823\/","title":{"rendered":"Pilsner Selection-DP823"},"content":{"rendered":"<p>Le DP823, \u00e9l\u00e9gant et classique, fait partie de notre gamme de verres \u00e0 bi\u00e8re de qualit\u00e9 Pilsner Selection. Ce g\u00e9n\u00e9reux verre de 690 ml (23 oz) est parfait pour servir votre bi\u00e8re blonde, artisanale, ou m\u00eame du jus de fruit ou de l&#8217;eau. Sa base robuste et arrondie lui conf\u00e8re une bonne stabilit\u00e9. Il s&#8217;agit sans aucun doute d&#8217;un excellent ajout \u00e0 tout pub, taverne, bar, service de nourriture et de boissons.   <\/p>\n<p><strong>Ce produit est exempt de BPA et de plomb.<\/strong><\/p>\n","protected":false},"excerpt":{"rendered":"<p>Le DP823, \u00e9l\u00e9gant et classique, fait partie de notre gamme de verres \u00e0 bi\u00e8re de qualit\u00e9 Pilsner Selection. Ce g\u00e9n\u00e9reux<\/p>\n","protected":false},"featured_media":28356,"comment_status":"closed","ping_status":"closed","template":"","meta":{"inventory_464_copy":"<p>[api_inventory]<\/p>\n"},"product_brand":[],"product_cat":[365,2618,1594],"product_tag":[1744,1747,1619,1614,1627,1616,2575,1601,1623,1597],"product-themes":[],"special":[],"class_list":{"0":"post-25782","1":"product","2":"type-product","3":"status-publish","4":"has-post-thumbnail","6":"product_cat-articles-de-bar","7":"product_cat-tous-les-produits","8":"product_cat-verrerie","9":"product_tag-2-oz-fr","10":"product_tag-59-ml-fr","11":"product_tag-base-ponderee","12":"product_tag-boissons","13":"product_tag-coup-dalcool","14":"product_tag-fond-epais","15":"product_tag-glassware-fr","16":"product_tag-porte-boissons","17":"product_tag-tireur-de-whisky","18":"product_tag-transparent-fr","19":"pa_color-clair","20":"pa_materials-verre","22":"first","23":"instock","24":"purchasable","25":"product-type-simple"},"_links":{"self":[{"href":"https:\/\/dev.adnart.com\/fr\/wp-json\/wp\/v2\/product\/25782","targetHints":{"allow":["GET"]}}],"collection":[{"href":"https:\/\/dev.adnart.com\/fr\/wp-json\/wp\/v2\/product"}],"about":[{"href":"https:\/\/dev.adnart.com\/fr\/wp-json\/wp\/v2\/types\/product"}],"replies":[{"embeddable":true,"href":"https:\/\/dev.adnart.com\/fr\/wp-json\/wp\/v2\/comments?post=25782"}],"version-history":[{"count":5,"href":"https:\/\/dev.adnart.com\/fr\/wp-json\/wp\/v2\/product\/25782\/revisions"}],"predecessor-version":[{"id":34070,"href":"https:\/\/dev.adnart.com\/fr\/wp-json\/wp\/v2\/product\/25782\/revisions\/34070"}],"wp:featuredmedia":[{"embeddable":true,"href":"https:\/\/dev.adnart.com\/fr\/wp-json\/wp\/v2\/media\/28356"}],"wp:attachment":[{"href":"https:\/\/dev.adnart.com\/fr\/wp-json\/wp\/v2\/media?parent=25782"}],"wp:term":[{"taxonomy":"product_brand","embeddable":true,"href":"https:\/\/dev.adnart.com\/fr\/wp-json\/wp\/v2\/product_brand?post=25782"},{"taxonomy":"product_cat","embeddable":true,"href":"https:\/\/dev.adnart.com\/fr\/wp-json\/wp\/v2\/product_cat?post=25782"},{"taxonomy":"product_tag","embeddable":true,"href":"https:\/\/dev.adnart.com\/fr\/wp-json\/wp\/v2\/product_tag?post=25782"},{"taxonomy":"product-themes","embeddable":true,"href":"https:\/\/dev.adnart.com\/fr\/wp-json\/wp\/v2\/product-themes?post=25782"},{"taxonomy":"special","embeddable":true,"href":"https:\/\/dev.adnart.com\/fr\/wp-json\/wp\/v2\/special?post=25782"}],"curies":[{"name":"wp","href":"https:\/\/api.w.org\/{rel}","templated":true}]}}