{"id":25747,"date":"2024-01-10T16:29:35","date_gmt":"2024-01-10T16:29:35","guid":{"rendered":"http:\/\/localhost\/adnartLatest\/shop\/non%20class\u00e9\/asobu-cafe-compact-bf22\/"},"modified":"2026-02-20T09:22:56","modified_gmt":"2026-02-20T07:22:56","slug":"bf22-product-variation","status":"publish","type":"product","link":"https:\/\/dev.adnart.com\/fr\/produit\/bf22-product-variation\/","title":{"rendered":"ASOBU Cafe Compact &#8211; BF22"},"content":{"rendered":"<p>&#8220;Le &#8220;&#8221;Caf\u00e9 Compact&#8221;&#8221; se positionne comme le gobelet parfait pour le bureau, la maison et la voiture, gr\u00e2ce \u00e0 sa poign\u00e9e confortable et facile \u00e0 saisir, ainsi qu&#8217;\u00e0 son couvercle rabattable. Il s&#8217;ajuste facilement \u00e0 tous les porte-gobelets standards, aux sacs \u00e0 main et aux sacs \u00e0 dos. Con\u00e7u en acier inoxydable \u00e0 double paroi et isol\u00e9 sous vide, ce gobelet maintient les boissons chaudes pendant jusqu&#8217;\u00e0 12 heures. Sa finition et ses c\u00f4t\u00e9s bossel\u00e9s offrent une prise en main optimale. La Caf\u00e9 Compact s&#8217;impose comme la tasse id\u00e9ale pour savourer son caf\u00e9 en d\u00e9placement ! &#8221; S&#8217;adapte \u00e0 tous les porte-gobelets standard, aux sacs \u00e0 main et aux sacs \u00e0 dos. Fabriqu\u00e9 en acier inoxydable \u00e0 double paroi, isol\u00e9 sous vide, il garde les boissons chaudes jusqu&#8217;\u00e0 12 heures. Finition mate et c\u00f4t\u00e9s bossel\u00e9s pour une bonne prise en main. La tasse Caf\u00e9 Compact est id\u00e9ale pour boire un caf\u00e9 en d\u00e9placement !<\/p>\n<p><strong>Ce produit est exempt de BPA et de plomb.<\/strong><\/p>\n","protected":false},"excerpt":{"rendered":"<p>&#8220;Le &#8220;&#8221;Caf\u00e9 Compact&#8221;&#8221; se positionne comme le gobelet parfait pour le bureau, la maison et la voiture, gr\u00e2ce \u00e0 sa<\/p>\n","protected":false},"featured_media":33787,"comment_status":"closed","ping_status":"closed","template":"","meta":{"inventory_464_copy":"<p>[api_inventory]<\/p>\n"},"product_brand":[],"product_cat":[2383,1893,325,2618],"product_tag":[],"product-themes":[],"special":[],"class_list":{"0":"post-25747","1":"product","2":"type-product","3":"status-publish","4":"has-post-thumbnail","6":"product_cat-inventaire-approfondi","7":"product_cat-meilleures-ventes","8":"product_cat-tasses","9":"product_cat-tous-les-produits","10":"pa_color-blanc","11":"pa_color-noir","12":"pa_materials-acier-inoxydable","14":"first","15":"instock","16":"purchasable","17":"product-type-variable"},"_links":{"self":[{"href":"https:\/\/dev.adnart.com\/fr\/wp-json\/wp\/v2\/product\/25747","targetHints":{"allow":["GET"]}}],"collection":[{"href":"https:\/\/dev.adnart.com\/fr\/wp-json\/wp\/v2\/product"}],"about":[{"href":"https:\/\/dev.adnart.com\/fr\/wp-json\/wp\/v2\/types\/product"}],"replies":[{"embeddable":true,"href":"https:\/\/dev.adnart.com\/fr\/wp-json\/wp\/v2\/comments?post=25747"}],"version-history":[{"count":3,"href":"https:\/\/dev.adnart.com\/fr\/wp-json\/wp\/v2\/product\/25747\/revisions"}],"predecessor-version":[{"id":33720,"href":"https:\/\/dev.adnart.com\/fr\/wp-json\/wp\/v2\/product\/25747\/revisions\/33720"}],"wp:featuredmedia":[{"embeddable":true,"href":"https:\/\/dev.adnart.com\/fr\/wp-json\/wp\/v2\/media\/33787"}],"wp:attachment":[{"href":"https:\/\/dev.adnart.com\/fr\/wp-json\/wp\/v2\/media?parent=25747"}],"wp:term":[{"taxonomy":"product_brand","embeddable":true,"href":"https:\/\/dev.adnart.com\/fr\/wp-json\/wp\/v2\/product_brand?post=25747"},{"taxonomy":"product_cat","embeddable":true,"href":"https:\/\/dev.adnart.com\/fr\/wp-json\/wp\/v2\/product_cat?post=25747"},{"taxonomy":"product_tag","embeddable":true,"href":"https:\/\/dev.adnart.com\/fr\/wp-json\/wp\/v2\/product_tag?post=25747"},{"taxonomy":"product-themes","embeddable":true,"href":"https:\/\/dev.adnart.com\/fr\/wp-json\/wp\/v2\/product-themes?post=25747"},{"taxonomy":"special","embeddable":true,"href":"https:\/\/dev.adnart.com\/fr\/wp-json\/wp\/v2\/special?post=25747"}],"curies":[{"name":"wp","href":"https:\/\/api.w.org\/{rel}","templated":true}]}}