{"id":25729,"date":"2024-01-10T15:19:01","date_gmt":"2024-01-10T15:19:01","guid":{"rendered":"http:\/\/localhost\/adnartLatest\/shop\/non%20class\u00e9\/verre-a-biere-tulipe-pilsner-selection-dp824\/"},"modified":"2026-02-20T07:42:54","modified_gmt":"2026-02-20T05:42:54","slug":"20-oz-pilsner-selection-tulip-beer-glass-dp824","status":"publish","type":"product","link":"https:\/\/dev.adnart.com\/fr\/produit\/20-oz-pilsner-selection-tulip-beer-glass-dp824\/","title":{"rendered":"Verre \u00e0 bi\u00e8re Tulipe Pilsner Selection &#8211; DP824"},"content":{"rendered":"<p>Le <strong>DP824<\/strong>, de forme polyvalente, fait partie de notre gamme de verres \u00e0 bi\u00e8re de qualit\u00e9 <em>Pilsner Selection<\/em>. Ce verre g\u00e9n\u00e9reux de 600 ml est parfait pour servir une grande vari\u00e9t\u00e9 de bi\u00e8res, de la bi\u00e8re brune \u00e0 la bi\u00e8re artisanale, ou m\u00eame du jus de fruit ou de l&#8217;eau. Gr\u00e2ce \u00e0 sa taille et \u00e0 sa forme, le Tulip DP824 est un excellent compl\u00e9ment \u00e0 tout pub, taverne, bar, service de restauration et de boissons.  <\/p>\n<p><strong>Ce produit est exempt de BPA et de plomb.<\/strong><\/p>\n<p>&nbsp;<\/p>\n<p>&nbsp;<\/p>\n","protected":false},"excerpt":{"rendered":"<p>Le DP824, de forme polyvalente, fait partie de notre gamme de verres \u00e0 bi\u00e8re de qualit\u00e9 Pilsner Selection. Ce verre<\/p>\n","protected":false},"featured_media":28360,"comment_status":"closed","ping_status":"closed","template":"","meta":{"inventory_464_copy":"<p>[api_inventory]<\/p>\n"},"product_brand":[],"product_cat":[365,1893,2618,1594],"product_tag":[1630,1631,1619,1614,1633,1627,1616,2575,1601,1623,1597],"product-themes":[],"special":[],"class_list":{"0":"post-25729","1":"product","2":"type-product","3":"status-publish","4":"has-post-thumbnail","6":"product_cat-articles-de-bar","7":"product_cat-meilleures-ventes","8":"product_cat-tous-les-produits","9":"product_cat-verrerie","10":"product_tag-2-5-oz-fr","11":"product_tag-75-ml-fr","12":"product_tag-base-ponderee","13":"product_tag-boissons","14":"product_tag-carre","15":"product_tag-coup-dalcool","16":"product_tag-fond-epais","17":"product_tag-glassware-fr","18":"product_tag-porte-boissons","19":"product_tag-tireur-de-whisky","20":"product_tag-transparent-fr","21":"pa_color-clair","22":"pa_materials-verre","24":"first","25":"instock","26":"purchasable","27":"product-type-simple"},"_links":{"self":[{"href":"https:\/\/dev.adnart.com\/fr\/wp-json\/wp\/v2\/product\/25729","targetHints":{"allow":["GET"]}}],"collection":[{"href":"https:\/\/dev.adnart.com\/fr\/wp-json\/wp\/v2\/product"}],"about":[{"href":"https:\/\/dev.adnart.com\/fr\/wp-json\/wp\/v2\/types\/product"}],"replies":[{"embeddable":true,"href":"https:\/\/dev.adnart.com\/fr\/wp-json\/wp\/v2\/comments?post=25729"}],"version-history":[{"count":5,"href":"https:\/\/dev.adnart.com\/fr\/wp-json\/wp\/v2\/product\/25729\/revisions"}],"predecessor-version":[{"id":34068,"href":"https:\/\/dev.adnart.com\/fr\/wp-json\/wp\/v2\/product\/25729\/revisions\/34068"}],"wp:featuredmedia":[{"embeddable":true,"href":"https:\/\/dev.adnart.com\/fr\/wp-json\/wp\/v2\/media\/28360"}],"wp:attachment":[{"href":"https:\/\/dev.adnart.com\/fr\/wp-json\/wp\/v2\/media?parent=25729"}],"wp:term":[{"taxonomy":"product_brand","embeddable":true,"href":"https:\/\/dev.adnart.com\/fr\/wp-json\/wp\/v2\/product_brand?post=25729"},{"taxonomy":"product_cat","embeddable":true,"href":"https:\/\/dev.adnart.com\/fr\/wp-json\/wp\/v2\/product_cat?post=25729"},{"taxonomy":"product_tag","embeddable":true,"href":"https:\/\/dev.adnart.com\/fr\/wp-json\/wp\/v2\/product_tag?post=25729"},{"taxonomy":"product-themes","embeddable":true,"href":"https:\/\/dev.adnart.com\/fr\/wp-json\/wp\/v2\/product-themes?post=25729"},{"taxonomy":"special","embeddable":true,"href":"https:\/\/dev.adnart.com\/fr\/wp-json\/wp\/v2\/special?post=25729"}],"curies":[{"name":"wp","href":"https:\/\/api.w.org\/{rel}","templated":true}]}}